{"id":22147,"date":"2025-07-13T16:28:08","date_gmt":"2025-07-13T14:28:08","guid":{"rendered":"https:\/\/www.billigtrikotde.com\/?post_type=product&#038;p=22147"},"modified":"2025-07-13T16:28:09","modified_gmt":"2025-07-13T14:28:09","slug":"manchester-city-ruben-dias-heimtrikot-kinder-2025-26-fussball-trikotsatz","status":"publish","type":"product","link":"https:\/\/www.billigtrikotde.com\/hr\/manchester-city-ruben-dias-heimtrikot-kinder-2025-26-fussball-trikotsatz\/","title":{"rendered":"Manchester City Ruben Dias #3 Ku\u0107ni dres Djeca 2025-26 Komplet dresova za nogomet"},"content":{"rendered":"<p>Manchester City Ruben Dias Doma\u0107i dres za djecu 2025-26 nogometni komplet dresova. Po prvi put u povijesti kluba, Manchester City FC 2025\/26 mu\u0161ki doma\u0107i dres s izra\u017eenim dizajnom o\u0161trenja i ikoni\u010dnom nebesko plavom bojom reinterpretiran je na novi na\u010din. To je hommage legendarnim gostuju\u0107im dresovima pro\u0161losti i simbol jedinstvenog duha kluba. Ovaj doma\u0107i dres spaja tradiciju s inovacijom i slavi povijest Cityja s dijagonalnim prugama, istovremeno hrabro gledaju\u0107i u budu\u0107nost. Dizajniran je za udobnost i performanse, izra\u0111en od laganog materijala ULTRAWEAVE i tehnologije dryCELL koja odvodi znoj i odr\u017eava vas hladnim na terenu i izvan njega.<\/p>\n<p>Savjeti za ispis: Ako ime i broj na slici to\u010dno odgovaraju va\u0161im \u017eeljama, ne morate ih ponovno unositi. Ako ne, unesite \u017eeljeno ime i broj.<\/p>\n<p>Savjeti za pranje: Preporu\u010duje se ru\u010dno pranje nogometnih dresova. Ako \u017eelite koristiti perilicu, sjetite se okrenuti dresove naopako prije pranja. Napunite perilicu hladnom vodom i koristite program za osjetljive tkanine kako biste bolje za\u0161titili boje.<\/p>","protected":false},"excerpt":{"rendered":"<p>Manchester City Ruben Dias Ku\u0107ni dres za djecu 2025-26 nogometni komplet dresova. Po prvi put u povijesti kluba, mu\u0161ki ku\u0107ni dres Manchester City FC 2025\/26 s izra\u017eenim dizajnom i ikoni\u010dnim nebesko plavim bojama reinterpretiran je. To je hommage legendarnim gostuju\u0107im dresovima pro\u0161losti i simbol jedinstvenog duha kluba. Ovaj ku\u0107ni dres spaja tradiciju s [\u2026]<\/p>","protected":false},"featured_media":22149,"comment_status":"open","ping_status":"closed","template":"","meta":[],"product_brand":[],"product_cat":[144],"product_tag":[1537,1536],"class_list":{"0":"post-22147","1":"product","2":"type-product","3":"status-publish","4":"has-post-thumbnail","6":"product_cat-manchester-city-kindertrikot","7":"product_tag-guenstige-ruben-dias-trikot-kinder","8":"product_tag-ruben-dias-trikot-kinder-kaufen","10":"first","11":"instock","12":"shipping-taxable","13":"purchasable","14":"product-type-variable"},"_links":{"self":[{"href":"https:\/\/www.billigtrikotde.com\/hr\/wp-json\/wp\/v2\/product\/22147","targetHints":{"allow":["GET"]}}],"collection":[{"href":"https:\/\/www.billigtrikotde.com\/hr\/wp-json\/wp\/v2\/product"}],"about":[{"href":"https:\/\/www.billigtrikotde.com\/hr\/wp-json\/wp\/v2\/types\/product"}],"replies":[{"embeddable":true,"href":"https:\/\/www.billigtrikotde.com\/hr\/wp-json\/wp\/v2\/comments?post=22147"}],"wp:featuredmedia":[{"embeddable":true,"href":"https:\/\/www.billigtrikotde.com\/hr\/wp-json\/wp\/v2\/media\/22149"}],"wp:attachment":[{"href":"https:\/\/www.billigtrikotde.com\/hr\/wp-json\/wp\/v2\/media?parent=22147"}],"wp:term":[{"taxonomy":"product_brand","embeddable":true,"href":"https:\/\/www.billigtrikotde.com\/hr\/wp-json\/wp\/v2\/product_brand?post=22147"},{"taxonomy":"product_cat","embeddable":true,"href":"https:\/\/www.billigtrikotde.com\/hr\/wp-json\/wp\/v2\/product_cat?post=22147"},{"taxonomy":"product_tag","embeddable":true,"href":"https:\/\/www.billigtrikotde.com\/hr\/wp-json\/wp\/v2\/product_tag?post=22147"}],"curies":[{"name":"wp","href":"https:\/\/api.w.org\/{rel}","templated":true}]}}