{"id":2207,"date":"2024-10-23T14:04:41","date_gmt":"2024-10-23T12:04:41","guid":{"rendered":"http:\/\/billigtrikots.com\/?post_type=product&#038;p=2207"},"modified":"2024-10-23T14:06:15","modified_gmt":"2024-10-23T12:06:15","slug":"marcelo-brozovic-77-inter-mailand-2022-home-fussballtrikot-set","status":"publish","type":"product","link":"https:\/\/www.billigtrikotde.com\/hr\/marcelo-brozovic-77-inter-mailand-2022-home-fussballtrikot-set\/","title":{"rendered":"Marcelo Brozovi\u0107 #77 Inter Milan 2022 Doma\u0107i nogometni dres-set"},"content":{"rendered":"<p>Podr\u017ei svoj tim kao 12. igra\u010d s vrlo udobnim modelom u plavoj boji. Nike je s ovim dresom stvorio zaista izvrsan proizvod. Te\u0161ko je prona\u0107i bolju fantaziju! S ovim doma\u0107im dresom Inter Mailanda pro\u0161irit \u0107e\u0161 svoju kolekciju navija\u010dkih artikala za komad poput onoga koji nose igra\u010di u Serie A. Preporu\u010dujemo ovaj udoban, odvode\u0107i znoj i prozra\u010dan model s ugodnim osje\u0107ajem pri no\u0161enju. Vizualno se isti\u010de s grbom kluba na prsima. Tako \u0107e\u0161 biti jo\u0161 u\u010dinkovitiji i mo\u0107i dati sve u svakoj utakmici.<\/p>","protected":false},"excerpt":{"rendered":"<p>Podr\u017ei svoj tim kao 12. igra\u010d s super udobnim modelom u plavoj boji. Nike je s dresom stvorio zaista izvrsan proizvod. Te\u0161ko je prona\u0107i vi\u0161e fanatizma! S ovim doma\u0107im dresom Inter Mailanda pro\u0161irit \u0107e\u0161 svoju kolekciju fanova za artikl poput onoga koji nose igra\u010di u Serie A. Preporu\u010dujemo ovaj udoban, odvode\u0107i znoj i prozra\u010dan model [\u2026]<\/p>","protected":false},"featured_media":2238,"comment_status":"open","ping_status":"closed","template":"","meta":[],"product_brand":[],"product_cat":[77],"product_tag":[20,21,22,23,54,24,78],"class_list":{"0":"post-2207","1":"product","2":"type-product","3":"status-publish","4":"has-post-thumbnail","6":"product_cat-inter-milan","7":"product_tag-coole-fussballtrikots","8":"product_tag-fussballtrikot-fuer-herren","9":"product_tag-fussballtrikot-guenstig-kaufen","10":"product_tag-fussballtrikot-kurzarm","11":"product_tag-fussballtrikot-set","12":"product_tag-guenstiges-fussballtrikot","13":"product_tag-inter-milan-trikots","15":"first","16":"instock","17":"shipping-taxable","18":"purchasable","19":"product-type-variable"},"_links":{"self":[{"href":"https:\/\/www.billigtrikotde.com\/hr\/wp-json\/wp\/v2\/product\/2207","targetHints":{"allow":["GET"]}}],"collection":[{"href":"https:\/\/www.billigtrikotde.com\/hr\/wp-json\/wp\/v2\/product"}],"about":[{"href":"https:\/\/www.billigtrikotde.com\/hr\/wp-json\/wp\/v2\/types\/product"}],"replies":[{"embeddable":true,"href":"https:\/\/www.billigtrikotde.com\/hr\/wp-json\/wp\/v2\/comments?post=2207"}],"wp:featuredmedia":[{"embeddable":true,"href":"https:\/\/www.billigtrikotde.com\/hr\/wp-json\/wp\/v2\/media\/2238"}],"wp:attachment":[{"href":"https:\/\/www.billigtrikotde.com\/hr\/wp-json\/wp\/v2\/media?parent=2207"}],"wp:term":[{"taxonomy":"product_brand","embeddable":true,"href":"https:\/\/www.billigtrikotde.com\/hr\/wp-json\/wp\/v2\/product_brand?post=2207"},{"taxonomy":"product_cat","embeddable":true,"href":"https:\/\/www.billigtrikotde.com\/hr\/wp-json\/wp\/v2\/product_cat?post=2207"},{"taxonomy":"product_tag","embeddable":true,"href":"https:\/\/www.billigtrikotde.com\/hr\/wp-json\/wp\/v2\/product_tag?post=2207"}],"curies":[{"name":"wp","href":"https:\/\/api.w.org\/{rel}","templated":true}]}}