{"id":22048,"date":"2025-05-30T15:24:56","date_gmt":"2025-05-30T13:24:56","guid":{"rendered":"https:\/\/www.billigtrikotde.com\/?post_type=product&#038;p=22048"},"modified":"2025-05-30T16:07:27","modified_gmt":"2025-05-30T14:07:27","slug":"chelsea-moises-caicedo-25-auswaertstrikot-kinder-2024-25-fussball-trikotsatz","status":"publish","type":"product","link":"https:\/\/www.billigtrikotde.com\/hr\/chelsea-moises-caicedo-25-auswaertstrikot-kinder-2024-25-fussball-trikotsatz\/","title":{"rendered":"Chelsea Moises Caicedo #25 gostuju\u0107i dres djeca 2024-25 nogometni komplet dresova"},"content":{"rendered":"<h3><strong>Chelsea Moises Caicedo #25 gostuju\u0107i dres djeca 2024-25 nogometni komplet dresova<\/strong><\/h3>\n<p>Savjeti za ispis: Ako ime i broj na slici to\u010dno odgovaraju va\u0161im \u017eeljama, ne morate ih ponovno unositi. Ako ne, unesite \u017eeljeno ime i broj.<\/p>\n<p>Savjeti za pranje: Preporu\u010duje se ru\u010dno pranje nogometnih dresova. Ako \u017eelite koristiti perilicu, sjetite se okrenuti dresove naopako prije pranja. Napunite perilicu hladnom vodom i koristite program za osjetljive tkanine kako biste bolje za\u0161titili boje.<\/p>","protected":false},"excerpt":{"rendered":"<p>Chelsea Moises Caicedo #25 3. dres za djecu 2024-25 komplet za nogometne dresove Savjeti za ispis: Ako se ime i broj na slici to\u010dno podudaraju s va\u0161im \u017eeljama, ne morate ih ponovno unositi. Ako ne, trebali biste unijeti svoje \u017eeljeno ime i broj. Savjeti za pranje: preporu\u010duje se ru\u010dno pranje nogometnih dresova. Kada [\u2026]<\/p>","protected":false},"featured_media":22050,"comment_status":"open","ping_status":"closed","template":"","meta":[],"product_brand":[],"product_cat":[162],"product_tag":[20,831,832,163,1285,24,94,1286,1517],"class_list":{"0":"post-22048","1":"product","2":"type-product","3":"status-publish","4":"has-post-thumbnail","6":"product_cat-chelsea-kindertrikot","7":"product_tag-coole-fussballtrikots","8":"product_tag-chelsea-fussballtrikots-kinder","9":"product_tag-chelsea-trikot-fuer-kinder","10":"product_tag-chelsea-trikotsatz-fuer-kinder","11":"product_tag-guenstige-moises-caicedo-trikot-kinder","12":"product_tag-guenstiges-fussballtrikot","13":"product_tag-kinder-fussball-trikotsatz","14":"product_tag-moises-caicedo-trikot-kinder-kaufen","15":"product_tag-moises-caicedo-trikots","17":"first","18":"instock","19":"shipping-taxable","20":"purchasable","21":"product-type-variable"},"_links":{"self":[{"href":"https:\/\/www.billigtrikotde.com\/hr\/wp-json\/wp\/v2\/product\/22048","targetHints":{"allow":["GET"]}}],"collection":[{"href":"https:\/\/www.billigtrikotde.com\/hr\/wp-json\/wp\/v2\/product"}],"about":[{"href":"https:\/\/www.billigtrikotde.com\/hr\/wp-json\/wp\/v2\/types\/product"}],"replies":[{"embeddable":true,"href":"https:\/\/www.billigtrikotde.com\/hr\/wp-json\/wp\/v2\/comments?post=22048"}],"wp:featuredmedia":[{"embeddable":true,"href":"https:\/\/www.billigtrikotde.com\/hr\/wp-json\/wp\/v2\/media\/22050"}],"wp:attachment":[{"href":"https:\/\/www.billigtrikotde.com\/hr\/wp-json\/wp\/v2\/media?parent=22048"}],"wp:term":[{"taxonomy":"product_brand","embeddable":true,"href":"https:\/\/www.billigtrikotde.com\/hr\/wp-json\/wp\/v2\/product_brand?post=22048"},{"taxonomy":"product_cat","embeddable":true,"href":"https:\/\/www.billigtrikotde.com\/hr\/wp-json\/wp\/v2\/product_cat?post=22048"},{"taxonomy":"product_tag","embeddable":true,"href":"https:\/\/www.billigtrikotde.com\/hr\/wp-json\/wp\/v2\/product_tag?post=22048"}],"curies":[{"name":"wp","href":"https:\/\/api.w.org\/{rel}","templated":true}]}}