{"id":21986,"date":"2025-05-30T16:12:44","date_gmt":"2025-05-30T14:12:44","guid":{"rendered":"https:\/\/www.billigtrikotde.com\/?post_type=product&#038;p=21986"},"modified":"2025-06-11T13:55:46","modified_gmt":"2025-06-11T11:55:46","slug":"guenstige-manchester-united-trikot-andre-onana-24-torwart-3rd-trikot-kinder","status":"publish","type":"product","link":"https:\/\/www.billigtrikotde.com\/hr\/guenstige-manchester-united-trikot-andre-onana-24-torwart-3rd-trikot-kinder\/","title":{"rendered":"Manchester United povoljna Andre Onana #24 tre\u0107a trenerka za golmana za djecu 2024-25"},"content":{"rendered":"<h3>Povoljan Manchester United dres Andre Onana #24 vratarski tre\u0107i dres djeca 2024-25<\/h3>\n<p>Savjeti za ispis: Ako ime i broj na slici to\u010dno odgovaraju va\u0161im \u017eeljama, ne morate ih ponovno unositi. Ako ne, unesite \u017eeljeno ime i broj.<br \/>\nSavjeti za pranje: Preporu\u010duje se ru\u010dno pranje nogometnih dresova. Ako \u017eelite koristiti perilicu, sjetite se okrenuti dresove naopako prije pranja. Napunite perilicu hladnom vodom i koristite program za osjetljive tkanine kako biste bolje za\u0161titili boje.<\/p>","protected":false},"excerpt":{"rendered":"<p>Jeftini Manchester United dres Andre Onana #24 Vratar 3rd dres Djeca 2024-25 Savjeti za tiskanje: Ako ime i broj na slici to\u010dno odgovaraju va\u0161im \u017eeljama, ne morate ih ponovo unositi. Ako ne, trebali biste unijeti \u017eeljeno ime i broj. Savjeti za pranje: Preporu\u010duje se ru\u010dno pranje nogometnih dresova. Ako [\u2026]<\/p>","protected":false},"featured_media":21988,"comment_status":"open","ping_status":"closed","template":"","meta":[],"product_brand":[],"product_cat":[140],"product_tag":[1506,1507,1504,1505],"class_list":{"0":"post-21986","1":"product","2":"type-product","3":"status-publish","4":"has-post-thumbnail","6":"product_cat-manchester-united-kindertrikot","7":"product_tag-andre-onana-trikot-kinder-kaufen","8":"product_tag-guenstige-andre-onana-trikot-kinder","9":"product_tag-guenstige-manchester-united-torwarttrikot-kinder","10":"product_tag-manchester-united-torwartbekleidung-fussball-kinder","12":"first","13":"instock","14":"shipping-taxable","15":"purchasable","16":"product-type-variable"},"_links":{"self":[{"href":"https:\/\/www.billigtrikotde.com\/hr\/wp-json\/wp\/v2\/product\/21986","targetHints":{"allow":["GET"]}}],"collection":[{"href":"https:\/\/www.billigtrikotde.com\/hr\/wp-json\/wp\/v2\/product"}],"about":[{"href":"https:\/\/www.billigtrikotde.com\/hr\/wp-json\/wp\/v2\/types\/product"}],"replies":[{"embeddable":true,"href":"https:\/\/www.billigtrikotde.com\/hr\/wp-json\/wp\/v2\/comments?post=21986"}],"wp:featuredmedia":[{"embeddable":true,"href":"https:\/\/www.billigtrikotde.com\/hr\/wp-json\/wp\/v2\/media\/21988"}],"wp:attachment":[{"href":"https:\/\/www.billigtrikotde.com\/hr\/wp-json\/wp\/v2\/media?parent=21986"}],"wp:term":[{"taxonomy":"product_brand","embeddable":true,"href":"https:\/\/www.billigtrikotde.com\/hr\/wp-json\/wp\/v2\/product_brand?post=21986"},{"taxonomy":"product_cat","embeddable":true,"href":"https:\/\/www.billigtrikotde.com\/hr\/wp-json\/wp\/v2\/product_cat?post=21986"},{"taxonomy":"product_tag","embeddable":true,"href":"https:\/\/www.billigtrikotde.com\/hr\/wp-json\/wp\/v2\/product_tag?post=21986"}],"curies":[{"name":"wp","href":"https:\/\/api.w.org\/{rel}","templated":true}]}}