{"id":21907,"date":"2025-05-17T15:45:03","date_gmt":"2025-05-17T13:45:03","guid":{"rendered":"https:\/\/www.billigtrikotde.com\/?post_type=product&#038;p=21907"},"modified":"2025-05-21T15:30:51","modified_gmt":"2025-05-21T13:30:51","slug":"manchester-city-heim-trikotsatz-2025-26-blau-fussballtrikots","status":"publish","type":"product","link":"https:\/\/www.billigtrikotde.com\/hr\/manchester-city-heim-trikotsatz-2025-26-blau-fussballtrikots\/","title":{"rendered":"Manchester City doma\u0107i set majica 2025-26 nogometnih majica"},"content":{"rendered":"<h3>Manchester City doma\u0107i set majica 2025-26 nogometnih majica<\/h3>\n<p>Po prvi put u povijesti kluba, ku\u0107ni dres Manchester City FC 2025\/26 za mu\u0161karce ponovo je interpretiran s izra\u017eenim o\u0161trim dizajnom i ikoni\u010dnom baby-plavom bojom. To je odavanje po\u010dasti legendarnih gostuju\u0107ih dresova pro\u0161losti i simbol jedinstvenog duha kluba. Ovaj ku\u0107ni dres spaja tradiciju s inovacijom i slavi diagonali prugom povijest Cityja te istodobno hrabro gleda prema budu\u0107nosti. Namijenjen je udobnosti i v\u00fdkonu te se sastoji od laganog materijala ULTRAWEAVE i tehnologije dryCELL koja odvla\u010di znoj i odr\u017eava vas hladnima na terenu i izvan njega.<\/p>\n<p>Savjeti za ispis: Ako ime i broj na slici to\u010dno odgovaraju va\u0161im \u017eeljama, ne morate ih ponovno unositi. Ako ne, unesite \u017eeljeno ime i broj.<\/p>\n<p>Savjeti za pranje: Preporu\u010duje se ru\u010dno pranje nogometnih dresova. Ako \u017eelite koristiti perilicu, sjetite se okrenuti dresove naopako prije pranja. Napunite perilicu hladnom vodom i koristite program za osjetljive tkanine kako biste bolje za\u0161titili boje.<\/p>","protected":false},"excerpt":{"rendered":"<p>Manchester City Heim Trikotsatz 2025-26 Blau Fu\u00dfballtrikots Zum ersten Mal in der Vereinsgeschichte wurde das Manchester City FC 2025\/26 Herren-Heimtrikot mit einem markanten Sch\u00e4rpendesign und dem ikonischen Himmelblau neu interpretiert. Es ist eine Hommage an die legend\u00e4ren Ausw\u00e4rtstrikots der Vergangenheit und ein Symbol f\u00fcr den einzigartigen Geist des Vereins. Dieses Heimtrikot verbindet Tradition mit Innovation [&hellip;]<\/p>","protected":false},"featured_media":21909,"comment_status":"open","ping_status":"closed","template":"","meta":[],"product_brand":[],"product_cat":[82],"product_tag":[20,574,21,22,23,24,1311,84],"class_list":{"0":"post-21907","1":"product","2":"type-product","3":"status-publish","4":"has-post-thumbnail","6":"product_cat-manchester-city","7":"product_tag-coole-fussballtrikots","8":"product_tag-fussballtrikot-deutschland","9":"product_tag-fussballtrikot-fuer-herren","10":"product_tag-fussballtrikot-guenstig-kaufen","11":"product_tag-fussballtrikot-kurzarm","12":"product_tag-guenstiges-fussballtrikot","13":"product_tag-manchester-city-fussballtrikots","14":"product_tag-manchester-city-trikots","16":"first","17":"instock","18":"shipping-taxable","19":"purchasable","20":"product-type-variable"},"_links":{"self":[{"href":"https:\/\/www.billigtrikotde.com\/hr\/wp-json\/wp\/v2\/product\/21907","targetHints":{"allow":["GET"]}}],"collection":[{"href":"https:\/\/www.billigtrikotde.com\/hr\/wp-json\/wp\/v2\/product"}],"about":[{"href":"https:\/\/www.billigtrikotde.com\/hr\/wp-json\/wp\/v2\/types\/product"}],"replies":[{"embeddable":true,"href":"https:\/\/www.billigtrikotde.com\/hr\/wp-json\/wp\/v2\/comments?post=21907"}],"wp:featuredmedia":[{"embeddable":true,"href":"https:\/\/www.billigtrikotde.com\/hr\/wp-json\/wp\/v2\/media\/21909"}],"wp:attachment":[{"href":"https:\/\/www.billigtrikotde.com\/hr\/wp-json\/wp\/v2\/media?parent=21907"}],"wp:term":[{"taxonomy":"product_brand","embeddable":true,"href":"https:\/\/www.billigtrikotde.com\/hr\/wp-json\/wp\/v2\/product_brand?post=21907"},{"taxonomy":"product_cat","embeddable":true,"href":"https:\/\/www.billigtrikotde.com\/hr\/wp-json\/wp\/v2\/product_cat?post=21907"},{"taxonomy":"product_tag","embeddable":true,"href":"https:\/\/www.billigtrikotde.com\/hr\/wp-json\/wp\/v2\/product_tag?post=21907"}],"curies":[{"name":"wp","href":"https:\/\/api.w.org\/{rel}","templated":true}]}}