{"id":21902,"date":"2025-05-17T15:29:02","date_gmt":"2025-05-17T13:29:02","guid":{"rendered":"https:\/\/www.billigtrikotde.com\/?post_type=product&#038;p=21902"},"modified":"2025-05-21T15:30:38","modified_gmt":"2025-05-21T13:30:38","slug":"billige-kinder-inter-miami-heimtrikot-2025-26-fussballtrikots-set","status":"publish","type":"product","link":"https:\/\/www.billigtrikotde.com\/hr\/billige-kinder-inter-miami-heimtrikot-2025-26-fussballtrikots-set\/","title":{"rendered":"Dje\u010dje Inter Miami doma\u0107i dres 2025-26 kratkih rukava + kratke hla\u010de"},"content":{"rendered":"<h3>Dje\u010dje doma\u0107e dres Inter Miamija 2025-26 set dresova<\/h3>\n<p>Dres za doma\u0107u utakmicu 2025. zasniva se na dresovima koje su nosili uzbudljivi novajlije poput Sergia Busquetsa, Jordija Albu, Lionela Messija, Luisa Su\u00e1reza i ostatka prve mom\u010dadi u elitnim utakmicama MLS-a, te prikazuje va\u0161u nepokolebljivu podr\u0161ku Inter Miamiju. Dres nosi ikoni\u010dne ru\u017ei\u010daste pruge klasi\u010dnog Miami International tima i nagla\u0161ava energiju natjecanja na najvi\u0161oj razini. Tehnologija AEROREADY usmjerena na visoke performanse odvodi vlagu kako biste ostali suhi, dok klupski grb omogu\u0107uje lagani nos.<\/p>\n<p>Savjeti za ispis: Ako ime i broj na slici to\u010dno odgovaraju va\u0161im \u017eeljama, ne morate ih ponovno unositi. Ako ne, unesite \u017eeljeno ime i broj.<\/p>\n<p>Savjeti za pranje: Preporu\u010duje se ru\u010dno pranje nogometnih dresova. Ako \u017eelite koristiti perilicu, sjetite se okrenuti dresove naopako prije pranja. Napunite perilicu hladnom vodom i koristite program za osjetljive tkanine kako biste bolje za\u0161titili boje.<\/p>","protected":false},"excerpt":{"rendered":"<p>Dje\u010dji Inter Miami doma\u0107i dres 2025-26 nogometni dresovi set Doma\u0107i dres 2025. temelji se na dresovima koje su nosili uzbudljivi novajliji poput Sergia Busquetsa, Jordi Alba, Lionela Messija, Luisa Su\u00e1reza i ostatka prvog tima u elitnim utakmicama MLS-a, te pokazuje va\u0161u nepokolebljivu potporu Inter Miamiju. Dres nosi ikoni\u010dke ru\u017ei\u010daste pruge klasi\u010dnog [\u2026]<\/p>","protected":false},"featured_media":21904,"comment_status":"open","ping_status":"closed","template":"","meta":[],"product_brand":[],"product_cat":[569],"product_tag":[20,21,22,1461,24,1467,633],"class_list":{"0":"post-21902","1":"product","2":"type-product","3":"status-publish","4":"has-post-thumbnail","6":"product_cat-inter-miami-kindertrikot","7":"product_tag-coole-fussballtrikots","8":"product_tag-fussballtrikot-fuer-herren","9":"product_tag-fussballtrikot-guenstig-kaufen","10":"product_tag-guenstige-inter-miami-trikot-kinder","11":"product_tag-guenstiges-fussballtrikot","12":"product_tag-inter-miami-auswaertstrikot-2024-25","13":"product_tag-inter-miami-fussballtrikot","15":"first","16":"instock","17":"shipping-taxable","18":"purchasable","19":"product-type-variable"},"_links":{"self":[{"href":"https:\/\/www.billigtrikotde.com\/hr\/wp-json\/wp\/v2\/product\/21902","targetHints":{"allow":["GET"]}}],"collection":[{"href":"https:\/\/www.billigtrikotde.com\/hr\/wp-json\/wp\/v2\/product"}],"about":[{"href":"https:\/\/www.billigtrikotde.com\/hr\/wp-json\/wp\/v2\/types\/product"}],"replies":[{"embeddable":true,"href":"https:\/\/www.billigtrikotde.com\/hr\/wp-json\/wp\/v2\/comments?post=21902"}],"wp:featuredmedia":[{"embeddable":true,"href":"https:\/\/www.billigtrikotde.com\/hr\/wp-json\/wp\/v2\/media\/21904"}],"wp:attachment":[{"href":"https:\/\/www.billigtrikotde.com\/hr\/wp-json\/wp\/v2\/media?parent=21902"}],"wp:term":[{"taxonomy":"product_brand","embeddable":true,"href":"https:\/\/www.billigtrikotde.com\/hr\/wp-json\/wp\/v2\/product_brand?post=21902"},{"taxonomy":"product_cat","embeddable":true,"href":"https:\/\/www.billigtrikotde.com\/hr\/wp-json\/wp\/v2\/product_cat?post=21902"},{"taxonomy":"product_tag","embeddable":true,"href":"https:\/\/www.billigtrikotde.com\/hr\/wp-json\/wp\/v2\/product_tag?post=21902"}],"curies":[{"name":"wp","href":"https:\/\/api.w.org\/{rel}","templated":true}]}}