{"id":21896,"date":"2025-05-17T15:06:05","date_gmt":"2025-05-17T13:06:05","guid":{"rendered":"https:\/\/www.billigtrikotde.com\/?post_type=product&#038;p=21896"},"modified":"2025-05-17T16:20:21","modified_gmt":"2025-05-17T14:20:21","slug":"fc-barcelona-x-travis-scott-heimtrikot-2024-25-online-kaufen","status":"publish","type":"product","link":"https:\/\/www.billigtrikotde.com\/hr\/fc-barcelona-x-travis-scott-heimtrikot-2024-25-online-kaufen\/","title":{"rendered":"FC Barcelona X Travis Scott doma\u0107i dres 2024-25 kratki rukav"},"content":{"rendered":"<h3>FC Barcelona X Travis Scott dres za doma\u0107e utakmice 2024-25 Kupite online<\/h3>\n<p>S svojim limitiranim dizajnom, dres Barcelona x Travis Scott 2024\/25 je must-have za svakog navija\u010da. Izra\u0111en od visokokvalitetnih materijala, ovaj dres predstavlja savr\u0161enu povezanost nogometa i hip-hop kulture. Poka\u017eite svoju ljubav prema oboje s ovim jedinstvenim i stilskim navija\u010dkim izdanjem dresa.<\/p>\n<p>Savjeti za ispis: Ako ime i broj na slici to\u010dno odgovaraju va\u0161im \u017eeljama, ne morate ih ponovno unositi. Ako ne, unesite \u017eeljeno ime i broj.<\/p>\n<p>Savjeti za pranje: Preporu\u010duje se ru\u010dno pranje nogometnih dresova. Ako \u017eelite koristiti perilicu, sjetite se okrenuti dresove naopako prije pranja. Napunite perilicu hladnom vodom i koristite program za osjetljive tkanine kako biste bolje za\u0161titili boje.<\/p>","protected":false},"excerpt":{"rendered":"<p>FC Barcelona X Travis Scott doma\u0107i dres 2024-25 Online kupnja S svojim limitiranim dizajnom Barcelona x Travis Scott dres 2024\/25 must-have je za svakog navija\u010da. Proizveden od visokokvalitetnih materijala, ovaj dres utjelovljuje savr\u0161enu povezanost nogometa i hip-hop kulture. Poka\u017eite svoju ljubav prema oba sa ovim jedinstvenim i stylish fan-edition dresom. Savjeti za tiskanje: Ako [\u2026]<\/p>","protected":false},"featured_media":21900,"comment_status":"open","ping_status":"closed","template":"","meta":[],"product_brand":[],"product_cat":[31],"product_tag":[1496,20,1275,21,22,24],"class_list":{"0":"post-21896","1":"product","2":"type-product","3":"status-publish","4":"has-post-thumbnail","6":"product_cat-fc-barcelona","7":"product_tag-barcelona-travis-scott-trikot","8":"product_tag-coole-fussballtrikots","9":"product_tag-fc-barcelona-24-25-trikot","10":"product_tag-fussballtrikot-fuer-herren","11":"product_tag-fussballtrikot-guenstig-kaufen","12":"product_tag-guenstiges-fussballtrikot","14":"first","15":"instock","16":"shipping-taxable","17":"purchasable","18":"product-type-variable"},"_links":{"self":[{"href":"https:\/\/www.billigtrikotde.com\/hr\/wp-json\/wp\/v2\/product\/21896","targetHints":{"allow":["GET"]}}],"collection":[{"href":"https:\/\/www.billigtrikotde.com\/hr\/wp-json\/wp\/v2\/product"}],"about":[{"href":"https:\/\/www.billigtrikotde.com\/hr\/wp-json\/wp\/v2\/types\/product"}],"replies":[{"embeddable":true,"href":"https:\/\/www.billigtrikotde.com\/hr\/wp-json\/wp\/v2\/comments?post=21896"}],"wp:featuredmedia":[{"embeddable":true,"href":"https:\/\/www.billigtrikotde.com\/hr\/wp-json\/wp\/v2\/media\/21900"}],"wp:attachment":[{"href":"https:\/\/www.billigtrikotde.com\/hr\/wp-json\/wp\/v2\/media?parent=21896"}],"wp:term":[{"taxonomy":"product_brand","embeddable":true,"href":"https:\/\/www.billigtrikotde.com\/hr\/wp-json\/wp\/v2\/product_brand?post=21896"},{"taxonomy":"product_cat","embeddable":true,"href":"https:\/\/www.billigtrikotde.com\/hr\/wp-json\/wp\/v2\/product_cat?post=21896"},{"taxonomy":"product_tag","embeddable":true,"href":"https:\/\/www.billigtrikotde.com\/hr\/wp-json\/wp\/v2\/product_tag?post=21896"}],"curies":[{"name":"wp","href":"https:\/\/api.w.org\/{rel}","templated":true}]}}