{"id":21869,"date":"2025-05-16T14:30:31","date_gmt":"2025-05-16T12:30:31","guid":{"rendered":"https:\/\/www.billigtrikotde.com\/?post_type=product&#038;p=21869"},"modified":"2025-05-16T17:16:24","modified_gmt":"2025-05-16T15:16:24","slug":"fussballtrikots-set-aston-villa-emiliano-martinez-23-torwart-heimtrikot-kinder-2024-25","status":"publish","type":"product","link":"https:\/\/www.billigtrikotde.com\/hr\/fussballtrikots-set-aston-villa-emiliano-martinez-23-torwart-heimtrikot-kinder-2024-25\/","title":{"rendered":"Aston Villa Emiliano Martinez #23 golmanski doma\u0107i dres za djecu 2024-25 nogometni komplet dresova"},"content":{"rendered":"<h3>Nogometni dresovi Set Aston Villa Emiliano Martinez #23 Golmanski ku\u0107ni dresovi za djecu 2024-25<\/h3>\n<p>Savjeti za ispis: Ako ime i broj na slici to\u010dno odgovaraju va\u0161im \u017eeljama, ne morate ih ponovno unositi. Ako ne, unesite \u017eeljeno ime i broj.<\/p>\n<p>Savjeti za pranje: Preporu\u010duje se ru\u010dno pranje nogometnih dresova. Ako \u017eelite koristiti perilicu, sjetite se okrenuti dresove naopako prije pranja. Napunite perilicu hladnom vodom i koristite program za osjetljive tkanine kako biste bolje za\u0161titili boje.<\/p>","protected":false},"excerpt":{"rendered":"<p>Golan golman Aston Ville 3rd dres, set nogometnih dresova za djecu Emiliano Martinez 23 Savjeti za ispis: Ako se ime i broj na slici to\u010dno podudaraju s va\u0161im \u017eeljama, ne morate ih ponovno unositi. Ako ne, trebali biste unijeti \u017eeljeno ime i broj. Savjeti za pranje: preporu\u010duje se ru\u010dno pranje nogometnih dresova. [\u2026]<\/p>","protected":false},"featured_media":21871,"comment_status":"open","ping_status":"closed","template":"","meta":[],"product_brand":[],"product_cat":[893],"product_tag":[1493,1494,1492,1491,1495],"class_list":{"0":"post-21869","1":"product","2":"type-product","3":"status-publish","4":"has-post-thumbnail","6":"product_cat-aston-villa-kindertrikot","7":"product_tag-aston-villa-torwartbekleidung-fussball-kinder","8":"product_tag-emiliano-martinez-trikot-kinder-kaufen","9":"product_tag-guenstige-aston-villa-torwarttrikot-kinder","10":"product_tag-guenstige-aston-villa-trikot-kinder","11":"product_tag-guenstige-emiliano-martinez-trikot-kinder","13":"first","14":"instock","15":"shipping-taxable","16":"purchasable","17":"product-type-variable"},"_links":{"self":[{"href":"https:\/\/www.billigtrikotde.com\/hr\/wp-json\/wp\/v2\/product\/21869","targetHints":{"allow":["GET"]}}],"collection":[{"href":"https:\/\/www.billigtrikotde.com\/hr\/wp-json\/wp\/v2\/product"}],"about":[{"href":"https:\/\/www.billigtrikotde.com\/hr\/wp-json\/wp\/v2\/types\/product"}],"replies":[{"embeddable":true,"href":"https:\/\/www.billigtrikotde.com\/hr\/wp-json\/wp\/v2\/comments?post=21869"}],"wp:featuredmedia":[{"embeddable":true,"href":"https:\/\/www.billigtrikotde.com\/hr\/wp-json\/wp\/v2\/media\/21871"}],"wp:attachment":[{"href":"https:\/\/www.billigtrikotde.com\/hr\/wp-json\/wp\/v2\/media?parent=21869"}],"wp:term":[{"taxonomy":"product_brand","embeddable":true,"href":"https:\/\/www.billigtrikotde.com\/hr\/wp-json\/wp\/v2\/product_brand?post=21869"},{"taxonomy":"product_cat","embeddable":true,"href":"https:\/\/www.billigtrikotde.com\/hr\/wp-json\/wp\/v2\/product_cat?post=21869"},{"taxonomy":"product_tag","embeddable":true,"href":"https:\/\/www.billigtrikotde.com\/hr\/wp-json\/wp\/v2\/product_tag?post=21869"}],"curies":[{"name":"wp","href":"https:\/\/api.w.org\/{rel}","templated":true}]}}