{"id":21863,"date":"2025-05-16T14:24:14","date_gmt":"2025-05-16T12:24:14","guid":{"rendered":"https:\/\/www.billigtrikotde.com\/?post_type=product&#038;p=21863"},"modified":"2025-05-16T14:24:16","modified_gmt":"2025-05-16T12:24:16","slug":"aston-villa-torwart-3rd-trikot-kinder-2024-25-schwarz-fuer-kinder","status":"publish","type":"product","link":"https:\/\/www.billigtrikotde.com\/hr\/aston-villa-torwart-3rd-trikot-kinder-2024-25-schwarz-fuer-kinder\/","title":{"rendered":"Kupite dje\u010dji gostuju\u0107i dres Aston Villa za vratara 2024-25 nogometni dres"},"content":{"rendered":"<h3>Dje\u010dji tre\u0107i dres Aston Villa za vratara 2024-25 crni za djecu<\/h3>\n<p>Savjeti za ispis: Ako ime i broj na slici to\u010dno odgovaraju va\u0161im \u017eeljama, ne morate ih ponovno unositi. Ako ne, unesite \u017eeljeno ime i broj.<\/p>\n<p>Savjeti za pranje: Preporu\u010duje se ru\u010dno pranje nogometnih dresova. Ako \u017eelite koristiti perilicu, sjetite se okrenuti dresove naopako prije pranja. Napunite perilicu hladnom vodom i koristite program za osjetljive tkanine kako biste bolje za\u0161titili boje.<\/p>","protected":false},"excerpt":{"rendered":"<p>Aston Villa golman 3. dres za djecu 2024-25 crni za djecu Upute za ispis: Ako je ime i broj na slici to\u010dno onako kako \u017eelite, ne morate ih ponovo unositi. Ako nije, trebali biste unijeti \u017eeljeno ime i broj. Upute za pranje: preporu\u010duje se pranje nogometnih dresova ru\u010dno. Ako [\u2026]<\/p>","protected":false},"featured_media":21865,"comment_status":"open","ping_status":"closed","template":"","meta":[],"product_brand":[],"product_cat":[893],"product_tag":[895,20,574,22,1492,1491,24,94],"class_list":{"0":"post-21863","1":"product","2":"type-product","3":"status-publish","4":"has-post-thumbnail","6":"product_cat-aston-villa-kindertrikot","7":"product_tag-aston-villa-trikot-fuer-kinder","8":"product_tag-coole-fussballtrikots","9":"product_tag-fussballtrikot-deutschland","10":"product_tag-fussballtrikot-guenstig-kaufen","11":"product_tag-guenstige-aston-villa-torwarttrikot-kinder","12":"product_tag-guenstige-aston-villa-trikot-kinder","13":"product_tag-guenstiges-fussballtrikot","14":"product_tag-kinder-fussball-trikotsatz","16":"first","17":"instock","18":"shipping-taxable","19":"purchasable","20":"product-type-variable"},"_links":{"self":[{"href":"https:\/\/www.billigtrikotde.com\/hr\/wp-json\/wp\/v2\/product\/21863","targetHints":{"allow":["GET"]}}],"collection":[{"href":"https:\/\/www.billigtrikotde.com\/hr\/wp-json\/wp\/v2\/product"}],"about":[{"href":"https:\/\/www.billigtrikotde.com\/hr\/wp-json\/wp\/v2\/types\/product"}],"replies":[{"embeddable":true,"href":"https:\/\/www.billigtrikotde.com\/hr\/wp-json\/wp\/v2\/comments?post=21863"}],"wp:featuredmedia":[{"embeddable":true,"href":"https:\/\/www.billigtrikotde.com\/hr\/wp-json\/wp\/v2\/media\/21865"}],"wp:attachment":[{"href":"https:\/\/www.billigtrikotde.com\/hr\/wp-json\/wp\/v2\/media?parent=21863"}],"wp:term":[{"taxonomy":"product_brand","embeddable":true,"href":"https:\/\/www.billigtrikotde.com\/hr\/wp-json\/wp\/v2\/product_brand?post=21863"},{"taxonomy":"product_cat","embeddable":true,"href":"https:\/\/www.billigtrikotde.com\/hr\/wp-json\/wp\/v2\/product_cat?post=21863"},{"taxonomy":"product_tag","embeddable":true,"href":"https:\/\/www.billigtrikotde.com\/hr\/wp-json\/wp\/v2\/product_tag?post=21863"}],"curies":[{"name":"wp","href":"https:\/\/api.w.org\/{rel}","templated":true}]}}