{"id":21841,"date":"2025-06-04T15:15:36","date_gmt":"2025-06-04T13:15:36","guid":{"rendered":"https:\/\/www.billigtrikotde.com\/?post_type=product&#038;p=21841"},"modified":"2025-06-05T16:38:23","modified_gmt":"2025-06-05T14:38:23","slug":"aston-villa-auswaertstrikot-kinder-2024-25-fussball-trikotsatz","status":"publish","type":"product","link":"https:\/\/www.billigtrikotde.com\/hr\/aston-villa-auswaertstrikot-kinder-2024-25-fussball-trikotsatz\/","title":{"rendered":"Aston Villa gostuju\u0107i dres za djecu 2024-25 set dresova za nogomet"},"content":{"rendered":"<h3>Aston Villa gostuju\u0107i dres za djecu 2024-25 nogometni dresovi set<\/h3>\n<p>Aston Villa 2024-25 gostuju\u0107i dres ima \u010dist izgled uglavnom bijele boje s tri ljubi\u010daste pruge i logotipe, koji izgledaju kao tamnocrveni (ili mo\u017eda crni). Sjetna markica \u201eAV 150\u201c otisnuta je na stra\u017enjoj strani stiliziranim kaligrafskim pismom.<\/p>\n<p>Savjeti za ispis: Ako ime i broj na slici to\u010dno odgovaraju va\u0161im \u017eeljama, ne morate ih ponovno unositi. Ako ne, unesite \u017eeljeno ime i broj.<\/p>\n<p>Savjeti za pranje: Preporu\u010duje se ru\u010dno pranje nogometnih dresova. Ako \u017eelite koristiti perilicu, sjetite se okrenuti dresove naopako prije pranja. Napunite perilicu hladnom vodom i koristite program za osjetljive tkanine kako biste bolje za\u0161titili boje.<\/p>","protected":false},"excerpt":{"rendered":"<p>Aston Villa dres za goste za djecu 2024-25 set dresova za nogomet, gostuju\u0107i dres Aston Ville 2024-25 ima \u010dist izgled s prete\u017eno bijelom bojom s tri ljubi\u010daste pruge i logotipima koji izgledaju vino-crveni (ili mo\u017eda crni). Proslavljeni \u017eig \u201eAV 150\u201c otisnut je na stra\u017enjoj strani u stilu kaligrafije. Savjeti za tiskanje: Ako je ime i broj \u2026<\/p>","protected":false},"featured_media":21843,"comment_status":"open","ping_status":"closed","template":"","meta":[],"product_brand":[],"product_cat":[893],"product_tag":[894,895,20,574,22,1491,24,94],"class_list":{"0":"post-21841","1":"product","2":"type-product","3":"status-publish","4":"has-post-thumbnail","6":"product_cat-aston-villa-kindertrikot","7":"product_tag-aston-villa-fussballtrikots-kinder-mit-eigenem-namen","8":"product_tag-aston-villa-trikot-fuer-kinder","9":"product_tag-coole-fussballtrikots","10":"product_tag-fussballtrikot-deutschland","11":"product_tag-fussballtrikot-guenstig-kaufen","12":"product_tag-guenstige-aston-villa-trikot-kinder","13":"product_tag-guenstiges-fussballtrikot","14":"product_tag-kinder-fussball-trikotsatz","16":"first","17":"instock","18":"shipping-taxable","19":"purchasable","20":"product-type-variable"},"_links":{"self":[{"href":"https:\/\/www.billigtrikotde.com\/hr\/wp-json\/wp\/v2\/product\/21841","targetHints":{"allow":["GET"]}}],"collection":[{"href":"https:\/\/www.billigtrikotde.com\/hr\/wp-json\/wp\/v2\/product"}],"about":[{"href":"https:\/\/www.billigtrikotde.com\/hr\/wp-json\/wp\/v2\/types\/product"}],"replies":[{"embeddable":true,"href":"https:\/\/www.billigtrikotde.com\/hr\/wp-json\/wp\/v2\/comments?post=21841"}],"wp:featuredmedia":[{"embeddable":true,"href":"https:\/\/www.billigtrikotde.com\/hr\/wp-json\/wp\/v2\/media\/21843"}],"wp:attachment":[{"href":"https:\/\/www.billigtrikotde.com\/hr\/wp-json\/wp\/v2\/media?parent=21841"}],"wp:term":[{"taxonomy":"product_brand","embeddable":true,"href":"https:\/\/www.billigtrikotde.com\/hr\/wp-json\/wp\/v2\/product_brand?post=21841"},{"taxonomy":"product_cat","embeddable":true,"href":"https:\/\/www.billigtrikotde.com\/hr\/wp-json\/wp\/v2\/product_cat?post=21841"},{"taxonomy":"product_tag","embeddable":true,"href":"https:\/\/www.billigtrikotde.com\/hr\/wp-json\/wp\/v2\/product_tag?post=21841"}],"curies":[{"name":"wp","href":"https:\/\/api.w.org\/{rel}","templated":true}]}}