{"id":21673,"date":"2025-05-06T14:29:33","date_gmt":"2025-05-06T12:29:33","guid":{"rendered":"https:\/\/www.billigtrikotde.com\/?post_type=product&#038;p=21673"},"modified":"2025-05-06T14:29:35","modified_gmt":"2025-05-06T12:29:35","slug":"guenstige-fussballtrikots-kinder-juventus-torwart-auswaertstrikot-2024-25-gruen-trikotsatz","status":"publish","type":"product","link":"https:\/\/www.billigtrikotde.com\/hr\/guenstige-fussballtrikots-kinder-juventus-torwart-auswaertstrikot-2024-25-gruen-trikotsatz\/","title":{"rendered":"Povoljni nogometni dresovi za djecu Juventus vratara gostuju\u0107i dres 2024-25 dugi rukavi (+ kratke hla\u010de)"},"content":{"rendered":"<h3>Povoljni dresovi za fudbal za djecu Juventus golmanski gostuju\u0107i dres 2024-25 zeleni set dresova<\/h3>\n<p>Savjeti za ispis: Ako ime i broj na slici to\u010dno odgovaraju va\u0161im \u017eeljama, ne morate ih ponovno unositi. Ako ne, unesite \u017eeljeno ime i broj.<\/p>\n<p>Savjeti za pranje: Preporu\u010duje se ru\u010dno pranje nogometnih dresova. Ako \u017eelite koristiti perilicu, sjetite se okrenuti dresove naopako prije pranja. Napunite perilicu hladnom vodom i koristite program za osjetljive tkanine kako biste bolje za\u0161titili boje.<\/p>","protected":false},"excerpt":{"rendered":"<p>Dje\u010dji nogometni dres Juventus 3. dres 2024-25 mornijom plav, Upute za otisak: Ako ime i broj na slici to\u010dno odgovaraju va\u0161im \u017eeljama, ne morate ih ponovo unositi. Ako ne, trebali biste unijeti \u017eeljeno ime i broj. Upute za pranje: Preporu\u010da se pranje nogometnih dresova ru\u010dno. Ako koristite\u2026<\/p>","protected":false},"featured_media":21675,"comment_status":"open","ping_status":"closed","template":"","meta":[],"product_brand":[],"product_cat":[148],"product_tag":[20,574,24,855,856,61,149,94],"class_list":{"0":"post-21673","1":"product","2":"type-product","3":"status-publish","4":"has-post-thumbnail","6":"product_cat-juventus-kindertrikot","7":"product_tag-coole-fussballtrikots","8":"product_tag-fussballtrikot-deutschland","9":"product_tag-guenstiges-fussballtrikot","10":"product_tag-juventus-fussballtrikots-kinder","11":"product_tag-juventus-trikot-fuer-kinder","12":"product_tag-juventus-trikots","13":"product_tag-juventus-trikotsatz-fuer-kinder","14":"product_tag-kinder-fussball-trikotsatz","16":"first","17":"instock","18":"shipping-taxable","19":"purchasable","20":"product-type-variable"},"_links":{"self":[{"href":"https:\/\/www.billigtrikotde.com\/hr\/wp-json\/wp\/v2\/product\/21673","targetHints":{"allow":["GET"]}}],"collection":[{"href":"https:\/\/www.billigtrikotde.com\/hr\/wp-json\/wp\/v2\/product"}],"about":[{"href":"https:\/\/www.billigtrikotde.com\/hr\/wp-json\/wp\/v2\/types\/product"}],"replies":[{"embeddable":true,"href":"https:\/\/www.billigtrikotde.com\/hr\/wp-json\/wp\/v2\/comments?post=21673"}],"wp:featuredmedia":[{"embeddable":true,"href":"https:\/\/www.billigtrikotde.com\/hr\/wp-json\/wp\/v2\/media\/21675"}],"wp:attachment":[{"href":"https:\/\/www.billigtrikotde.com\/hr\/wp-json\/wp\/v2\/media?parent=21673"}],"wp:term":[{"taxonomy":"product_brand","embeddable":true,"href":"https:\/\/www.billigtrikotde.com\/hr\/wp-json\/wp\/v2\/product_brand?post=21673"},{"taxonomy":"product_cat","embeddable":true,"href":"https:\/\/www.billigtrikotde.com\/hr\/wp-json\/wp\/v2\/product_cat?post=21673"},{"taxonomy":"product_tag","embeddable":true,"href":"https:\/\/www.billigtrikotde.com\/hr\/wp-json\/wp\/v2\/product_tag?post=21673"}],"curies":[{"name":"wp","href":"https:\/\/api.w.org\/{rel}","templated":true}]}}