{"id":21559,"date":"2025-04-29T14:19:48","date_gmt":"2025-04-29T12:19:48","guid":{"rendered":"https:\/\/www.billigtrikotde.com\/?post_type=product&#038;p=21559"},"modified":"2025-04-29T14:19:50","modified_gmt":"2025-04-29T12:19:50","slug":"guenstige-barcelona-torwart-auswaertstrikot-kinder-2024-25-ter-stegen-1","status":"publish","type":"product","link":"https:\/\/www.billigtrikotde.com\/hr\/guenstige-barcelona-torwart-auswaertstrikot-kinder-2024-25-ter-stegen-1\/","title":{"rendered":"Jeftini gostuju\u0107i dres Barcelona vratara za djecu 2024-25 Ter Stegen 1"},"content":{"rendered":"<h3>Opis o Barceloninom vratarskom dresu gostuju\u0107e boje za djecu zelene boje 2024-25 Ter Stegen<\/h3>\n<p>Savjeti za ispis: Ako ime i broj na slici to\u010dno odgovaraju va\u0161im \u017eeljama, ne morate ih ponovno unositi. Ako ne, unesite \u017eeljeno ime i broj.<\/p>\n<p>Savjeti za pranje: Preporu\u010duje se ru\u010dno pranje nogometnih dresova. Ako \u017eelite koristiti perilicu, sjetite se okrenuti dresove naopako prije pranja. Napunite perilicu hladnom vodom i koristite program za osjetljive tkanine kako biste bolje za\u0161titili boje.<\/p>","protected":false},"excerpt":{"rendered":"<p>Opis o Barcelona vratarski gostuju\u0107i dres dje\u010daci zeleni 2024-25 Ter Stegen Upute za ispis: Ako se ime i broj na slici to\u010dno podudaraju s va\u0161im \u017eeljama, ne morate ih ponovno unositi. Ako ne, trebate unijeti \u017eeljeno ime i broj. Upute za pranje: Preporu\u010duje se ru\u010dno pranje nogometnih dresova. Ako [\u2026]<\/p>","protected":false},"featured_media":21561,"comment_status":"open","ping_status":"closed","template":"","meta":[],"product_brand":[],"product_cat":[146],"product_tag":[707,708,20,215,94,1482],"class_list":{"0":"post-21559","1":"product","2":"type-product","3":"status-publish","4":"has-post-thumbnail","6":"product_cat-barcelona-kindertrikot","7":"product_tag-barcelona-fussballtrikots-kinder","8":"product_tag-barcelona-trikot-fuer-kinder","9":"product_tag-coole-fussballtrikots","10":"product_tag-fussball-trikot-kurzarm","11":"product_tag-kinder-fussball-trikotsatz","12":"product_tag-ter-stegen-trikots","14":"first","15":"instock","16":"shipping-taxable","17":"purchasable","18":"product-type-variable"},"_links":{"self":[{"href":"https:\/\/www.billigtrikotde.com\/hr\/wp-json\/wp\/v2\/product\/21559","targetHints":{"allow":["GET"]}}],"collection":[{"href":"https:\/\/www.billigtrikotde.com\/hr\/wp-json\/wp\/v2\/product"}],"about":[{"href":"https:\/\/www.billigtrikotde.com\/hr\/wp-json\/wp\/v2\/types\/product"}],"replies":[{"embeddable":true,"href":"https:\/\/www.billigtrikotde.com\/hr\/wp-json\/wp\/v2\/comments?post=21559"}],"wp:featuredmedia":[{"embeddable":true,"href":"https:\/\/www.billigtrikotde.com\/hr\/wp-json\/wp\/v2\/media\/21561"}],"wp:attachment":[{"href":"https:\/\/www.billigtrikotde.com\/hr\/wp-json\/wp\/v2\/media?parent=21559"}],"wp:term":[{"taxonomy":"product_brand","embeddable":true,"href":"https:\/\/www.billigtrikotde.com\/hr\/wp-json\/wp\/v2\/product_brand?post=21559"},{"taxonomy":"product_cat","embeddable":true,"href":"https:\/\/www.billigtrikotde.com\/hr\/wp-json\/wp\/v2\/product_cat?post=21559"},{"taxonomy":"product_tag","embeddable":true,"href":"https:\/\/www.billigtrikotde.com\/hr\/wp-json\/wp\/v2\/product_tag?post=21559"}],"curies":[{"name":"wp","href":"https:\/\/api.w.org\/{rel}","templated":true}]}}