{"id":21511,"date":"2025-04-26T11:27:50","date_gmt":"2025-04-26T09:27:50","guid":{"rendered":"https:\/\/www.billigtrikotde.com\/?post_type=product&#038;p=21511"},"modified":"2025-05-07T11:44:31","modified_gmt":"2025-05-07T09:44:31","slug":"kaufen-atletico-madrid-torwart-auswaerts-trikotsatz-kinder-2024-25","status":"publish","type":"product","link":"https:\/\/www.billigtrikotde.com\/hr\/kaufen-atletico-madrid-torwart-auswaerts-trikotsatz-kinder-2024-25\/","title":{"rendered":"Kupi Atletico Madrid vratarske gostuju\u0107e majice za djecu 2024-25"},"content":{"rendered":"<h3>Prilagodljivi Atletico Madrid golman gostuju\u0107i dres komplet za djecu zeleni<\/h3>\n<p>Savjeti za ispis: Ako ime i broj na slici to\u010dno odgovaraju va\u0161im \u017eeljama, ne morate ih ponovno unositi. Ako ne, unesite \u017eeljeno ime i broj.<\/p>\n<p>Savjeti za pranje: Preporu\u010duje se ru\u010dno pranje nogometnih dresova. Ako \u017eelite koristiti perilicu, sjetite se okrenuti dresove naopako prije pranja. Napunite perilicu hladnom vodom i koristite program za osjetljive tkanine kako biste bolje za\u0161titili boje.<\/p>","protected":false},"excerpt":{"rendered":"<p>Prilagodljivi komplet vratarskih dresova Atletico Madrid u gostima za djecu, zeleno, savjeti za tiskanje: Ako se ime i broj na slici to\u010dno podudaraju s va\u0161im \u017eeljama, nema potrebe ih ponovo unositi. Ako nije, trebali biste unijeti \u017eeljeno ime i broj. Savjeti za pranje: preporu\u010duje se ru\u010dno pranje nogometnih dresova. Ako imate [\u2026]<\/p>","protected":false},"featured_media":21513,"comment_status":"open","ping_status":"closed","template":"","meta":[],"product_brand":[],"product_cat":[157],"product_tag":[868,869,20,215,94],"class_list":{"0":"post-21511","1":"product","2":"type-product","3":"status-publish","4":"has-post-thumbnail","6":"product_cat-atletico-madrid-kindertrikot","7":"product_tag-atletico-madrid-fussballtrikots-kinder","8":"product_tag-atletico-madrid-trikot-fuer-kinder","9":"product_tag-coole-fussballtrikots","10":"product_tag-fussball-trikot-kurzarm","11":"product_tag-kinder-fussball-trikotsatz","13":"first","14":"instock","15":"shipping-taxable","16":"purchasable","17":"product-type-variable"},"_links":{"self":[{"href":"https:\/\/www.billigtrikotde.com\/hr\/wp-json\/wp\/v2\/product\/21511","targetHints":{"allow":["GET"]}}],"collection":[{"href":"https:\/\/www.billigtrikotde.com\/hr\/wp-json\/wp\/v2\/product"}],"about":[{"href":"https:\/\/www.billigtrikotde.com\/hr\/wp-json\/wp\/v2\/types\/product"}],"replies":[{"embeddable":true,"href":"https:\/\/www.billigtrikotde.com\/hr\/wp-json\/wp\/v2\/comments?post=21511"}],"wp:featuredmedia":[{"embeddable":true,"href":"https:\/\/www.billigtrikotde.com\/hr\/wp-json\/wp\/v2\/media\/21513"}],"wp:attachment":[{"href":"https:\/\/www.billigtrikotde.com\/hr\/wp-json\/wp\/v2\/media?parent=21511"}],"wp:term":[{"taxonomy":"product_brand","embeddable":true,"href":"https:\/\/www.billigtrikotde.com\/hr\/wp-json\/wp\/v2\/product_brand?post=21511"},{"taxonomy":"product_cat","embeddable":true,"href":"https:\/\/www.billigtrikotde.com\/hr\/wp-json\/wp\/v2\/product_cat?post=21511"},{"taxonomy":"product_tag","embeddable":true,"href":"https:\/\/www.billigtrikotde.com\/hr\/wp-json\/wp\/v2\/product_tag?post=21511"}],"curies":[{"name":"wp","href":"https:\/\/api.w.org\/{rel}","templated":true}]}}