{"id":21465,"date":"2025-04-16T05:23:42","date_gmt":"2025-04-16T03:23:42","guid":{"rendered":"https:\/\/www.billigtrikotde.com\/?post_type=product&#038;p=21465"},"modified":"2025-04-16T09:49:38","modified_gmt":"2025-04-16T07:49:38","slug":"billige-fussballtrikots-real-madrid-heim-trikotsatz-2025-26-jude-bellingham","status":"publish","type":"product","link":"https:\/\/www.billigtrikotde.com\/hr\/billige-fussballtrikots-real-madrid-heim-trikotsatz-2025-26-jude-bellingham\/","title":{"rendered":"Jeftini nogometni dresovi Real Madrid doma\u0107i komplet dresova 2025-26 Jude Bellingham 5"},"content":{"rendered":"<h3>Opis jeftinih nogometnih dresova Real Madrid doma\u0107i komplet dresova 2025-26 Jude Bellingham:<\/h3>\n<ul>\n<li>Na\u0161 paket sadr\u017ei to\u010dno ono \u0161to je bilo prikazano na slikama proizvoda u trenutku va\u0161e narud\u017ebe.<\/li>\n<li>Ovo je doma\u0107i dres Real Madrida za djecu za sezonu 2025\/26 u ikoni\u010dkom bijelom klupskom dizajnu.<\/li>\n<li>Dres ima crne pruge na ramenima i \u017eute obrube koji daju klasi\u010dnom izgledu moderan dodir.<\/li>\n<li>AEROREADY tehnologija osigurava odvod vlage i prozra\u010dnost za mlade navija\u010de.<\/li>\n<li>Idealno za mlade navija\u010de koji \u017eele podr\u017eati svoj tim ekolo\u0161ki prihvatljivo i stilizirano, a pritom ostati hladni i udobni tijekom igre.<\/li>\n<\/ul>\n<p>Savjeti za ispis: Ako ime i broj na slici to\u010dno odgovaraju va\u0161im \u017eeljama, ne morate ih ponovno unositi. Ako ne, unesite \u017eeljeno ime i broj.<\/p>\n<p>Savjeti za pranje: Preporu\u010duje se ru\u010dno pranje nogometnih dresova. Ako \u017eelite koristiti perilicu, sjetite se okrenuti dresove naopako prije pranja. Napunite perilicu hladnom vodom i koristite program za osjetljive tkanine kako biste bolje za\u0161titili boje.<\/p>","protected":false},"excerpt":{"rendered":"<p>Opis jeftinog dresa za fudbal Real Madrid ku\u0107ni dres 2025-26 Jude Bellingham: Na\u0161 paket sadr\u017ei to\u010dno ono \u0161to je bilo vidljivo na slikama proizvoda u trenutku va\u0161e narud\u017ebe. Ovo je Real Madrid ku\u0107ni dres za djecu sezone 2025\/26 u ikoni\u010dnom bijelom klupskom dizajnu. Dres ima crne pruge na ramenima i \u017eute prespune, koje [\u2026]<\/p>","protected":false},"featured_media":21467,"comment_status":"open","ping_status":"closed","template":"","meta":[],"product_brand":[],"product_cat":[45],"product_tag":[574,21,228,24,1255,489,490],"class_list":{"0":"post-21465","1":"product","2":"type-product","3":"status-publish","4":"has-post-thumbnail","6":"product_cat-real-madrid","7":"product_tag-fussballtrikot-deutschland","8":"product_tag-fussballtrikot-fuer-herren","9":"product_tag-guenstige-fussballtrikot","10":"product_tag-guenstiges-fussballtrikot","11":"product_tag-jude-bellingham-trikots","12":"product_tag-real-madrid-fussballtrikot","13":"product_tag-real-madrid-trikot","15":"first","16":"instock","17":"shipping-taxable","18":"purchasable","19":"product-type-variable"},"_links":{"self":[{"href":"https:\/\/www.billigtrikotde.com\/hr\/wp-json\/wp\/v2\/product\/21465","targetHints":{"allow":["GET"]}}],"collection":[{"href":"https:\/\/www.billigtrikotde.com\/hr\/wp-json\/wp\/v2\/product"}],"about":[{"href":"https:\/\/www.billigtrikotde.com\/hr\/wp-json\/wp\/v2\/types\/product"}],"replies":[{"embeddable":true,"href":"https:\/\/www.billigtrikotde.com\/hr\/wp-json\/wp\/v2\/comments?post=21465"}],"wp:featuredmedia":[{"embeddable":true,"href":"https:\/\/www.billigtrikotde.com\/hr\/wp-json\/wp\/v2\/media\/21467"}],"wp:attachment":[{"href":"https:\/\/www.billigtrikotde.com\/hr\/wp-json\/wp\/v2\/media?parent=21465"}],"wp:term":[{"taxonomy":"product_brand","embeddable":true,"href":"https:\/\/www.billigtrikotde.com\/hr\/wp-json\/wp\/v2\/product_brand?post=21465"},{"taxonomy":"product_cat","embeddable":true,"href":"https:\/\/www.billigtrikotde.com\/hr\/wp-json\/wp\/v2\/product_cat?post=21465"},{"taxonomy":"product_tag","embeddable":true,"href":"https:\/\/www.billigtrikotde.com\/hr\/wp-json\/wp\/v2\/product_tag?post=21465"}],"curies":[{"name":"wp","href":"https:\/\/api.w.org\/{rel}","templated":true}]}}