{"id":21444,"date":"2025-04-10T10:24:37","date_gmt":"2025-04-10T08:24:37","guid":{"rendered":"https:\/\/www.billigtrikotde.com\/?post_type=product&#038;p=21444"},"modified":"2025-04-10T10:40:18","modified_gmt":"2025-04-10T08:40:18","slug":"kinder-real-madrid-fussballtrikots-heim-trikotsatz-2025-26-weiss","status":"publish","type":"product","link":"https:\/\/www.billigtrikotde.com\/hr\/kinder-real-madrid-fussballtrikots-heim-trikotsatz-2025-26-weiss\/","title":{"rendered":"Djeca Real Madrid nogometni dresovi doma\u0107i komplet 2025-26 bijeli"},"content":{"rendered":"<h3>Opis dje\u010djeg Real Madridovog dresa za nogomet, doma\u0107i dres set 2025-26 bijeli:<\/h3>\n<ul>\n<li>Na\u0161 paket sadr\u017ei to\u010dno ono \u0161to je bilo prikazano na slikama proizvoda u trenutku va\u0161e narud\u017ebe.<\/li>\n<li>Ovo je doma\u0107i dres Real Madrida za djecu za sezonu 2025\/26 u ikoni\u010dkom bijelom klupskom dizajnu.<\/li>\n<li>Dres ima crne pruge na ramenima i \u017eute obrube koji daju klasi\u010dnom izgledu moderan dodir.<\/li>\n<li>AEROREADY tehnologija osigurava odvod vlage i prozra\u010dnost za mlade navija\u010de.<\/li>\n<li>Idealno za mlade navija\u010de koji \u017eele podr\u017eati svoj tim ekolo\u0161ki prihvatljivo i stilizirano, a pritom ostati hladni i udobni tijekom igre.<\/li>\n<\/ul>\n<p>Savjeti za ispis: Ako ime i broj na slici to\u010dno odgovaraju va\u0161im \u017eeljama, ne morate ih ponovno unositi. Ako ne, unesite \u017eeljeno ime i broj.<\/p>\n<p>Savjeti za pranje: Preporu\u010duje se ru\u010dno pranje nogometnih dresova. Ako \u017eelite koristiti perilicu, sjetite se okrenuti dresove naopako prije pranja. Napunite perilicu hladnom vodom i koristite program za osjetljive tkanine kako biste bolje za\u0161titili boje.<\/p>","protected":false},"excerpt":{"rendered":"<p>Beschreibung des Kinder Real Madrid Fu\u00dfballtrikots Heim Trikotsatz 2025-26 wei\u00df: Unser Paket enth\u00e4lt genau das, was zum Zeitpunkt Ihrer Bestellung auf den Produktbildern zu sehen war. Dies ist das Real Madrid Heimtrikot f\u00fcr Kinder der Saison 2025\/26 im ikonischen wei\u00dfen Vereinsdesign. Das Trikot hat schwarze Streifen an den Schultern und gelbe Paspeln, die dem klassischen [&hellip;]<\/p>","protected":false},"featured_media":21446,"comment_status":"open","ping_status":"closed","template":"","meta":[],"product_brand":[],"product_cat":[165],"product_tag":[20,574,1453,24,879,880,1455,47,166],"class_list":{"0":"post-21444","1":"product","2":"type-product","3":"status-publish","4":"has-post-thumbnail","6":"product_cat-real-madrid-kindertrikot","7":"product_tag-coole-fussballtrikots","8":"product_tag-fussballtrikot-deutschland","9":"product_tag-fussballtrikots-real-madrid","10":"product_tag-guenstiges-fussballtrikot","11":"product_tag-real-madrid-fussballtrikots-kinder","12":"product_tag-real-madrid-trikot-fuer-kinder","13":"product_tag-real-madrid-trikot-kaufen","14":"product_tag-real-madrid-trikots","15":"product_tag-real-madrid-trikotsatz-fuer-kinder","17":"first","18":"instock","19":"shipping-taxable","20":"purchasable","21":"product-type-variable"},"_links":{"self":[{"href":"https:\/\/www.billigtrikotde.com\/hr\/wp-json\/wp\/v2\/product\/21444","targetHints":{"allow":["GET"]}}],"collection":[{"href":"https:\/\/www.billigtrikotde.com\/hr\/wp-json\/wp\/v2\/product"}],"about":[{"href":"https:\/\/www.billigtrikotde.com\/hr\/wp-json\/wp\/v2\/types\/product"}],"replies":[{"embeddable":true,"href":"https:\/\/www.billigtrikotde.com\/hr\/wp-json\/wp\/v2\/comments?post=21444"}],"wp:featuredmedia":[{"embeddable":true,"href":"https:\/\/www.billigtrikotde.com\/hr\/wp-json\/wp\/v2\/media\/21446"}],"wp:attachment":[{"href":"https:\/\/www.billigtrikotde.com\/hr\/wp-json\/wp\/v2\/media?parent=21444"}],"wp:term":[{"taxonomy":"product_brand","embeddable":true,"href":"https:\/\/www.billigtrikotde.com\/hr\/wp-json\/wp\/v2\/product_brand?post=21444"},{"taxonomy":"product_cat","embeddable":true,"href":"https:\/\/www.billigtrikotde.com\/hr\/wp-json\/wp\/v2\/product_cat?post=21444"},{"taxonomy":"product_tag","embeddable":true,"href":"https:\/\/www.billigtrikotde.com\/hr\/wp-json\/wp\/v2\/product_tag?post=21444"}],"curies":[{"name":"wp","href":"https:\/\/api.w.org\/{rel}","templated":true}]}}