{"id":21440,"date":"2025-04-10T10:03:07","date_gmt":"2025-04-10T08:03:07","guid":{"rendered":"https:\/\/www.billigtrikotde.com\/?post_type=product&#038;p=21440"},"modified":"2025-04-10T10:40:32","modified_gmt":"2025-04-10T08:40:32","slug":"kinder-real-madrid-heim-trikotsatz-2025-26-cristiano-ronaldo-7","status":"publish","type":"product","link":"https:\/\/www.billigtrikotde.com\/hr\/kinder-real-madrid-heim-trikotsatz-2025-26-cristiano-ronaldo-7\/","title":{"rendered":"Djeca Real Madrid doma\u0107i komplet 2025-26 Cristiano Ronaldo 7"},"content":{"rendered":"<h3>Opis dje\u010djeg doma\u0107eg dresa Real Madrid za sezonu 2025-26 Cristiano Ronaldo 7:<\/h3>\n<ul>\n<li>Na\u0161 paket sadr\u017ei to\u010dno ono \u0161to je bilo prikazano na slikama proizvoda u trenutku va\u0161e narud\u017ebe.<\/li>\n<li>Ovo je doma\u0107i dres Real Madrida za djecu za sezonu 2025\/26 u ikoni\u010dkom bijelom klupskom dizajnu.<\/li>\n<li>Dres ima crne pruge na ramenima i \u017eute obrube koji daju klasi\u010dnom izgledu moderan dodir.<\/li>\n<li>AEROREADY tehnologija osigurava odvod vlage i prozra\u010dnost za mlade navija\u010de.<\/li>\n<li>Idealno za mlade navija\u010de koji \u017eele podr\u017eati svoj tim ekolo\u0161ki prihvatljivo i stilizirano, a pritom ostati hladni i udobni tijekom igre.<\/li>\n<\/ul>\n<p>Savjeti za ispis: Ako ime i broj na slici to\u010dno odgovaraju va\u0161im \u017eeljama, ne morate ih ponovno unositi. Ako ne, unesite \u017eeljeno ime i broj.<\/p>\n<p>Savjeti za pranje: Preporu\u010duje se ru\u010dno pranje nogometnih dresova. Ako \u017eelite koristiti perilicu, sjetite se okrenuti dresove naopako prije pranja. Napunite perilicu hladnom vodom i koristite program za osjetljive tkanine kako biste bolje za\u0161titili boje.<\/p>","protected":false},"excerpt":{"rendered":"<p>Opis jeftinih nogometnih dresova Real Madrid doma\u0107i dres set 2025-26 Cristiano Ronaldo: Na\u0161 paket sadr\u017ei upravo ono \u0161to je bilo vidljivo na proizvodnim fotografijama u trenutku narud\u017ebe. Ovo je Real Madrid doma\u0107i dres za djecu sezone 2025\/26 u ikoni\u010dnoj bijeloj klupskoj boji. Dres ima crne pruge na ramenima i \u017eute ukrase koji \u2026<\/p>","protected":false},"featured_media":21442,"comment_status":"open","ping_status":"closed","template":"","meta":[],"product_brand":[],"product_cat":[165],"product_tag":[20,1307,574,1453,24,879,880,1455,47,166],"class_list":{"0":"post-21440","1":"product","2":"type-product","3":"status-publish","4":"has-post-thumbnail","6":"product_cat-real-madrid-kindertrikot","7":"product_tag-coole-fussballtrikots","8":"product_tag-cristiano-ronaldo-trikots","9":"product_tag-fussballtrikot-deutschland","10":"product_tag-fussballtrikots-real-madrid","11":"product_tag-guenstiges-fussballtrikot","12":"product_tag-real-madrid-fussballtrikots-kinder","13":"product_tag-real-madrid-trikot-fuer-kinder","14":"product_tag-real-madrid-trikot-kaufen","15":"product_tag-real-madrid-trikots","16":"product_tag-real-madrid-trikotsatz-fuer-kinder","18":"first","19":"instock","20":"shipping-taxable","21":"purchasable","22":"product-type-variable"},"_links":{"self":[{"href":"https:\/\/www.billigtrikotde.com\/hr\/wp-json\/wp\/v2\/product\/21440","targetHints":{"allow":["GET"]}}],"collection":[{"href":"https:\/\/www.billigtrikotde.com\/hr\/wp-json\/wp\/v2\/product"}],"about":[{"href":"https:\/\/www.billigtrikotde.com\/hr\/wp-json\/wp\/v2\/types\/product"}],"replies":[{"embeddable":true,"href":"https:\/\/www.billigtrikotde.com\/hr\/wp-json\/wp\/v2\/comments?post=21440"}],"wp:featuredmedia":[{"embeddable":true,"href":"https:\/\/www.billigtrikotde.com\/hr\/wp-json\/wp\/v2\/media\/21442"}],"wp:attachment":[{"href":"https:\/\/www.billigtrikotde.com\/hr\/wp-json\/wp\/v2\/media?parent=21440"}],"wp:term":[{"taxonomy":"product_brand","embeddable":true,"href":"https:\/\/www.billigtrikotde.com\/hr\/wp-json\/wp\/v2\/product_brand?post=21440"},{"taxonomy":"product_cat","embeddable":true,"href":"https:\/\/www.billigtrikotde.com\/hr\/wp-json\/wp\/v2\/product_cat?post=21440"},{"taxonomy":"product_tag","embeddable":true,"href":"https:\/\/www.billigtrikotde.com\/hr\/wp-json\/wp\/v2\/product_tag?post=21440"}],"curies":[{"name":"wp","href":"https:\/\/api.w.org\/{rel}","templated":true}]}}