{"id":21425,"date":"2025-03-28T15:55:06","date_gmt":"2025-03-28T14:55:06","guid":{"rendered":"https:\/\/www.billigtrikotde.com\/?post_type=product&#038;p=21425"},"modified":"2025-05-07T11:44:44","modified_gmt":"2025-05-07T09:44:44","slug":"guenstige-fussballtrikots-inter-miami-auswaertstrikot-2024-25-kurzarm-fussballtrikot-fuer-herren","status":"publish","type":"product","link":"https:\/\/www.billigtrikotde.com\/hr\/guenstige-fussballtrikots-inter-miami-auswaertstrikot-2024-25-kurzarm-fussballtrikot-fuer-herren\/","title":{"rendered":"Povoljni nogometni dresovi Inter Miami gostuju\u0107i dres 2024-25 kratkih rukava za mu\u0161karce"},"content":{"rendered":"<p>Nadahnut blistavom obalom grada, gostuju\u0107i dres Internacional Miami 2024 2025 isti\u010de se ru\u017ei\u010dastim detaljima i uzorkom vala. Osmije est\u00e1n izra\u0111en za udobnost nogometnih navija\u010da i kombinira glatko tkaninu s odvla\u010denjem vlage AEROREADY. Motiv mom\u010dadi \u201eFreedom is my dream\u201c otisnut je na oznaci na vratu. Ovaj proizvod se sastoji od 100 % od recikliranog [\u2026]<\/p>\n<p>Savjeti za ispis: Ako ime i broj na slici to\u010dno odgovaraju va\u0161im \u017eeljama, ne morate ih ponovno unositi. Ako ne, unesite \u017eeljeno ime i broj.<\/p>\n<p>Savjeti za pranje: Preporu\u010duje se ru\u010dno pranje nogometnih dresova. Ako \u017eelite koristiti perilicu, sjetite se okrenuti dresove naopako prije pranja. Napunite perilicu hladnom vodom i koristite program za osjetljive tkanine kako biste bolje za\u0161titili boje.<\/p>","protected":false},"excerpt":{"rendered":"<p>Nadahnut blistavom obalom grada, gostuju\u0107i dres Internacional Miami 2024 2025 isti\u010de se ru\u017ei\u010dastim detaljima i uzorkom vala. Osmije est\u00e1n izra\u0111en za udobnost nogometnih navija\u010da i kombinira glatko tkaninu s odvla\u010denjem vlage AEROREADY. Motiv mom\u010dadi \u201eFreedom is my dream\u201c otisnut je na oznaci na vratu. Ovaj proizvod se sastoji od 100 % od recikliranog [\u2026]<\/p>","protected":false},"featured_media":21427,"comment_status":"open","ping_status":"closed","template":"","meta":[],"product_brand":[],"product_cat":[557],"product_tag":[20,21,22,24,1467,633],"class_list":{"0":"post-21425","1":"product","2":"type-product","3":"status-publish","4":"has-post-thumbnail","6":"product_cat-inter-miami","7":"product_tag-coole-fussballtrikots","8":"product_tag-fussballtrikot-fuer-herren","9":"product_tag-fussballtrikot-guenstig-kaufen","10":"product_tag-guenstiges-fussballtrikot","11":"product_tag-inter-miami-auswaertstrikot-2024-25","12":"product_tag-inter-miami-fussballtrikot","14":"first","15":"instock","16":"shipping-taxable","17":"purchasable","18":"product-type-variable"},"_links":{"self":[{"href":"https:\/\/www.billigtrikotde.com\/hr\/wp-json\/wp\/v2\/product\/21425","targetHints":{"allow":["GET"]}}],"collection":[{"href":"https:\/\/www.billigtrikotde.com\/hr\/wp-json\/wp\/v2\/product"}],"about":[{"href":"https:\/\/www.billigtrikotde.com\/hr\/wp-json\/wp\/v2\/types\/product"}],"replies":[{"embeddable":true,"href":"https:\/\/www.billigtrikotde.com\/hr\/wp-json\/wp\/v2\/comments?post=21425"}],"wp:featuredmedia":[{"embeddable":true,"href":"https:\/\/www.billigtrikotde.com\/hr\/wp-json\/wp\/v2\/media\/21427"}],"wp:attachment":[{"href":"https:\/\/www.billigtrikotde.com\/hr\/wp-json\/wp\/v2\/media?parent=21425"}],"wp:term":[{"taxonomy":"product_brand","embeddable":true,"href":"https:\/\/www.billigtrikotde.com\/hr\/wp-json\/wp\/v2\/product_brand?post=21425"},{"taxonomy":"product_cat","embeddable":true,"href":"https:\/\/www.billigtrikotde.com\/hr\/wp-json\/wp\/v2\/product_cat?post=21425"},{"taxonomy":"product_tag","embeddable":true,"href":"https:\/\/www.billigtrikotde.com\/hr\/wp-json\/wp\/v2\/product_tag?post=21425"}],"curies":[{"name":"wp","href":"https:\/\/api.w.org\/{rel}","templated":true}]}}