{"id":21412,"date":"2025-03-25T16:25:54","date_gmt":"2025-03-25T15:25:54","guid":{"rendered":"https:\/\/www.billigtrikotde.com\/?post_type=product&#038;p=21412"},"modified":"2025-04-10T10:42:35","modified_gmt":"2025-04-10T08:42:35","slug":"billige-trikots-kinder-inter-miami-heimtrikot-2024-25-lionel-messi-10","status":"publish","type":"product","link":"https:\/\/www.billigtrikotde.com\/hr\/billige-trikots-kinder-inter-miami-heimtrikot-2024-25-lionel-messi-10\/","title":{"rendered":"Jeftini dresovi za djecu Inter Miami doma\u0107i dres 2024-25 Lionel Messi 10"},"content":{"rendered":"<p>Jednostavan, ali pun ponosa za Lionela Messija iz Inter Miami FC-a: Doma\u0107i dres kluba je jednostavan ru\u017ei\u010dasti. \u010cista ru\u017ei\u010dasta boja je tamnija nego pro\u0161losezonski dres, s crnim detaljima na ovratniku, rubu, stranama i logotipu. Grb Inter Miami je u\u0161iven u sredinu dresa i otisnut sponzorskim logom Royal Caribbean. Na stra\u017enjoj strani dresa nalazi se slu\u017ebeno ime \u201eMessi\u201c i njegov broj mom\u010dadi \u201e10\u201c.<\/p>\n<p>Ovaj nogometni dres je idealan za utakmice, pokazuje odanost Messiju i Inter Miamiju te spaja udobnost i performanse. Ima rebrasti okrugli izrez, kratke rukave i usku kroj. Integrirana Aeroready tehnologija performansi odr\u017eava vas hladnim, suhim i udobnim, bilo da igrate nogomet ili gledate.<\/p>\n<p>Savjeti za ispis: Ako ime i broj na slici to\u010dno odgovaraju va\u0161im \u017eeljama, ne morate ih ponovno unositi. Ako ne, unesite \u017eeljeno ime i broj.<\/p>\n<p>Savjeti za pranje: Preporu\u010duje se ru\u010dno pranje nogometnih dresova. Ako \u017eelite koristiti perilicu, sjetite se okrenuti dresove naopako prije pranja. Napunite perilicu hladnom vodom i koristite program za osjetljive tkanine kako biste bolje za\u0161titili boje.<\/p>","protected":false},"excerpt":{"rendered":"<p>Jednostavan, a ipak pun ponosa za Lionela Messija iz Inter Miami FC-a: Doma\u0107i dres kluba je jednostavan ru\u017ei\u010dasti. \u010cista ru\u017ei\u010dasta boja je tamnija nego pro\u0161le sezone, s crnim detaljima na ovratniku, rubu, stranama i logotipu. Grb Inter Miami je u\u0161iven u sredinu dresa i sponzorski je [\u2026]<\/p>","protected":false},"featured_media":21414,"comment_status":"open","ping_status":"closed","template":"","meta":[],"product_brand":[],"product_cat":[569],"product_tag":[1462,20,22,1461,24,639,1466,1464,571,1463,1465,1299],"class_list":{"0":"post-21412","1":"product","2":"type-product","3":"status-publish","4":"has-post-thumbnail","6":"product_cat-inter-miami-kindertrikot","7":"product_tag-billige-deutschland-trikots","8":"product_tag-coole-fussballtrikots","9":"product_tag-fussballtrikot-guenstig-kaufen","10":"product_tag-guenstige-inter-miami-trikot-kinder","11":"product_tag-guenstiges-fussballtrikot","12":"product_tag-inter-miami-fussballtrikots-kinder-mit-eigenem-namen","13":"product_tag-inter-miami-heimtrikot","14":"product_tag-inter-miami-trikot-2024-25","15":"product_tag-inter-miami-trikot-fuer-kinder","16":"product_tag-inter-miami-trikot-kinder","17":"product_tag-inter-miami-trikots","18":"product_tag-lionel-messi-trikots","20":"first","21":"instock","22":"shipping-taxable","23":"purchasable","24":"product-type-variable"},"_links":{"self":[{"href":"https:\/\/www.billigtrikotde.com\/hr\/wp-json\/wp\/v2\/product\/21412","targetHints":{"allow":["GET"]}}],"collection":[{"href":"https:\/\/www.billigtrikotde.com\/hr\/wp-json\/wp\/v2\/product"}],"about":[{"href":"https:\/\/www.billigtrikotde.com\/hr\/wp-json\/wp\/v2\/types\/product"}],"replies":[{"embeddable":true,"href":"https:\/\/www.billigtrikotde.com\/hr\/wp-json\/wp\/v2\/comments?post=21412"}],"wp:featuredmedia":[{"embeddable":true,"href":"https:\/\/www.billigtrikotde.com\/hr\/wp-json\/wp\/v2\/media\/21414"}],"wp:attachment":[{"href":"https:\/\/www.billigtrikotde.com\/hr\/wp-json\/wp\/v2\/media?parent=21412"}],"wp:term":[{"taxonomy":"product_brand","embeddable":true,"href":"https:\/\/www.billigtrikotde.com\/hr\/wp-json\/wp\/v2\/product_brand?post=21412"},{"taxonomy":"product_cat","embeddable":true,"href":"https:\/\/www.billigtrikotde.com\/hr\/wp-json\/wp\/v2\/product_cat?post=21412"},{"taxonomy":"product_tag","embeddable":true,"href":"https:\/\/www.billigtrikotde.com\/hr\/wp-json\/wp\/v2\/product_tag?post=21412"}],"curies":[{"name":"wp","href":"https:\/\/api.w.org\/{rel}","templated":true}]}}