{"id":21409,"date":"2025-03-26T15:13:31","date_gmt":"2025-03-26T14:13:31","guid":{"rendered":"https:\/\/www.billigtrikotde.com\/?post_type=product&#038;p=21409"},"modified":"2025-04-10T10:42:21","modified_gmt":"2025-04-10T08:42:21","slug":"guenstige-fussballtrikots-kinder-inter-miami-3rd-trikot-2024-25-kurzarm-kurze-hosen","status":"publish","type":"product","link":"https:\/\/www.billigtrikotde.com\/hr\/guenstige-fussballtrikots-kinder-inter-miami-3rd-trikot-2024-25-kurzarm-kurze-hosen\/","title":{"rendered":"Povoljne nogometne dresove za djecu Inter Miami tre\u0107i dres 2024-25 kratki rukav + kratke hla\u010de"},"content":{"rendered":"<p>\u0160to je toliko jedinstveno u Miamijevoj sportskoj tradiciji? Tre\u0107a gostuju\u0107a majica Inter Miami FC 2024. godine posveta je legendarnom Orange Bowlu, kombiniraju\u0107i klasi\u010dne detalje s jarkim naran\u010dastim nijansama. AEROREADY dr\u017ei navija\u010de suhima dok bodre svoj tim. Na glatkom materijalu nalaze se naziv tima u Art-Deco stilu te Messijevo ime i broj.<\/p>\n<p>Savjeti za ispis: Ako ime i broj na slici to\u010dno odgovaraju va\u0161im \u017eeljama, ne morate ih ponovno unositi. Ako ne, unesite \u017eeljeno ime i broj.<\/p>\n<p>Savjeti za pranje: Preporu\u010duje se ru\u010dno pranje nogometnih dresova. Ako \u017eelite koristiti perilicu, sjetite se okrenuti dresove naopako prije pranja. Napunite perilicu hladnom vodom i koristite program za osjetljive tkanine kako biste bolje za\u0161titili boje.<\/p>","protected":false},"excerpt":{"rendered":"<p>\u0160to je toliko jedinstveno u Miamijevoj sportskoj tradiciji? Tre\u0107a gostuju\u0107a majica Inter Miami FC 2024. godine posveta je legendarnom Orange Bowlu, kombiniraju\u0107i klasi\u010dne detalje s jarkim naran\u010dastim nijansama. AEROREADY dr\u017ei navija\u010de suhima dok bodre svoj tim. Na glatkom materijalu nalaze se naziv tima u Art-Deco stilu te Messijevo ime i broj.<\/p>","protected":false},"featured_media":21411,"comment_status":"open","ping_status":"closed","template":"","meta":[],"product_brand":[],"product_cat":[569],"product_tag":[1462,20,22,1461,24,639,1464,571,1463,1465],"class_list":{"0":"post-21409","1":"product","2":"type-product","3":"status-publish","4":"has-post-thumbnail","6":"product_cat-inter-miami-kindertrikot","7":"product_tag-billige-deutschland-trikots","8":"product_tag-coole-fussballtrikots","9":"product_tag-fussballtrikot-guenstig-kaufen","10":"product_tag-guenstige-inter-miami-trikot-kinder","11":"product_tag-guenstiges-fussballtrikot","12":"product_tag-inter-miami-fussballtrikots-kinder-mit-eigenem-namen","13":"product_tag-inter-miami-trikot-2024-25","14":"product_tag-inter-miami-trikot-fuer-kinder","15":"product_tag-inter-miami-trikot-kinder","16":"product_tag-inter-miami-trikots","18":"first","19":"instock","20":"shipping-taxable","21":"purchasable","22":"product-type-variable"},"_links":{"self":[{"href":"https:\/\/www.billigtrikotde.com\/hr\/wp-json\/wp\/v2\/product\/21409","targetHints":{"allow":["GET"]}}],"collection":[{"href":"https:\/\/www.billigtrikotde.com\/hr\/wp-json\/wp\/v2\/product"}],"about":[{"href":"https:\/\/www.billigtrikotde.com\/hr\/wp-json\/wp\/v2\/types\/product"}],"replies":[{"embeddable":true,"href":"https:\/\/www.billigtrikotde.com\/hr\/wp-json\/wp\/v2\/comments?post=21409"}],"wp:featuredmedia":[{"embeddable":true,"href":"https:\/\/www.billigtrikotde.com\/hr\/wp-json\/wp\/v2\/media\/21411"}],"wp:attachment":[{"href":"https:\/\/www.billigtrikotde.com\/hr\/wp-json\/wp\/v2\/media?parent=21409"}],"wp:term":[{"taxonomy":"product_brand","embeddable":true,"href":"https:\/\/www.billigtrikotde.com\/hr\/wp-json\/wp\/v2\/product_brand?post=21409"},{"taxonomy":"product_cat","embeddable":true,"href":"https:\/\/www.billigtrikotde.com\/hr\/wp-json\/wp\/v2\/product_cat?post=21409"},{"taxonomy":"product_tag","embeddable":true,"href":"https:\/\/www.billigtrikotde.com\/hr\/wp-json\/wp\/v2\/product_tag?post=21409"}],"curies":[{"name":"wp","href":"https:\/\/api.w.org\/{rel}","templated":true}]}}