{"id":21367,"date":"2025-03-23T16:53:46","date_gmt":"2025-03-23T15:53:46","guid":{"rendered":"https:\/\/www.billigtrikotde.com\/?post_type=product&#038;p=21367"},"modified":"2025-03-23T16:56:46","modified_gmt":"2025-03-23T15:56:46","slug":"guenstige-kindertrikots-ajax-auswaertstrikot-2024-25-jordan-henderson-6","status":"publish","type":"product","link":"https:\/\/www.billigtrikotde.com\/hr\/guenstige-kindertrikots-ajax-auswaertstrikot-2024-25-jordan-henderson-6\/","title":{"rendered":"Povoljne dje\u010dje dresove Ajax gostuju\u0107i dres 2024-25 Jordan Henderson 6"},"content":{"rendered":"<p><strong>Povoljne dje\u010dje dresove Ajax gostuju\u0107i dres 2024-25 Jordan Henderson 6<\/strong><\/p>\n<p>Jeftini dresovi Ajaxa su hommage bogatoj povijesti Ajaxa i istovremeno unose moderne elemente i energiju u ovaj Ajax dres. Dres nogometnog kluba Ajax izgleda kao plava paleta, u kojoj su razli\u010dite nijanse plave koje su duboko ukorijenjene u identitet kluba, skladno isprepletene. Pravi vizualni atrakcija ovog Ajax dresa ipak je sjajna \u017euta nijansa koja cijelom ruhu daje sna\u017ean i istaknut kontrast.<\/p>\n<p>Savjeti za ispis: Ako ime i broj na slici to\u010dno odgovaraju va\u0161im \u017eeljama, ne morate ih ponovno unositi. Ako ne, unesite \u017eeljeno ime i broj.<\/p>\n<p>Savjeti za pranje: Preporu\u010duje se ru\u010dno pranje nogometnih dresova. Ako \u017eelite koristiti perilicu, sjetite se okrenuti dresove naopako prije pranja. Napunite perilicu hladnom vodom i koristite program za osjetljive tkanine kako biste bolje za\u0161titili boje.<\/p>","protected":false},"excerpt":{"rendered":"<p>Povoljne dje\u010dje dresove Ajax gostuju\u0107i dres 2024-25 Jordan Henderson 6 Jeftini dresovi Ajaxa su hommage bogatoj povijesti Ajaxa i istovremeno unose moderne elemente i energiju u ovaj Ajax-ov dres. Dres nogometnog kluba Ajax izgleda kao plava paleta, u kojoj su razli\u010dite nijanse plave, duboko ukorijenjene u identitet kluba [\u2026]<\/p>","protected":false},"featured_media":21369,"comment_status":"open","ping_status":"closed","template":"","meta":[],"product_brand":[],"product_cat":[680],"product_tag":[1372,681,682,1456,301,20,22,23,24,1458],"class_list":{"0":"post-21367","1":"product","2":"type-product","3":"status-publish","4":"has-post-thumbnail","6":"product_cat-ajax-kindertrikot","7":"product_tag-ajax-amsterdam-trikot","8":"product_tag-ajax-fussballtrikots-kinder-mit-eigenem-namen","9":"product_tag-ajax-trikot-fuer-kinder","10":"product_tag-ajax-trikot-kinder","11":"product_tag-ajax-trikots","12":"product_tag-coole-fussballtrikots","13":"product_tag-fussballtrikot-guenstig-kaufen","14":"product_tag-fussballtrikot-kurzarm","15":"product_tag-guenstiges-fussballtrikot","16":"product_tag-jordan-henderson-trikots","18":"first","19":"instock","20":"shipping-taxable","21":"purchasable","22":"product-type-variable"},"_links":{"self":[{"href":"https:\/\/www.billigtrikotde.com\/hr\/wp-json\/wp\/v2\/product\/21367","targetHints":{"allow":["GET"]}}],"collection":[{"href":"https:\/\/www.billigtrikotde.com\/hr\/wp-json\/wp\/v2\/product"}],"about":[{"href":"https:\/\/www.billigtrikotde.com\/hr\/wp-json\/wp\/v2\/types\/product"}],"replies":[{"embeddable":true,"href":"https:\/\/www.billigtrikotde.com\/hr\/wp-json\/wp\/v2\/comments?post=21367"}],"wp:featuredmedia":[{"embeddable":true,"href":"https:\/\/www.billigtrikotde.com\/hr\/wp-json\/wp\/v2\/media\/21369"}],"wp:attachment":[{"href":"https:\/\/www.billigtrikotde.com\/hr\/wp-json\/wp\/v2\/media?parent=21367"}],"wp:term":[{"taxonomy":"product_brand","embeddable":true,"href":"https:\/\/www.billigtrikotde.com\/hr\/wp-json\/wp\/v2\/product_brand?post=21367"},{"taxonomy":"product_cat","embeddable":true,"href":"https:\/\/www.billigtrikotde.com\/hr\/wp-json\/wp\/v2\/product_cat?post=21367"},{"taxonomy":"product_tag","embeddable":true,"href":"https:\/\/www.billigtrikotde.com\/hr\/wp-json\/wp\/v2\/product_tag?post=21367"}],"curies":[{"name":"wp","href":"https:\/\/api.w.org\/{rel}","templated":true}]}}