{"id":21288,"date":"2025-03-17T15:03:50","date_gmt":"2025-03-17T14:03:50","guid":{"rendered":"https:\/\/www.billigtrikotde.com\/?post_type=product&#038;p=21288"},"modified":"2025-03-17T15:17:54","modified_gmt":"2025-03-17T14:17:54","slug":"kinder-arsenal-auswaertstrikot-2024-25-mit-aufdruck-mikel-merino-23","status":"publish","type":"product","link":"https:\/\/www.billigtrikotde.com\/hr\/kinder-arsenal-auswaertstrikot-2024-25-mit-aufdruck-mikel-merino-23\/","title":{"rendered":"Dje\u010dja Arsenal gostuju\u0107a majica 2024-25 s natpisom Mikel Merino 23"},"content":{"rendered":"<p>Ovo je najnovija gostuju\u0107a majica Arsenala za sezonu 2024\u201325. Ono \u0161to ovu Arsenalovu majicu \u010dini jedinstvenom je njezina svijetle\u0107a kombinacija boja crne, crvene i zelene koja odra\u017eava stil panafrikanske zastave. \u0160tovi\u0161e, svaki bi trebao baciti pogled na uzorak ove nogometne majice Arsenala jer je prili\u010dno upadljiv. Hla\u010dice na bo\u010dnim stranama imaju bijeli prugasti uzorak, uzorak koji se \u010desto koristi u afri\u010dkim dizajnima za prikaz \u0161koljki.<\/p>\n<p>Savjeti za ispis: Ako ime i broj na slici to\u010dno odgovaraju va\u0161im \u017eeljama, ne morate ih ponovno unositi. Ako ne, unesite \u017eeljeno ime i broj.<\/p>\n<p>Savjeti za pranje: Preporu\u010duje se ru\u010dno pranje nogometnih dresova. Ako \u017eelite koristiti perilicu, sjetite se okrenuti dresove naopako prije pranja. Napunite perilicu hladnom vodom i koristite program za osjetljive tkanine kako biste bolje za\u0161titili boje.<\/p>","protected":false},"excerpt":{"rendered":"<p>Dies ist das neueste Ausw\u00e4rtstrikot von Arsenal 2024\u201325. Was dieses Arsenal-Trikot einzigartig macht, ist seine leuchtende Farbgebung in Schwarz, Rot und Gr\u00fcn, die den Stil der panafrikanischen Flagge widerspiegelt. Dar\u00fcber hinaus sollte jeder einen Blick auf das Muster dieses Arsenal-Fu\u00dfballtrikots werfen, da es ziemlich auff\u00e4llig ist. Die Shorts haben an den Seiten ein wei\u00dfes Zickzackmuster, [&hellip;]<\/p>","protected":false},"featured_media":21290,"comment_status":"open","ping_status":"closed","template":"","meta":[],"product_brand":[],"product_cat":[167],"product_tag":[851,1445,852,1263,20],"class_list":{"0":"post-21288","1":"product","2":"type-product","3":"status-publish","4":"has-post-thumbnail","6":"product_cat-arsenal-kindertrikot","7":"product_tag-arsenal-fussballtrikots-kinder","8":"product_tag-arsenal-fussballtrikots-kinder-mit-eigenem-namen","9":"product_tag-arsenal-trikot-fuer-kinder","10":"product_tag-arsenal-trikotsatz-fuer-kinder","11":"product_tag-coole-fussballtrikots","13":"first","14":"instock","15":"shipping-taxable","16":"purchasable","17":"product-type-variable"},"_links":{"self":[{"href":"https:\/\/www.billigtrikotde.com\/hr\/wp-json\/wp\/v2\/product\/21288","targetHints":{"allow":["GET"]}}],"collection":[{"href":"https:\/\/www.billigtrikotde.com\/hr\/wp-json\/wp\/v2\/product"}],"about":[{"href":"https:\/\/www.billigtrikotde.com\/hr\/wp-json\/wp\/v2\/types\/product"}],"replies":[{"embeddable":true,"href":"https:\/\/www.billigtrikotde.com\/hr\/wp-json\/wp\/v2\/comments?post=21288"}],"wp:featuredmedia":[{"embeddable":true,"href":"https:\/\/www.billigtrikotde.com\/hr\/wp-json\/wp\/v2\/media\/21290"}],"wp:attachment":[{"href":"https:\/\/www.billigtrikotde.com\/hr\/wp-json\/wp\/v2\/media?parent=21288"}],"wp:term":[{"taxonomy":"product_brand","embeddable":true,"href":"https:\/\/www.billigtrikotde.com\/hr\/wp-json\/wp\/v2\/product_brand?post=21288"},{"taxonomy":"product_cat","embeddable":true,"href":"https:\/\/www.billigtrikotde.com\/hr\/wp-json\/wp\/v2\/product_cat?post=21288"},{"taxonomy":"product_tag","embeddable":true,"href":"https:\/\/www.billigtrikotde.com\/hr\/wp-json\/wp\/v2\/product_tag?post=21288"}],"curies":[{"name":"wp","href":"https:\/\/api.w.org\/{rel}","templated":true}]}}