{"id":21282,"date":"2025-03-16T11:28:43","date_gmt":"2025-03-16T10:28:43","guid":{"rendered":"https:\/\/www.billigtrikotde.com\/?post_type=product&#038;p=21282"},"modified":"2025-03-16T11:28:44","modified_gmt":"2025-03-16T10:28:44","slug":"guenstige-fussballtrikots-kinder-arsenal-3rd-trikot-2024-25-jakub-kiwior-15","status":"publish","type":"product","link":"https:\/\/www.billigtrikotde.com\/hr\/guenstige-fussballtrikots-kinder-arsenal-3rd-trikot-2024-25-jakub-kiwior-15\/","title":{"rendered":"Povoljne dje\u010dje nogometne dresove Arsenal 3rd dres 2024-25 Jakub Kiwior 15"},"content":{"rendered":"<p>Arsenalova majica 2024\u201325 sastoji se od upe\u010datljivog mije\u0161anja svijetloplave, pono\u0107ne plave i jarke Veronica ljubi\u010daste. Neki su grafi\u010dki elementi izra\u0111eni u ljubi\u010dastoj, \u0161to osvjetljava izgled Arsenalove majice.<\/p>\n<p>Savjeti za ispis: Ako ime i broj na slici to\u010dno odgovaraju va\u0161im \u017eeljama, ne morate ih ponovno unositi. Ako ne, unesite \u017eeljeno ime i broj.<\/p>\n<p>Savjeti za pranje: Preporu\u010duje se ru\u010dno pranje nogometnih dresova. Ako \u017eelite koristiti perilicu, sjetite se okrenuti dresove naopako prije pranja. Napunite perilicu hladnom vodom i koristite program za osjetljive tkanine kako biste bolje za\u0161titili boje.<\/p>","protected":false},"excerpt":{"rendered":"<p>Arsenalov dres 2024\u201325 sastoji se od upe\u010datljive mje\u0161avine svijetloplave, pono\u0107noplave i svijetle Veronica ljubi\u010daste. Neke su grafike u ljubi\u010dastoj boji, \u0161to osvjetljava izgled Arsenalovog dresa. Savjeti za tiskanje: Ako ime i broj na slici to\u010dno odgovaraju va\u0161im \u017eeljama, ne morate ih ponovno unositi. Ako ne, trebali biste svoj [\u2026]<\/p>","protected":false},"featured_media":21284,"comment_status":"open","ping_status":"closed","template":"","meta":[],"product_brand":[],"product_cat":[167],"product_tag":[851,1445,852,1263,20,1440,1439,94],"class_list":{"0":"post-21282","1":"product","2":"type-product","3":"status-publish","4":"has-post-thumbnail","6":"product_cat-arsenal-kindertrikot","7":"product_tag-arsenal-fussballtrikots-kinder","8":"product_tag-arsenal-fussballtrikots-kinder-mit-eigenem-namen","9":"product_tag-arsenal-trikot-fuer-kinder","10":"product_tag-arsenal-trikotsatz-fuer-kinder","11":"product_tag-coole-fussballtrikots","12":"product_tag-guenstige-jakub-kiwior-trikot-kinder","13":"product_tag-jakub-kiwior-trikot-kinder-kaufen","14":"product_tag-kinder-fussball-trikotsatz","16":"first","17":"instock","18":"shipping-taxable","19":"purchasable","20":"product-type-variable"},"_links":{"self":[{"href":"https:\/\/www.billigtrikotde.com\/hr\/wp-json\/wp\/v2\/product\/21282","targetHints":{"allow":["GET"]}}],"collection":[{"href":"https:\/\/www.billigtrikotde.com\/hr\/wp-json\/wp\/v2\/product"}],"about":[{"href":"https:\/\/www.billigtrikotde.com\/hr\/wp-json\/wp\/v2\/types\/product"}],"replies":[{"embeddable":true,"href":"https:\/\/www.billigtrikotde.com\/hr\/wp-json\/wp\/v2\/comments?post=21282"}],"wp:featuredmedia":[{"embeddable":true,"href":"https:\/\/www.billigtrikotde.com\/hr\/wp-json\/wp\/v2\/media\/21284"}],"wp:attachment":[{"href":"https:\/\/www.billigtrikotde.com\/hr\/wp-json\/wp\/v2\/media?parent=21282"}],"wp:term":[{"taxonomy":"product_brand","embeddable":true,"href":"https:\/\/www.billigtrikotde.com\/hr\/wp-json\/wp\/v2\/product_brand?post=21282"},{"taxonomy":"product_cat","embeddable":true,"href":"https:\/\/www.billigtrikotde.com\/hr\/wp-json\/wp\/v2\/product_cat?post=21282"},{"taxonomy":"product_tag","embeddable":true,"href":"https:\/\/www.billigtrikotde.com\/hr\/wp-json\/wp\/v2\/product_tag?post=21282"}],"curies":[{"name":"wp","href":"https:\/\/api.w.org\/{rel}","templated":true}]}}