{"id":21276,"date":"2025-06-04T16:02:51","date_gmt":"2025-06-04T14:02:51","guid":{"rendered":"https:\/\/www.billigtrikotde.com\/?post_type=product&#038;p=21276"},"modified":"2025-06-11T13:57:23","modified_gmt":"2025-06-11T11:57:23","slug":"fussballtrikots-arsenal-jakub-kiwior-15-heimtrikot-kinder-2024-25-anpassbare-name-und-nummer","status":"publish","type":"product","link":"https:\/\/www.billigtrikotde.com\/hr\/fussballtrikots-arsenal-jakub-kiwior-15-heimtrikot-kinder-2024-25-anpassbare-name-und-nummer\/","title":{"rendered":"Arsenal Jakub Kiwior #15 ku\u0107ni dres za djecu 2024-25 kratki rukav (+ kratke hla\u010de)"},"content":{"rendered":"<h3>Nogometne dresove Arsenal Jakub Kiwior #15 Doma\u0107i dresovi za djecu 2024-25 Prilagodljivo ime i broj<\/h3>\n<p>Arsenalov doma\u0107i dres 2024-2025 kombinira klasi\u010dnu crvenu boju kluba s bijelim logotipima i tamnoplai designelementima. \u0160to se ti\u010de dizajna, Arsenalov 2024-25 doma\u0107i dres je prili\u010dno jednostavan. Temelji se na novom predlo\u0161ku 2024\u201325 i ima jedinstvene bo\u010dne oznake, u ovom slu\u010daju plave.<\/p>\n<p>Savjeti za ispis: Ako ime i broj na slici to\u010dno odgovaraju va\u0161im \u017eeljama, ne morate ih ponovno unositi. Ako ne, unesite \u017eeljeno ime i broj.<\/p>\n<p>Savjeti za pranje: Preporu\u010duje se ru\u010dno pranje nogometnih dresova. Ako \u017eelite koristiti perilicu, sjetite se okrenuti dresove naopako prije pranja. Napunite perilicu hladnom vodom i koristite program za osjetljive tkanine kako biste bolje za\u0161titili boje.<\/p>","protected":false},"excerpt":{"rendered":"<p>Nogometni dresovi Arsenal Jakub Kiwior #15 doma\u0107i dres za djecu 2024-25 Prilagodljivo ime i broj. Arsenalov doma\u0107i dres 2024-2025 kombinira klasi\u010dnu crvenu glavnu boju kluba s bijelim logotipima i tamnoplave dizajnerske elemente. \u0160to se ti\u010de dizajna, Arsenalov doma\u0107i dres 2024-25 prili\u010dno je jednostavan. Utemeljen je na novom predlo\u0161ku 2024\u201325 i ima jedinstvene bo\u010dne oznake, u ovom slu\u010daju u plavoj boji. [\u2026]<\/p>","protected":false},"featured_media":21278,"comment_status":"open","ping_status":"closed","template":"","meta":[],"product_brand":[],"product_cat":[167],"product_tag":[1440,1439,1526],"class_list":{"0":"post-21276","1":"product","2":"type-product","3":"status-publish","4":"has-post-thumbnail","6":"product_cat-arsenal-kindertrikot","7":"product_tag-guenstige-jakub-kiwior-trikot-kinder","8":"product_tag-jakub-kiwior-trikot-kinder-kaufen","9":"product_tag-jakub-kiwior-trikots","11":"first","12":"instock","13":"shipping-taxable","14":"purchasable","15":"product-type-variable"},"_links":{"self":[{"href":"https:\/\/www.billigtrikotde.com\/hr\/wp-json\/wp\/v2\/product\/21276","targetHints":{"allow":["GET"]}}],"collection":[{"href":"https:\/\/www.billigtrikotde.com\/hr\/wp-json\/wp\/v2\/product"}],"about":[{"href":"https:\/\/www.billigtrikotde.com\/hr\/wp-json\/wp\/v2\/types\/product"}],"replies":[{"embeddable":true,"href":"https:\/\/www.billigtrikotde.com\/hr\/wp-json\/wp\/v2\/comments?post=21276"}],"wp:featuredmedia":[{"embeddable":true,"href":"https:\/\/www.billigtrikotde.com\/hr\/wp-json\/wp\/v2\/media\/21278"}],"wp:attachment":[{"href":"https:\/\/www.billigtrikotde.com\/hr\/wp-json\/wp\/v2\/media?parent=21276"}],"wp:term":[{"taxonomy":"product_brand","embeddable":true,"href":"https:\/\/www.billigtrikotde.com\/hr\/wp-json\/wp\/v2\/product_brand?post=21276"},{"taxonomy":"product_cat","embeddable":true,"href":"https:\/\/www.billigtrikotde.com\/hr\/wp-json\/wp\/v2\/product_cat?post=21276"},{"taxonomy":"product_tag","embeddable":true,"href":"https:\/\/www.billigtrikotde.com\/hr\/wp-json\/wp\/v2\/product_tag?post=21276"}],"curies":[{"name":"wp","href":"https:\/\/api.w.org\/{rel}","templated":true}]}}