{"id":21267,"date":"2025-06-04T15:56:24","date_gmt":"2025-06-04T13:56:24","guid":{"rendered":"https:\/\/www.billigtrikotde.com\/?post_type=product&#038;p=21267"},"modified":"2025-06-11T13:57:07","modified_gmt":"2025-06-11T11:57:07","slug":"billige-fussballtrikots-trikotsatz-arsenal-riccardo-calafiori-33-heimtrikot-kinder-2024-25","status":"publish","type":"product","link":"https:\/\/www.billigtrikotde.com\/hr\/billige-fussballtrikots-trikotsatz-arsenal-riccardo-calafiori-33-heimtrikot-kinder-2024-25\/","title":{"rendered":"Arsenal Riccardo Calafiori #33 ku\u0107ni dres za djecu 2024-25 kratki rukav (+ kratke hla\u010de)"},"content":{"rendered":"<h3>Jeftini nogometni dresovi dres set Arsenal Riccardo Calafiori #33 Doma\u0107i dres za djecu 2024-25<\/h3>\n<p>Arsenalov doma\u0107i dres 2024-2025 kombinira klasi\u010dnu crvenu boju kluba s bijelim logotipima i tamnoplai designelementima. \u0160to se ti\u010de dizajna, Arsenalov 2024-25 doma\u0107i dres je prili\u010dno jednostavan. Temelji se na novom predlo\u0161ku 2024\u201325 i ima jedinstvene bo\u010dne oznake, u ovom slu\u010daju plave.<\/p>\n<p>Savjeti za ispis: Ako ime i broj na slici to\u010dno odgovaraju va\u0161im \u017eeljama, ne morate ih ponovno unositi. Ako ne, unesite \u017eeljeno ime i broj.<\/p>\n<p>Savjeti za pranje: Preporu\u010duje se ru\u010dno pranje nogometnih dresova. Ako \u017eelite koristiti perilicu, sjetite se okrenuti dresove naopako prije pranja. Napunite perilicu hladnom vodom i koristite program za osjetljive tkanine kako biste bolje za\u0161titili boje.<\/p>","protected":false},"excerpt":{"rendered":"<p>Billige Fussballtrikots trikotsatz Arsenal Riccardo Calafiori #33 Heimtrikot Kinder 2024-25 Das Arsenal Heimtrikot 2024-2025 kombiniert die klassische rote Hauptfarbe des Vereins mit wei\u00dfen Logos und dunkelblauen Designelementen. In Bezug auf das Design ist das Arsenal 2024-25 Heimtrikot recht schlicht. Es basiert auf der neuen Vorlage 2024\u201325 und verf\u00fcgt \u00fcber einzigartige Seitenmarkierungen, in diesem Fall in [\u2026]<\/p>","protected":false},"featured_media":21269,"comment_status":"open","ping_status":"closed","template":"","meta":[],"product_brand":[],"product_cat":[167],"product_tag":[1524,1525,1447],"class_list":{"0":"post-21267","1":"product","2":"type-product","3":"status-publish","4":"has-post-thumbnail","6":"product_cat-arsenal-kindertrikot","7":"product_tag-guenstige-riccardo-calafiori-trikot-kinder","8":"product_tag-riccardo-calafiori-trikot-kinder-kaufen","9":"product_tag-riccardo-calafiori-trikots","11":"first","12":"instock","13":"shipping-taxable","14":"purchasable","15":"product-type-variable"},"_links":{"self":[{"href":"https:\/\/www.billigtrikotde.com\/hr\/wp-json\/wp\/v2\/product\/21267","targetHints":{"allow":["GET"]}}],"collection":[{"href":"https:\/\/www.billigtrikotde.com\/hr\/wp-json\/wp\/v2\/product"}],"about":[{"href":"https:\/\/www.billigtrikotde.com\/hr\/wp-json\/wp\/v2\/types\/product"}],"replies":[{"embeddable":true,"href":"https:\/\/www.billigtrikotde.com\/hr\/wp-json\/wp\/v2\/comments?post=21267"}],"wp:featuredmedia":[{"embeddable":true,"href":"https:\/\/www.billigtrikotde.com\/hr\/wp-json\/wp\/v2\/media\/21269"}],"wp:attachment":[{"href":"https:\/\/www.billigtrikotde.com\/hr\/wp-json\/wp\/v2\/media?parent=21267"}],"wp:term":[{"taxonomy":"product_brand","embeddable":true,"href":"https:\/\/www.billigtrikotde.com\/hr\/wp-json\/wp\/v2\/product_brand?post=21267"},{"taxonomy":"product_cat","embeddable":true,"href":"https:\/\/www.billigtrikotde.com\/hr\/wp-json\/wp\/v2\/product_cat?post=21267"},{"taxonomy":"product_tag","embeddable":true,"href":"https:\/\/www.billigtrikotde.com\/hr\/wp-json\/wp\/v2\/product_tag?post=21267"}],"curies":[{"name":"wp","href":"https:\/\/api.w.org\/{rel}","templated":true}]}}