{"id":21227,"date":"2025-06-04T15:38:58","date_gmt":"2025-06-04T13:38:58","guid":{"rendered":"https:\/\/www.billigtrikotde.com\/?post_type=product&#038;p=21227"},"modified":"2025-06-11T13:56:15","modified_gmt":"2025-06-11T11:56:15","slug":"kinder-fussball-trikot-arsenal-heimtrikot-2024-25-mit-namen-raheem-sterling-30","status":"publish","type":"product","link":"https:\/\/www.billigtrikotde.com\/hr\/kinder-fussball-trikot-arsenal-heimtrikot-2024-25-mit-namen-raheem-sterling-30\/","title":{"rendered":"Arsenal Raheem Sterling #30 ku\u0107ni dres za djecu 2024-25 kratki rukav (+ kratke hla\u010de)"},"content":{"rendered":"<h3>Dje\u010dji futsal Arsenal doma\u0107i dres 2024-25 s imenom Raheem Sterling 30<\/h3>\n<p>Arsenalov doma\u0107i dres 2024-2025 kombinira klasi\u010dnu crvenu boju kluba s bijelim logotipima i tamnoplai designelementima. \u0160to se ti\u010de dizajna, Arsenalov 2024-25 doma\u0107i dres je prili\u010dno jednostavan. Temelji se na novom predlo\u0161ku 2024\u201325 i ima jedinstvene bo\u010dne oznake, u ovom slu\u010daju plave.<\/p>\n<p>Savjeti za ispis: Ako ime i broj na slici to\u010dno odgovaraju va\u0161im \u017eeljama, ne morate ih ponovno unositi. Ako ne, unesite \u017eeljeno ime i broj.<\/p>\n<p>Savjeti za pranje: Preporu\u010duje se ru\u010dno pranje nogometnih dresova. Ako \u017eelite koristiti perilicu, sjetite se okrenuti dresove naopako prije pranja. Napunite perilicu hladnom vodom i koristite program za osjetljive tkanine kako biste bolje za\u0161titili boje.<\/p>","protected":false},"excerpt":{"rendered":"<p>Dje\u010dji nogometni dres Arsenal doma\u0107i dres 2024-25 s imenom Raheem Sterling 30 Doma\u0107i dres Arsenala 2024-2025 kombinira klasi\u010dnu crvenu osnovnu boju kluba s bijelim logotipima i tamnoplave dizajnerske elemente. \u0160to se ti\u010de dizajna, doma\u0107i dres Arsenal 2024-25 prili\u010dno je jednostavan. Temelji se na novom predlogu 2024\u201325 i ima jedinstvene bo\u010dne oznake, u ovom slu\u010daju [\u2026]<\/p>","protected":false},"featured_media":21229,"comment_status":"open","ping_status":"closed","template":"","meta":[],"product_brand":[],"product_cat":[167],"product_tag":[1519,1520,1521],"class_list":{"0":"post-21227","1":"product","2":"type-product","3":"status-publish","4":"has-post-thumbnail","6":"product_cat-arsenal-kindertrikot","7":"product_tag-guenstige-raheem-sterling-trikot-kinder","8":"product_tag-raheem-sterling-trikot-kinder-kaufen","9":"product_tag-raheem-sterling-trikots","11":"first","12":"instock","13":"shipping-taxable","14":"purchasable","15":"product-type-variable"},"_links":{"self":[{"href":"https:\/\/www.billigtrikotde.com\/hr\/wp-json\/wp\/v2\/product\/21227","targetHints":{"allow":["GET"]}}],"collection":[{"href":"https:\/\/www.billigtrikotde.com\/hr\/wp-json\/wp\/v2\/product"}],"about":[{"href":"https:\/\/www.billigtrikotde.com\/hr\/wp-json\/wp\/v2\/types\/product"}],"replies":[{"embeddable":true,"href":"https:\/\/www.billigtrikotde.com\/hr\/wp-json\/wp\/v2\/comments?post=21227"}],"wp:featuredmedia":[{"embeddable":true,"href":"https:\/\/www.billigtrikotde.com\/hr\/wp-json\/wp\/v2\/media\/21229"}],"wp:attachment":[{"href":"https:\/\/www.billigtrikotde.com\/hr\/wp-json\/wp\/v2\/media?parent=21227"}],"wp:term":[{"taxonomy":"product_brand","embeddable":true,"href":"https:\/\/www.billigtrikotde.com\/hr\/wp-json\/wp\/v2\/product_brand?post=21227"},{"taxonomy":"product_cat","embeddable":true,"href":"https:\/\/www.billigtrikotde.com\/hr\/wp-json\/wp\/v2\/product_cat?post=21227"},{"taxonomy":"product_tag","embeddable":true,"href":"https:\/\/www.billigtrikotde.com\/hr\/wp-json\/wp\/v2\/product_tag?post=21227"}],"curies":[{"name":"wp","href":"https:\/\/api.w.org\/{rel}","templated":true}]}}