{"id":2099,"date":"2024-10-23T13:59:53","date_gmt":"2024-10-23T11:59:53","guid":{"rendered":"http:\/\/billigtrikots.com\/?post_type=product&#038;p=2099"},"modified":"2024-10-23T14:01:25","modified_gmt":"2024-10-23T12:01:25","slug":"inter-mailand-stadium-auswaertstrikot-2022-weiss-blau-mit-aufdruck-eriksen-24","status":"publish","type":"product","link":"https:\/\/www.billigtrikotde.com\/hr\/inter-mailand-stadium-auswaertstrikot-2022-weiss-blau-mit-aufdruck-eriksen-24\/","title":{"rendered":"Inter Milan Stadium gostuju\u0107i dres 2022 bijelo\/plavo s natpisom Eriksen 24"},"content":{"rendered":"<p>Podr\u017eite Nerazzurre s Nike Inter Milan 21\/22 Stadium gostuju\u0107im dresom, verzijom dresa koji nose profesionalci, s ne\u0161to opu\u0161tenijim krojem.<\/p>\n<p>Nike Inter Milan 21\/22 Stadium gostuju\u0107i dres, posebno dizajniran za navija\u010de, sastoji se od laganog Nike Breathe materijala koji vas odr\u017eava hladnim i udobnim, bilo da slijedite svoje heroje tijekom igre ili ih bodrite s tribina.<\/p>\n<p>Inter Milan 21\/22 gostuju\u0107i dres slavi novu vizualnu identitet kluba i nudi uz novo dizajnirani \u201eIM\u201c grb, ru\u010dno nacrtanu grafiku Biscione zmije, koja podsje\u0107a na klasi\u010dni dres iz 10\/11. godine i predstavlja prijelaz iz jedne ere u drugu.<\/p>\n<p>Savjeti za ispis: Ako ime i broj na slici to\u010dno odgovaraju va\u0161im \u017eeljama, ne morate ih ponovno unositi. Ako ne, unesite \u017eeljeno ime i broj.<\/p>\n<p>Savjeti za pranje: Preporu\u010duje se ru\u010dno pranje nogometnih dresova. Ako \u017eelite koristiti perilicu, sjetite se okrenuti dresove naopako prije pranja. Napunite perilicu hladnom vodom i koristite program za osjetljive tkanine kako biste bolje za\u0161titili boje.<\/p>","protected":false},"excerpt":{"rendered":"<p>Podr\u017eite Nerazzurre s Nike Inter Milan 21\/22 stadion gostuju\u0107im dresom, verzijom dresa koji nose profesionalci, s ne\u0161to opu\u0161tenijim krojem. Nike Inter Milan 21\/22 stadion gostuju\u0107i dres, posebno dizajniran za navija\u010de, izra\u0111en je od laganog Nike Breathe materijala koji \u0107e vas odr\u017eavati hladnim i udobnim, bilo da navijate za svoje heroje u [...]<\/p>","protected":false},"featured_media":2130,"comment_status":"open","ping_status":"closed","template":"","meta":[],"product_brand":[],"product_cat":[77],"product_tag":[20,21,22,23,24,79,78],"class_list":{"0":"post-2099","1":"product","2":"type-product","3":"status-publish","4":"has-post-thumbnail","6":"product_cat-inter-milan","7":"product_tag-coole-fussballtrikots","8":"product_tag-fussballtrikot-fuer-herren","9":"product_tag-fussballtrikot-guenstig-kaufen","10":"product_tag-fussballtrikot-kurzarm","11":"product_tag-guenstiges-fussballtrikot","12":"product_tag-inter-milan-auswaertstrikot","13":"product_tag-inter-milan-trikots","15":"first","16":"instock","17":"shipping-taxable","18":"purchasable","19":"product-type-variable"},"_links":{"self":[{"href":"https:\/\/www.billigtrikotde.com\/hr\/wp-json\/wp\/v2\/product\/2099","targetHints":{"allow":["GET"]}}],"collection":[{"href":"https:\/\/www.billigtrikotde.com\/hr\/wp-json\/wp\/v2\/product"}],"about":[{"href":"https:\/\/www.billigtrikotde.com\/hr\/wp-json\/wp\/v2\/types\/product"}],"replies":[{"embeddable":true,"href":"https:\/\/www.billigtrikotde.com\/hr\/wp-json\/wp\/v2\/comments?post=2099"}],"wp:featuredmedia":[{"embeddable":true,"href":"https:\/\/www.billigtrikotde.com\/hr\/wp-json\/wp\/v2\/media\/2130"}],"wp:attachment":[{"href":"https:\/\/www.billigtrikotde.com\/hr\/wp-json\/wp\/v2\/media?parent=2099"}],"wp:term":[{"taxonomy":"product_brand","embeddable":true,"href":"https:\/\/www.billigtrikotde.com\/hr\/wp-json\/wp\/v2\/product_brand?post=2099"},{"taxonomy":"product_cat","embeddable":true,"href":"https:\/\/www.billigtrikotde.com\/hr\/wp-json\/wp\/v2\/product_cat?post=2099"},{"taxonomy":"product_tag","embeddable":true,"href":"https:\/\/www.billigtrikotde.com\/hr\/wp-json\/wp\/v2\/product_tag?post=2099"}],"curies":[{"name":"wp","href":"https:\/\/api.w.org\/{rel}","templated":true}]}}