{"id":20885,"date":"2025-03-06T14:17:46","date_gmt":"2025-03-06T13:17:46","guid":{"rendered":"https:\/\/www.billigtrikotde.com\/?post_type=product&#038;p=20885"},"modified":"2025-03-06T14:54:23","modified_gmt":"2025-03-06T13:54:23","slug":"billige-trikots-kinder-ac-milan-auswaerts-trikotsatz-2024-25-strahinja-pavlovic-31","status":"publish","type":"product","link":"https:\/\/www.billigtrikotde.com\/hr\/billige-trikots-kinder-ac-milan-auswaerts-trikotsatz-2024-25-strahinja-pavlovic-31\/","title":{"rendered":"Jeftini dje\u010dji dresovi AC Milan gostuju\u0107i dres komplet 2024-25 Strahinja Pavlovi\u0107 31"},"content":{"rendered":"<p>Bijeli gostuju\u0107i dres pretjeruje klasi\u010dan dizajn boja AC Milana i predstavlja novi izgled za sezonu 24\/25. Bijeli dres nosi diskretan uzorak s vertikalnim prugama. Ovratnik i rukavi su ukra\u0161eni crvenim i crnim ukrasima, a crni logo zaokru\u017euje dizajn. Postoji grb AC Milana otisnut silikonom i dva istopljena logotipa sponzora.<\/p>\n<p>Ovo je kratko-suknja, izdubljeni roll-kragneni dugi rukavi gostuju\u0107i dres, savr\u0161en za dane igre AC Milana i svakodnevicu. Dres je dostupan u veli\u010dinama za odrasle S\u20132XL i standardno je dizajniran za optimalan komfor na terenu i izvan njega. Ova majica od laganog poliestra prozra\u010dna je i ima tehnologiju odvla\u010denja znoja Duracell, koja vas odr\u017eava hladnim i suhim.<\/p>\n<p>Savjeti za ispis: Ako ime i broj na slici to\u010dno odgovaraju va\u0161im \u017eeljama, ne morate ih ponovno unositi. Ako ne, unesite \u017eeljeno ime i broj.<\/p>\n<p>Savjeti za pranje: Preporu\u010duje se ru\u010dno pranje nogometnih dresova. Ako \u017eelite koristiti perilicu, sjetite se okrenuti dresove naopako prije pranja. Napunite perilicu hladnom vodom i koristite program za osjetljive tkanine kako biste bolje za\u0161titili boje.<\/p>","protected":false},"excerpt":{"rendered":"<p>Das wei\u00dfe Ausw\u00e4rtstrikot greift das klassische Farbdesign des AC Mailand auf und pr\u00e4sentiert einen neuen Look f\u00fcr die Saison 24\/25. Das wei\u00dfe Trikot weist ein dezentes Muster mit vertikalen Streifen auf. Der Kragen und die Manschetten sind mit roten und schwarzen Verzierungen versehen, und ein schwarzes Logo rundet das Design ab. Es gibt ein mit [&hellip;]<\/p>","protected":false},"featured_media":20887,"comment_status":"open","ping_status":"closed","template":"","meta":[],"product_brand":[],"product_cat":[92],"product_tag":[630,631,93,20,574,1415,24,1416,94],"class_list":{"0":"post-20885","1":"product","2":"type-product","3":"status-publish","4":"has-post-thumbnail","6":"product_cat-ac-mailand-kindertrikot","7":"product_tag-ac-milan-fussballtrikots-kinder","8":"product_tag-ac-milan-trikot-fuer-kinder","9":"product_tag-ac-milan-trikotsatz-fuer-kinder","10":"product_tag-coole-fussballtrikots","11":"product_tag-fussballtrikot-deutschland","12":"product_tag-fussballtrikots-set","13":"product_tag-guenstiges-fussballtrikot","14":"product_tag-kinder-ac-milan-trikot","15":"product_tag-kinder-fussball-trikotsatz","17":"first","18":"instock","19":"shipping-taxable","20":"purchasable","21":"product-type-variable"},"_links":{"self":[{"href":"https:\/\/www.billigtrikotde.com\/hr\/wp-json\/wp\/v2\/product\/20885","targetHints":{"allow":["GET"]}}],"collection":[{"href":"https:\/\/www.billigtrikotde.com\/hr\/wp-json\/wp\/v2\/product"}],"about":[{"href":"https:\/\/www.billigtrikotde.com\/hr\/wp-json\/wp\/v2\/types\/product"}],"replies":[{"embeddable":true,"href":"https:\/\/www.billigtrikotde.com\/hr\/wp-json\/wp\/v2\/comments?post=20885"}],"wp:featuredmedia":[{"embeddable":true,"href":"https:\/\/www.billigtrikotde.com\/hr\/wp-json\/wp\/v2\/media\/20887"}],"wp:attachment":[{"href":"https:\/\/www.billigtrikotde.com\/hr\/wp-json\/wp\/v2\/media?parent=20885"}],"wp:term":[{"taxonomy":"product_brand","embeddable":true,"href":"https:\/\/www.billigtrikotde.com\/hr\/wp-json\/wp\/v2\/product_brand?post=20885"},{"taxonomy":"product_cat","embeddable":true,"href":"https:\/\/www.billigtrikotde.com\/hr\/wp-json\/wp\/v2\/product_cat?post=20885"},{"taxonomy":"product_tag","embeddable":true,"href":"https:\/\/www.billigtrikotde.com\/hr\/wp-json\/wp\/v2\/product_tag?post=20885"}],"curies":[{"name":"wp","href":"https:\/\/api.w.org\/{rel}","templated":true}]}}