{"id":20811,"date":"2025-02-21T14:01:42","date_gmt":"2025-02-21T13:01:42","guid":{"rendered":"https:\/\/www.billigtrikotde.com\/?post_type=product&#038;p=20811"},"modified":"2025-04-16T09:50:42","modified_gmt":"2025-04-16T07:50:42","slug":"billige-trikots-kinder-chelsea-auswaerts-trikotsatz-2024-25-cole-palmer-20","status":"publish","type":"product","link":"https:\/\/www.billigtrikotde.com\/hr\/billige-trikots-kinder-chelsea-auswaerts-trikotsatz-2024-25-cole-palmer-20\/","title":{"rendered":"Jeftini dresovi za djecu Chelsea gostuju\u0107i komplet dresova 2024-25 Cole Palmer 20"},"content":{"rendered":"<p>Tema \u201eBlue Blame\u201c ovog doma\u0107eg dresa FC Chelsea 24\/25 tako\u0111er je prikazana na gostuju\u0107em dresu i isti\u010de zajedni\u010dku te\u017enju, strast i odlu\u010dnost kluba da bude uspje\u0161an. Upadljiva naran\u010dasta akcent boja simbolizira vatru i predstavlja zajedni\u010dki poticaj svih povezanih s Chelsea, kako na terenu tako i izvan njega. Slogan \u201eTogether, We Burn Blue\u201c sa\u017eima ovaj etos i odra\u017eava jedinstvo i intenzitet koje klub \u017eeli unijeti u novu sezonu. Gostuju\u0107i dres Chelseaja 2024\/25 ima prilago\u0111eni grb koji na suvremen na\u010din isti\u010de naran\u010daste tonove ranijih dresova kluba. Ovaj prilago\u0111eni element isti\u010de posve\u0107enost kluba inovacijama i po\u0161tivanje njegovog naslije\u0111a.<\/p>\n<p>Savjeti za ispis: Ako ime i broj na slici to\u010dno odgovaraju va\u0161im \u017eeljama, ne morate ih ponovno unositi. Ako ne, unesite \u017eeljeno ime i broj.<\/p>\n<p>Savjeti za pranje: Preporu\u010duje se ru\u010dno pranje nogometnih dresova. Ako \u017eelite koristiti perilicu, sjetite se okrenuti dresove naopako prije pranja. Napunite perilicu hladnom vodom i koristite program za osjetljive tkanine kako biste bolje za\u0161titili boje.<\/p>","protected":false},"excerpt":{"rendered":"<p>Das \u201eBlue Blame\u201c-Thema dieses Chelsea Heimtrikots 24\/25 des wird auch auf dem Ausw\u00e4rtstrikot wiedergegeben und unterstreicht den gemeinsamen Ehrgeiz, die brennende Leidenschaft und die Entschlossenheit des Vereins, erfolgreich zu sein. Die auff\u00e4llige orange Akzentfarbe symbolisiert Feuer und repr\u00e4sentiert den gemeinsamen Antrieb aller, die mit Chelsea verbunden sind, sowohl auf als auch neben dem Spielfeld. Der [&hellip;]<\/p>","protected":false},"featured_media":20813,"comment_status":"open","ping_status":"closed","template":"","meta":[],"product_brand":[],"product_cat":[162],"product_tag":[20,1280,831,832,163,1221,24,94],"class_list":{"0":"post-20811","1":"product","2":"type-product","3":"status-publish","4":"has-post-thumbnail","6":"product_cat-chelsea-kindertrikot","7":"product_tag-coole-fussballtrikots","8":"product_tag-chelsea-fc-24-25-trikot","9":"product_tag-chelsea-fussballtrikots-kinder","10":"product_tag-chelsea-trikot-fuer-kinder","11":"product_tag-chelsea-trikotsatz-fuer-kinder","12":"product_tag-cole-palmer-trikots","13":"product_tag-guenstiges-fussballtrikot","14":"product_tag-kinder-fussball-trikotsatz","16":"first","17":"instock","18":"shipping-taxable","19":"purchasable","20":"product-type-variable"},"_links":{"self":[{"href":"https:\/\/www.billigtrikotde.com\/hr\/wp-json\/wp\/v2\/product\/20811","targetHints":{"allow":["GET"]}}],"collection":[{"href":"https:\/\/www.billigtrikotde.com\/hr\/wp-json\/wp\/v2\/product"}],"about":[{"href":"https:\/\/www.billigtrikotde.com\/hr\/wp-json\/wp\/v2\/types\/product"}],"replies":[{"embeddable":true,"href":"https:\/\/www.billigtrikotde.com\/hr\/wp-json\/wp\/v2\/comments?post=20811"}],"wp:featuredmedia":[{"embeddable":true,"href":"https:\/\/www.billigtrikotde.com\/hr\/wp-json\/wp\/v2\/media\/20813"}],"wp:attachment":[{"href":"https:\/\/www.billigtrikotde.com\/hr\/wp-json\/wp\/v2\/media?parent=20811"}],"wp:term":[{"taxonomy":"product_brand","embeddable":true,"href":"https:\/\/www.billigtrikotde.com\/hr\/wp-json\/wp\/v2\/product_brand?post=20811"},{"taxonomy":"product_cat","embeddable":true,"href":"https:\/\/www.billigtrikotde.com\/hr\/wp-json\/wp\/v2\/product_cat?post=20811"},{"taxonomy":"product_tag","embeddable":true,"href":"https:\/\/www.billigtrikotde.com\/hr\/wp-json\/wp\/v2\/product_tag?post=20811"}],"curies":[{"name":"wp","href":"https:\/\/api.w.org\/{rel}","templated":true}]}}