{"id":20718,"date":"2025-01-29T05:34:16","date_gmt":"2025-01-29T04:34:16","guid":{"rendered":"https:\/\/www.billigtrikotde.com\/?post_type=product&#038;p=20718"},"modified":"2025-03-01T09:14:59","modified_gmt":"2025-03-01T08:14:59","slug":"fussball-trikot-guenstig-kinder-tottenham-hotspur-auswaerts-trikotsatz-2024-25-james-maddison-10","status":"publish","type":"product","link":"https:\/\/www.billigtrikotde.com\/hr\/fussball-trikot-guenstig-kinder-tottenham-hotspur-auswaerts-trikotsatz-2024-25-james-maddison-10\/","title":{"rendered":"Nogometni dres povoljno Dje\u010dji Tottenham Hotspur gostuju\u0107i dres set 2024-25 James Maddison 10"},"content":{"rendered":"<p>U hrabrom odustajanju od tradicionalnog dizajna dresa Tottenhama Hotspur, grb kluba nalazi se u sredi\u0161tu dresa za goste Tottenhama Hotspur 24\/25. Ova inovativna pozicija daje klasi\u010dnom dizajnu modernu notu i premo\u0161\u0107uje jaz izme\u0111u bogate povijesti Tottenhama i njegovih budu\u0107ih ambicija. Rukavi i izrez ukra\u0161eni su \u017euto-bijelim trakama, dizajenskim elementom koji \u0107e biti vidljiv na svim dresovima kluba u nadolaze\u0107oj sezoni.<\/p>\n<p>Savjeti za ispis: Ako ime i broj na slici to\u010dno odgovaraju va\u0161im \u017eeljama, ne morate ih ponovno unositi. Ako ne, unesite \u017eeljeno ime i broj.<\/p>\n<p>Savjeti za pranje: Preporu\u010duje se ru\u010dno pranje nogometnih dresova. Ako \u017eelite koristiti perilicu, sjetite se okrenuti dresove naopako prije pranja. Napunite perilicu hladnom vodom i koristite program za osjetljive tkanine kako biste bolje za\u0161titili boje.<\/p>","protected":false},"excerpt":{"rendered":"<p>In einer mutigen Abkehr vom traditionellen Fussball trikot g\u00fcnstig Kinder Tottenham Hotspur design von Tottenham Hotspur steht das Vereinswappen auf dem Tottenham Hotspur 24\/25-Ausw\u00e4rtstrikot im Mittelpunkt. Diese innovative Platzierung verleiht dem klassischen Design eine moderne Note und \u00fcberbr\u00fcckt die L\u00fccke zwischen Tottenhams reicher Geschichte und seinen zukunftsweisenden Ambitionen. Die \u00c4rmel und der Ausschnitt sind mit [&hellip;]<\/p>","protected":false},"featured_media":20720,"comment_status":"open","ping_status":"closed","template":"","meta":[],"product_brand":[],"product_cat":[102],"product_tag":[20,574,24,1402,94,652,104,105],"class_list":{"0":"post-20718","1":"product","2":"type-product","3":"status-publish","4":"has-post-thumbnail","6":"product_cat-tottenham-hotspur-kindertrikot","7":"product_tag-coole-fussballtrikots","8":"product_tag-fussballtrikot-deutschland","9":"product_tag-guenstiges-fussballtrikot","10":"product_tag-james-maddison-trikots","11":"product_tag-kinder-fussball-trikotsatz","12":"product_tag-tottenham-hotspur-fussballtrikot","13":"product_tag-tottenham-hotspur-trikots","14":"product_tag-tottenham-hotspur-trikotsatz-fuer-kinder","16":"first","17":"instock","18":"shipping-taxable","19":"purchasable","20":"product-type-variable"},"_links":{"self":[{"href":"https:\/\/www.billigtrikotde.com\/hr\/wp-json\/wp\/v2\/product\/20718","targetHints":{"allow":["GET"]}}],"collection":[{"href":"https:\/\/www.billigtrikotde.com\/hr\/wp-json\/wp\/v2\/product"}],"about":[{"href":"https:\/\/www.billigtrikotde.com\/hr\/wp-json\/wp\/v2\/types\/product"}],"replies":[{"embeddable":true,"href":"https:\/\/www.billigtrikotde.com\/hr\/wp-json\/wp\/v2\/comments?post=20718"}],"wp:featuredmedia":[{"embeddable":true,"href":"https:\/\/www.billigtrikotde.com\/hr\/wp-json\/wp\/v2\/media\/20720"}],"wp:attachment":[{"href":"https:\/\/www.billigtrikotde.com\/hr\/wp-json\/wp\/v2\/media?parent=20718"}],"wp:term":[{"taxonomy":"product_brand","embeddable":true,"href":"https:\/\/www.billigtrikotde.com\/hr\/wp-json\/wp\/v2\/product_brand?post=20718"},{"taxonomy":"product_cat","embeddable":true,"href":"https:\/\/www.billigtrikotde.com\/hr\/wp-json\/wp\/v2\/product_cat?post=20718"},{"taxonomy":"product_tag","embeddable":true,"href":"https:\/\/www.billigtrikotde.com\/hr\/wp-json\/wp\/v2\/product_tag?post=20718"}],"curies":[{"name":"wp","href":"https:\/\/api.w.org\/{rel}","templated":true}]}}