{"id":20703,"date":"2025-01-29T04:59:11","date_gmt":"2025-01-29T03:59:11","guid":{"rendered":"https:\/\/www.billigtrikotde.com\/?post_type=product&#038;p=20703"},"modified":"2025-02-01T15:59:59","modified_gmt":"2025-02-01T14:59:59","slug":"kaufen-kinder-tottenham-hotspur-heim-trikotsatz-2024-25-son-heung-min-7","status":"publish","type":"product","link":"https:\/\/www.billigtrikotde.com\/hr\/kaufen-kinder-tottenham-hotspur-heim-trikotsatz-2024-25-son-heung-min-7\/","title":{"rendered":"Kupi dje\u010dji Tottenham Hotspur doma\u0107i dres set 2024-25 Son Heung-min 7"},"content":{"rendered":"<p>Dizajn povoljnog Tottenham Hotspur 24\/25 doma\u0107eg dresa prikazuje kontinuirane mornarsko plave rukave koji se vra\u0107aju na bijelu majicu \u201eLilywhite\u201c. Ovaj dizajn slavi ikoni\u010dne boje kluba s sjevernog Londona.<\/p>\n<p>Dres ima novi okrugli izrez od Soccer i rukave s prugastim man\u017eetama. Svi detalji dresa izvedeni su u tradicionalnim mornarsko plavim akcentima Tottenhama i uklapaju se s tamnoplave \u0161orceve i bijele \u010darape za klasi\u010dan izgled Spursa.<\/p>\n<p>Savjeti za ispis: Ako ime i broj na slici to\u010dno odgovaraju va\u0161im \u017eeljama, ne morate ih ponovno unositi. Ako ne, unesite \u017eeljeno ime i broj.<\/p>\n<p>Savjeti za pranje: Preporu\u010duje se ru\u010dno pranje nogometnih dresova. Ako \u017eelite koristiti perilicu, sjetite se okrenuti dresove naopako prije pranja. Napunite perilicu hladnom vodom i koristite program za osjetljive tkanine kako biste bolje za\u0161titili boje.<\/p>","protected":false},"excerpt":{"rendered":"<p>Dizajn povoljnog doma\u0107eg dresa Tottenham Hotspur 24\/25 prikazuje kroz cijeli rukavima tamnoplave boje koje se vra\u0107aju na bijeli \u201eLilywhite\u201c dres. Ovaj dizajn slavi ikoni\u010dne boje kluba s North Londona. Dres ima novo okrugli ovratnik od Sociersa i rukave sa prugastim iglama. Svi detalji dresa su u Tottenhamovim tradicionalnim tamnoplavim naglascima i odgovaraju tamnoplavim hla\u010dama i [\u2026]<\/p>","protected":false},"featured_media":20705,"comment_status":"open","ping_status":"closed","template":"","meta":[],"product_brand":[],"product_cat":[102],"product_tag":[20,574,24,94,1401,652,104,105],"class_list":{"0":"post-20703","1":"product","2":"type-product","3":"status-publish","4":"has-post-thumbnail","6":"product_cat-tottenham-hotspur-kindertrikot","7":"product_tag-coole-fussballtrikots","8":"product_tag-fussballtrikot-deutschland","9":"product_tag-guenstiges-fussballtrikot","10":"product_tag-kinder-fussball-trikotsatz","11":"product_tag-son-heung-min-trikots","12":"product_tag-tottenham-hotspur-fussballtrikot","13":"product_tag-tottenham-hotspur-trikots","14":"product_tag-tottenham-hotspur-trikotsatz-fuer-kinder","16":"first","17":"instock","18":"shipping-taxable","19":"purchasable","20":"product-type-variable"},"_links":{"self":[{"href":"https:\/\/www.billigtrikotde.com\/hr\/wp-json\/wp\/v2\/product\/20703","targetHints":{"allow":["GET"]}}],"collection":[{"href":"https:\/\/www.billigtrikotde.com\/hr\/wp-json\/wp\/v2\/product"}],"about":[{"href":"https:\/\/www.billigtrikotde.com\/hr\/wp-json\/wp\/v2\/types\/product"}],"replies":[{"embeddable":true,"href":"https:\/\/www.billigtrikotde.com\/hr\/wp-json\/wp\/v2\/comments?post=20703"}],"wp:featuredmedia":[{"embeddable":true,"href":"https:\/\/www.billigtrikotde.com\/hr\/wp-json\/wp\/v2\/media\/20705"}],"wp:attachment":[{"href":"https:\/\/www.billigtrikotde.com\/hr\/wp-json\/wp\/v2\/media?parent=20703"}],"wp:term":[{"taxonomy":"product_brand","embeddable":true,"href":"https:\/\/www.billigtrikotde.com\/hr\/wp-json\/wp\/v2\/product_brand?post=20703"},{"taxonomy":"product_cat","embeddable":true,"href":"https:\/\/www.billigtrikotde.com\/hr\/wp-json\/wp\/v2\/product_cat?post=20703"},{"taxonomy":"product_tag","embeddable":true,"href":"https:\/\/www.billigtrikotde.com\/hr\/wp-json\/wp\/v2\/product_tag?post=20703"}],"curies":[{"name":"wp","href":"https:\/\/api.w.org\/{rel}","templated":true}]}}