{"id":20682,"date":"2025-01-26T08:20:52","date_gmt":"2025-01-26T07:20:52","guid":{"rendered":"https:\/\/www.billigtrikotde.com\/?post_type=product&#038;p=20682"},"modified":"2025-01-29T11:12:30","modified_gmt":"2025-01-29T10:12:30","slug":"kaufe-kinder-fussballtrikots-real-madrid-ausweich-trikotsatz-2024-25-jude-bellingham-5","status":"publish","type":"product","link":"https:\/\/www.billigtrikotde.com\/hr\/kaufe-kinder-fussballtrikots-real-madrid-ausweich-trikotsatz-2024-25-jude-bellingham-5\/","title":{"rendered":"Kupi dresove za djecu Real Madrid zamjenski dres 2024-25 Jude Bellingham 5"},"content":{"rendered":"<p>Jeftina tre\u0107a majica Real Madrid 2024\/25 odlikuje se sofisticiranim tamnosivim shemom boja koja se jasno razlikuje od prethodnih dizajna. Istaknuta zna\u010dajka nove majice Real Madrid je slo\u017een uzorak s inicijalima kluba \u201eRMCF\u201c. Ovaj jedinstveni element dizajna inspiriran je tradicionalnim madridskim uli\u010dnim plo\u010dama i stvara sna\u017enu povezanost izme\u0111u mom\u010dadi i njezina rodnog grada. Monogram koji se ponavlja po cijeloj majici daje najnovijoj majici Real Madrid 2024\/25 dubinu i karakter. U dizajn tre\u0107e majice 24\/25 od Real Madrid uklju\u010deni su brojni zna\u010dajni detalji. Majica ima ravno pleteni polo ovratnik i kop\u010dani zatvara\u010d, \u0161to dodaje dozu elegancije ukupnom izgledu.<\/p>\n<p>Savjeti za ispis: Ako ime i broj na slici to\u010dno odgovaraju va\u0161im \u017eeljama, ne morate ih ponovno unositi. Ako ne, unesite \u017eeljeno ime i broj.<\/p>\n<p>Savjeti za pranje: Preporu\u010duje se ru\u010dno pranje nogometnih dresova. Ako \u017eelite koristiti perilicu, sjetite se okrenuti dresove naopako prije pranja. Napunite perilicu hladnom vodom i koristite program za osjetljive tkanine kako biste bolje za\u0161titili boje.<\/p>","protected":false},"excerpt":{"rendered":"<p>Povoljan tre\u0107i dres Real Madrid 2024\/25 odlikuje se sofisticiranim tamno sivim shemama bojama, koje se jasno razlikuju od ranijih dizajna. Istaknuta zna\u010dajka novog dresa Real Madrid je slo\u017een uzorak s inicijalima kluba \u201eRMCF\u201c. Ovaj jedinstveni element dizajna inspiriran je tradicionalnim madridskim uli\u010dnim plo\u010dama i stvara sna\u017enu povezanost [\u2026]<\/p>","protected":false},"featured_media":20684,"comment_status":"open","ping_status":"closed","template":"","meta":[],"product_brand":[],"product_cat":[165],"product_tag":[20,574,24,1255,94,879,880,47,166],"class_list":{"0":"post-20682","1":"product","2":"type-product","3":"status-publish","4":"has-post-thumbnail","6":"product_cat-real-madrid-kindertrikot","7":"product_tag-coole-fussballtrikots","8":"product_tag-fussballtrikot-deutschland","9":"product_tag-guenstiges-fussballtrikot","10":"product_tag-jude-bellingham-trikots","11":"product_tag-kinder-fussball-trikotsatz","12":"product_tag-real-madrid-fussballtrikots-kinder","13":"product_tag-real-madrid-trikot-fuer-kinder","14":"product_tag-real-madrid-trikots","15":"product_tag-real-madrid-trikotsatz-fuer-kinder","17":"first","18":"instock","19":"shipping-taxable","20":"purchasable","21":"product-type-variable"},"_links":{"self":[{"href":"https:\/\/www.billigtrikotde.com\/hr\/wp-json\/wp\/v2\/product\/20682","targetHints":{"allow":["GET"]}}],"collection":[{"href":"https:\/\/www.billigtrikotde.com\/hr\/wp-json\/wp\/v2\/product"}],"about":[{"href":"https:\/\/www.billigtrikotde.com\/hr\/wp-json\/wp\/v2\/types\/product"}],"replies":[{"embeddable":true,"href":"https:\/\/www.billigtrikotde.com\/hr\/wp-json\/wp\/v2\/comments?post=20682"}],"wp:featuredmedia":[{"embeddable":true,"href":"https:\/\/www.billigtrikotde.com\/hr\/wp-json\/wp\/v2\/media\/20684"}],"wp:attachment":[{"href":"https:\/\/www.billigtrikotde.com\/hr\/wp-json\/wp\/v2\/media?parent=20682"}],"wp:term":[{"taxonomy":"product_brand","embeddable":true,"href":"https:\/\/www.billigtrikotde.com\/hr\/wp-json\/wp\/v2\/product_brand?post=20682"},{"taxonomy":"product_cat","embeddable":true,"href":"https:\/\/www.billigtrikotde.com\/hr\/wp-json\/wp\/v2\/product_cat?post=20682"},{"taxonomy":"product_tag","embeddable":true,"href":"https:\/\/www.billigtrikotde.com\/hr\/wp-json\/wp\/v2\/product_tag?post=20682"}],"curies":[{"name":"wp","href":"https:\/\/api.w.org\/{rel}","templated":true}]}}