{"id":20670,"date":"2025-01-24T08:50:08","date_gmt":"2025-01-24T07:50:08","guid":{"rendered":"https:\/\/www.billigtrikotde.com\/?post_type=product&#038;p=20670"},"modified":"2025-03-01T09:22:27","modified_gmt":"2025-03-01T08:22:27","slug":"kinder-fussballtrikots-fc-barcelona-ausweich-trikotsatz-2024-25-pedri-gonzalez-8","status":"publish","type":"product","link":"https:\/\/www.billigtrikotde.com\/hr\/kinder-fussballtrikots-fc-barcelona-ausweich-trikotsatz-2024-25-pedri-gonzalez-8\/","title":{"rendered":"Dje\u010dji nogometni dres FC Barcelona zamjenski set 2024-25 Pedri Gonzalez 8"},"content":{"rendered":"<p>Jeftina tre\u0107a majica Barcelone 2024-25 isti\u010de se modernim shemama boja. Kombinira svijetlo \u017eutu Volt s plavom za logotipe i aplikacije. Slu\u017ebeno, boje su \u201eBarely Volt \/ Old Royal\u201c. Tre\u0107a majica Barcelone 2024-2025 dizajnirana je s oznakom \u017eenskog spola \u2013 zec, krug iznad kri\u017ea.<\/p>\n<p>Kao i sve ostale majice sezone 2024-2025, i majica Barcelone 24-25 ima swoosh na vrhu. Grb se nalazi na lijevoj strani u jednobojnoj, plavo obrubljenoj Volt verziji.<\/p>\n<p>Savjeti za ispis: Ako ime i broj na slici to\u010dno odgovaraju va\u0161im \u017eeljama, ne morate ih ponovno unositi. Ako ne, unesite \u017eeljeno ime i broj.<\/p>\n<p>Savjeti za pranje: Preporu\u010duje se ru\u010dno pranje nogometnih dresova. Ako \u017eelite koristiti perilicu, sjetite se okrenuti dresove naopako prije pranja. Napunite perilicu hladnom vodom i koristite program za osjetljive tkanine kako biste bolje za\u0161titili boje.<\/p>","protected":false},"excerpt":{"rendered":"<p>Jeftina tre\u0107a majica Barcelone 2024-25 isti\u010de se modernim shemom boja. Kombinira svijetli \u017euti s plavom za logotipe i aplikacije. Slu\u017ebeno se navodi da su boje \u201eBarely Volt \/ Old Royal\u201c. Tre\u0107a majica Barcelone 2024-2025 dizajnirana je s oznakom \u017eenskog spola \u2013 zec, krug iznad kri\u017ea. Kao i sve ostale majice sezone [\u2026]<\/p>","protected":false},"featured_media":20672,"comment_status":"open","ping_status":"closed","template":"","meta":[],"product_brand":[],"product_cat":[146],"product_tag":[20,33,1261,22,24,1227],"class_list":{"0":"post-20670","1":"product","2":"type-product","3":"status-publish","4":"has-post-thumbnail","6":"product_cat-barcelona-kindertrikot","7":"product_tag-coole-fussballtrikots","8":"product_tag-fc-barcelona-trikots","9":"product_tag-fussballtrikot-fuer-kinder","10":"product_tag-fussballtrikot-guenstig-kaufen","11":"product_tag-guenstiges-fussballtrikot","12":"product_tag-pedri-gonzalez-trikots","14":"first","15":"instock","16":"shipping-taxable","17":"purchasable","18":"product-type-variable"},"_links":{"self":[{"href":"https:\/\/www.billigtrikotde.com\/hr\/wp-json\/wp\/v2\/product\/20670","targetHints":{"allow":["GET"]}}],"collection":[{"href":"https:\/\/www.billigtrikotde.com\/hr\/wp-json\/wp\/v2\/product"}],"about":[{"href":"https:\/\/www.billigtrikotde.com\/hr\/wp-json\/wp\/v2\/types\/product"}],"replies":[{"embeddable":true,"href":"https:\/\/www.billigtrikotde.com\/hr\/wp-json\/wp\/v2\/comments?post=20670"}],"wp:featuredmedia":[{"embeddable":true,"href":"https:\/\/www.billigtrikotde.com\/hr\/wp-json\/wp\/v2\/media\/20672"}],"wp:attachment":[{"href":"https:\/\/www.billigtrikotde.com\/hr\/wp-json\/wp\/v2\/media?parent=20670"}],"wp:term":[{"taxonomy":"product_brand","embeddable":true,"href":"https:\/\/www.billigtrikotde.com\/hr\/wp-json\/wp\/v2\/product_brand?post=20670"},{"taxonomy":"product_cat","embeddable":true,"href":"https:\/\/www.billigtrikotde.com\/hr\/wp-json\/wp\/v2\/product_cat?post=20670"},{"taxonomy":"product_tag","embeddable":true,"href":"https:\/\/www.billigtrikotde.com\/hr\/wp-json\/wp\/v2\/product_tag?post=20670"}],"curies":[{"name":"wp","href":"https:\/\/api.w.org\/{rel}","templated":true}]}}