{"id":20656,"date":"2025-01-24T08:17:01","date_gmt":"2025-01-24T07:17:01","guid":{"rendered":"https:\/\/www.billigtrikotde.com\/?post_type=product&#038;p=20656"},"modified":"2025-03-01T09:27:07","modified_gmt":"2025-03-01T08:27:07","slug":"neuen-kinder-fc-barcelona-auswaerts-trikotsatz-2024-25-raphinha-belloli-11","status":"publish","type":"product","link":"https:\/\/www.billigtrikotde.com\/hr\/neuen-kinder-fc-barcelona-auswaerts-trikotsatz-2024-25-raphinha-belloli-11\/","title":{"rendered":"Novi dje\u010dji gostuju\u0107i dres FC Barcelona set 2024-25 Raphinha Belloli 11"},"content":{"rendered":"<p>Gostuju\u0107i dres FC Barcelone 2024\/25 prikazuje ikoni\u010dke pruge Barcelone na elegantnoj crnoj pozadini za upe\u010datljiv vizualni kontrast. Istaknuto je klupsko obilje\u017eje, TPU oznaka s reflektiraju\u0107om povr\u0161inom i plavom te kestenvom okrugom. Ovaj gostuju\u0107i dres 2024\/25 pojavljuje se to\u010dno na 125. godi\u0161njicu kluba, \u0161to mu daje poseban zna\u010daj. Odluka kluba da ponovno koristi ovu shemu boja ukazuje na mje\u0161avinu nostalgije i inovacije te privla\u010di i dugogodi\u0161nje i nove navija\u010de.<\/p>\n<p>Savjeti za ispis: Ako ime i broj na slici to\u010dno odgovaraju va\u0161im \u017eeljama, ne morate ih ponovno unositi. Ako ne, unesite \u017eeljeno ime i broj.<\/p>\n<p>Savjeti za pranje: Preporu\u010duje se ru\u010dno pranje nogometnih dresova. Ako \u017eelite koristiti perilicu, sjetite se okrenuti dresove naopako prije pranja. Napunite perilicu hladnom vodom i koristite program za osjetljive tkanine kako biste bolje za\u0161titili boje.<\/p>","protected":false},"excerpt":{"rendered":"<p>Gostuju\u0107i dres 2024\/25 FC Barcelone prikazuje ikoni\u010dke pruge Barce na elegantnoj crnoj pozadini za upe\u010datljiv vizualni kontrast. Istaknuto je grb kluba, TPU oznaka s reflektiraju\u0107om povr\u0161inom i plavom te kestenvom okrugom. Ovaj gostuju\u0107i dres 2024\/25 pojavljuje se to\u010dno na 125. obljetnici Barcelone, \u0161to dodaje posebnu va\u017enost objavi. Odluka o [\u2026]<\/p>","protected":false},"featured_media":20658,"comment_status":"open","ping_status":"closed","template":"","meta":[],"product_brand":[],"product_cat":[146],"product_tag":[20,33,1261,22,24,1295],"class_list":{"0":"post-20656","1":"product","2":"type-product","3":"status-publish","4":"has-post-thumbnail","6":"product_cat-barcelona-kindertrikot","7":"product_tag-coole-fussballtrikots","8":"product_tag-fc-barcelona-trikots","9":"product_tag-fussballtrikot-fuer-kinder","10":"product_tag-fussballtrikot-guenstig-kaufen","11":"product_tag-guenstiges-fussballtrikot","12":"product_tag-raphinha-belloli-trikots","14":"first","15":"instock","16":"shipping-taxable","17":"purchasable","18":"product-type-variable"},"_links":{"self":[{"href":"https:\/\/www.billigtrikotde.com\/hr\/wp-json\/wp\/v2\/product\/20656","targetHints":{"allow":["GET"]}}],"collection":[{"href":"https:\/\/www.billigtrikotde.com\/hr\/wp-json\/wp\/v2\/product"}],"about":[{"href":"https:\/\/www.billigtrikotde.com\/hr\/wp-json\/wp\/v2\/types\/product"}],"replies":[{"embeddable":true,"href":"https:\/\/www.billigtrikotde.com\/hr\/wp-json\/wp\/v2\/comments?post=20656"}],"wp:featuredmedia":[{"embeddable":true,"href":"https:\/\/www.billigtrikotde.com\/hr\/wp-json\/wp\/v2\/media\/20658"}],"wp:attachment":[{"href":"https:\/\/www.billigtrikotde.com\/hr\/wp-json\/wp\/v2\/media?parent=20656"}],"wp:term":[{"taxonomy":"product_brand","embeddable":true,"href":"https:\/\/www.billigtrikotde.com\/hr\/wp-json\/wp\/v2\/product_brand?post=20656"},{"taxonomy":"product_cat","embeddable":true,"href":"https:\/\/www.billigtrikotde.com\/hr\/wp-json\/wp\/v2\/product_cat?post=20656"},{"taxonomy":"product_tag","embeddable":true,"href":"https:\/\/www.billigtrikotde.com\/hr\/wp-json\/wp\/v2\/product_tag?post=20656"}],"curies":[{"name":"wp","href":"https:\/\/api.w.org\/{rel}","templated":true}]}}