{"id":20565,"date":"2025-01-10T14:46:33","date_gmt":"2025-01-10T13:46:33","guid":{"rendered":"https:\/\/www.billigtrikotde.com\/?post_type=product&#038;p=20565"},"modified":"2025-02-13T10:36:25","modified_gmt":"2025-02-13T09:36:25","slug":"kinder-real-madrid-auswaerts-trikotsatz-2024-25-orange-fussballtrikots-vinicius-junior-7","status":"publish","type":"product","link":"https:\/\/www.billigtrikotde.com\/hr\/kinder-real-madrid-auswaerts-trikotsatz-2024-25-orange-fussballtrikots-vinicius-junior-7\/","title":{"rendered":"Dje\u010dja gostuju\u0107a majica Real Madrid set 2024-25 naran\u010dasta nogometne majice Vinicius Junior 7"},"content":{"rendered":"<p>Jeftina gostuju\u0107a majica Real Madrid 24-25 podsje\u0107a bojom na tre\u0107u majicu iz sezone 2013-2014. Prete\u017eno je svijetlo naran\u010dasta s crnim detaljima. Ovratnik je s bijelim detaljima. Gostuju\u0107a majica Real Madrid 24-25 bojom podsje\u0107a na tre\u0107u majicu iz sezone 2013-2014. U sezoni 2013-2014 Madrid je ostvario svoj san o Decimi, desetom naslovu prvaka Lige prvaka.<\/p>\n<p>Savjeti za ispis: Ako ime i broj na slici to\u010dno odgovaraju va\u0161im \u017eeljama, ne morate ih ponovno unositi. Ako ne, unesite \u017eeljeno ime i broj.<\/p>\n<p>Savjeti za pranje: Preporu\u010duje se ru\u010dno pranje nogometnih dresova. Ako \u017eelite koristiti perilicu, sjetite se okrenuti dresove naopako prije pranja. Napunite perilicu hladnom vodom i koristite program za osjetljive tkanine kako biste bolje za\u0161titili boje.<\/p>","protected":false},"excerpt":{"rendered":"<p>Jeftina gostuju\u0107a majica Real Madrid 24-25 podsje\u0107a bojom na tre\u0107u majicu iz sezone 2013-2014. Prete\u017eno je svijetlo naran\u010dasta s crnim detaljima. Ovratnik je s bijelim detaljima. Gostuju\u0107a majica Real Madrid 24-25 bojom podsje\u0107a na tre\u0107u majicu iz sezone 2013-2014. U sezoni 2013-2014 Madrid je ostvario svoj san o Decimi, desetom naslovu prvaka Lige prvaka.<\/p>","protected":false},"featured_media":20567,"comment_status":"open","ping_status":"closed","template":"","meta":[],"product_brand":[],"product_cat":[165],"product_tag":[20,574,24,94,879,880,47,166,1302],"class_list":{"0":"post-20565","1":"product","2":"type-product","3":"status-publish","4":"has-post-thumbnail","6":"product_cat-real-madrid-kindertrikot","7":"product_tag-coole-fussballtrikots","8":"product_tag-fussballtrikot-deutschland","9":"product_tag-guenstiges-fussballtrikot","10":"product_tag-kinder-fussball-trikotsatz","11":"product_tag-real-madrid-fussballtrikots-kinder","12":"product_tag-real-madrid-trikot-fuer-kinder","13":"product_tag-real-madrid-trikots","14":"product_tag-real-madrid-trikotsatz-fuer-kinder","15":"product_tag-vinicius-junior-trikots","17":"first","18":"instock","19":"shipping-taxable","20":"purchasable","21":"product-type-variable"},"_links":{"self":[{"href":"https:\/\/www.billigtrikotde.com\/hr\/wp-json\/wp\/v2\/product\/20565","targetHints":{"allow":["GET"]}}],"collection":[{"href":"https:\/\/www.billigtrikotde.com\/hr\/wp-json\/wp\/v2\/product"}],"about":[{"href":"https:\/\/www.billigtrikotde.com\/hr\/wp-json\/wp\/v2\/types\/product"}],"replies":[{"embeddable":true,"href":"https:\/\/www.billigtrikotde.com\/hr\/wp-json\/wp\/v2\/comments?post=20565"}],"wp:featuredmedia":[{"embeddable":true,"href":"https:\/\/www.billigtrikotde.com\/hr\/wp-json\/wp\/v2\/media\/20567"}],"wp:attachment":[{"href":"https:\/\/www.billigtrikotde.com\/hr\/wp-json\/wp\/v2\/media?parent=20565"}],"wp:term":[{"taxonomy":"product_brand","embeddable":true,"href":"https:\/\/www.billigtrikotde.com\/hr\/wp-json\/wp\/v2\/product_brand?post=20565"},{"taxonomy":"product_cat","embeddable":true,"href":"https:\/\/www.billigtrikotde.com\/hr\/wp-json\/wp\/v2\/product_cat?post=20565"},{"taxonomy":"product_tag","embeddable":true,"href":"https:\/\/www.billigtrikotde.com\/hr\/wp-json\/wp\/v2\/product_tag?post=20565"}],"curies":[{"name":"wp","href":"https:\/\/api.w.org\/{rel}","templated":true}]}}