{"id":20517,"date":"2025-01-04T11:39:46","date_gmt":"2025-01-04T10:39:46","guid":{"rendered":"https:\/\/www.billigtrikotde.com\/?post_type=product&#038;p=20517"},"modified":"2025-02-01T15:57:24","modified_gmt":"2025-02-01T14:57:24","slug":"kinder-rb-leipzig-auswaertstrikot-2024-25-rot-fussballtrikots-kaufen","status":"publish","type":"product","link":"https:\/\/www.billigtrikotde.com\/hr\/kinder-rb-leipzig-auswaertstrikot-2024-25-rot-fussballtrikots-kaufen\/","title":{"rendered":"Dje\u010dji RB Leipzig gostuju\u0107i dres 2024-25 Crveni Kupite nogometne dresove"},"content":{"rendered":"<p>Jeftini gostuju\u0107i dres RB Leipziga 2024-25 ima moderan dizajn za klub u vlasni\u0161tvu Crvenih bika. Kombinira dvije nijanse crvene u jedinstvenom uzorku s svim logotipima u bijeloj boji. Dizajn gostuju\u0107eg dresa Leipziga 24-25 simbolizira klub \u201eNepokolebljiv\u201c. Grb kluba na gostuju\u0107em dresu RB Leipziga 2024-25 je bijel na crvenkasto-sme\u0111oj pozadini, izra\u0111en od visokokvalitetnog TPU-a s 3D efektom. Ovratnik je svijetloru\u017ei\u010daste boje i ima kestanasto sme\u0111u umetnutu na prednjoj strani.<\/p>\n<p>Savjeti za ispis: Ako ime i broj na slici to\u010dno odgovaraju va\u0161im \u017eeljama, ne morate ih ponovno unositi. Ako ne, unesite \u017eeljeno ime i broj.<\/p>\n<p>Savjeti za pranje: Preporu\u010duje se ru\u010dno pranje nogometnih dresova. Ako \u017eelite koristiti perilicu, sjetite se okrenuti dresove naopako prije pranja. Napunite perilicu hladnom vodom i koristite program za osjetljive tkanine kako biste bolje za\u0161titili boje.<\/p>","protected":false},"excerpt":{"rendered":"<p>Das RB Leipzig 2024-25 Ausw\u00e4rtstrikot hat ein stylisches Design f\u00fcr den Verein im Besitz der Roten Bullen. Es kombiniert zwei Rott\u00f6ne in einem einzigartigen Musterdesign mit allen Logos in Wei\u00df.Das Design des Leipzig 24-25 Ausw\u00e4rtstrikots symbolisiert den &#8222;Unstoppable&#8220; Club.Das Vereinswappen des RB Leipzig 2024-25 Ausw\u00e4rtstrikots ist wei\u00df auf rotbraunem Grund, hergestellt aus hochwertigem TPU mit [&hellip;]<\/p>","protected":false},"featured_media":20519,"comment_status":"open","ping_status":"closed","template":"","meta":[],"product_brand":[],"product_cat":[1330],"product_tag":[],"class_list":{"0":"post-20517","1":"product","2":"type-product","3":"status-publish","4":"has-post-thumbnail","6":"product_cat-rb-leipzig-kindertrikot","8":"first","9":"instock","10":"shipping-taxable","11":"purchasable","12":"product-type-variable"},"_links":{"self":[{"href":"https:\/\/www.billigtrikotde.com\/hr\/wp-json\/wp\/v2\/product\/20517","targetHints":{"allow":["GET"]}}],"collection":[{"href":"https:\/\/www.billigtrikotde.com\/hr\/wp-json\/wp\/v2\/product"}],"about":[{"href":"https:\/\/www.billigtrikotde.com\/hr\/wp-json\/wp\/v2\/types\/product"}],"replies":[{"embeddable":true,"href":"https:\/\/www.billigtrikotde.com\/hr\/wp-json\/wp\/v2\/comments?post=20517"}],"wp:featuredmedia":[{"embeddable":true,"href":"https:\/\/www.billigtrikotde.com\/hr\/wp-json\/wp\/v2\/media\/20519"}],"wp:attachment":[{"href":"https:\/\/www.billigtrikotde.com\/hr\/wp-json\/wp\/v2\/media?parent=20517"}],"wp:term":[{"taxonomy":"product_brand","embeddable":true,"href":"https:\/\/www.billigtrikotde.com\/hr\/wp-json\/wp\/v2\/product_brand?post=20517"},{"taxonomy":"product_cat","embeddable":true,"href":"https:\/\/www.billigtrikotde.com\/hr\/wp-json\/wp\/v2\/product_cat?post=20517"},{"taxonomy":"product_tag","embeddable":true,"href":"https:\/\/www.billigtrikotde.com\/hr\/wp-json\/wp\/v2\/product_tag?post=20517"}],"curies":[{"name":"wp","href":"https:\/\/api.w.org\/{rel}","templated":true}]}}