{"id":2009,"date":"2024-10-23T13:55:56","date_gmt":"2024-10-23T11:55:56","guid":{"rendered":"http:\/\/billigtrikots.com\/?post_type=product&#038;p=2009"},"modified":"2024-10-23T13:57:32","modified_gmt":"2024-10-23T11:57:32","slug":"personalisierbar-trikotsatz-chelsea-fc-2022-auswaertstrikot-gelb-schwarz-drogba-11","status":"publish","type":"product","link":"https:\/\/www.billigtrikotde.com\/hr\/personalisierbar-trikotsatz-chelsea-fc-2022-auswaertstrikot-gelb-schwarz-drogba-11\/","title":{"rendered":"Personalizirani set dresova Chelsea FC 2022 gostuju\u0107i dres \u017euto\/crni Drogba 11"},"content":{"rendered":"<p>Repr\u00e4sentiere dein Team im Chelsea FC Stadium Away Trikot. Das \u00e4u\u00dferst atmungsaktive Material leitet den Schwei\u00df von der Haut ab und sorgt damit f\u00fcr k\u00fchlen Tragekomfort \u2013 egal, ob auf dem Spielfeld oder der Trib\u00fcne.<\/p>\n<p>Nike Dri-FIT tehnologija odvodi znoj od ko\u017ee, \u0161to omogu\u0107ava brzo isparavanje i pru\u017ea suh osje\u0107aj tijekom no\u0161enja.<\/p>\n<p>Nike Breathe materijal je posebno prozra\u010dan i pru\u017ea osje\u0107aj hladno\u0107e tijekom no\u0161enja.<\/p>\n<p>Autohton dizajn temelji se na dresovima profesionalaca.<\/p>\n<p>Savjeti za ispis: Ako ime i broj na slici to\u010dno odgovaraju va\u0161im \u017eeljama, ne morate ih ponovno unositi. Ako ne, unesite \u017eeljeno ime i broj.<\/p>\n<p>Savjeti za pranje: Preporu\u010duje se ru\u010dno pranje nogometnih dresova. Ako \u017eelite koristiti perilicu, sjetite se okrenuti dresove naopako prije pranja. Napunite perilicu hladnom vodom i koristite program za osjetljive tkanine kako biste bolje za\u0161titili boje.<\/p>","protected":false},"excerpt":{"rendered":"<p>Predstavi svoj tim u Chelsea FC Stadium Away dresu. Izuzetno prozra\u010dni materijal odvodi znoj od ko\u017ee i osigurava ugodan osje\u0107aj tijekom no\u0161enja \u2013 bilo na terenu ili na tribinama. Nike Dri-FIT tehnologija odvodi znoj od ko\u017ee, omogu\u0107avaju\u0107i brzo isparavanje i suho\u0107u tijekom no\u0161enja. Nike [\u2026]<\/p>","protected":false},"featured_media":2042,"comment_status":"open","ping_status":"closed","template":"","meta":[],"product_brand":[],"product_cat":[72],"product_tag":[20,76,73,21,22,23,24],"class_list":{"0":"post-2009","1":"product","2":"type-product","3":"status-publish","4":"has-post-thumbnail","6":"product_cat-chelsea","7":"product_tag-coole-fussballtrikots","8":"product_tag-chelsea-auswaertstrikot","9":"product_tag-chelsea-trikots","10":"product_tag-fussballtrikot-fuer-herren","11":"product_tag-fussballtrikot-guenstig-kaufen","12":"product_tag-fussballtrikot-kurzarm","13":"product_tag-guenstiges-fussballtrikot","15":"first","16":"instock","17":"shipping-taxable","18":"purchasable","19":"product-type-variable"},"_links":{"self":[{"href":"https:\/\/www.billigtrikotde.com\/hr\/wp-json\/wp\/v2\/product\/2009","targetHints":{"allow":["GET"]}}],"collection":[{"href":"https:\/\/www.billigtrikotde.com\/hr\/wp-json\/wp\/v2\/product"}],"about":[{"href":"https:\/\/www.billigtrikotde.com\/hr\/wp-json\/wp\/v2\/types\/product"}],"replies":[{"embeddable":true,"href":"https:\/\/www.billigtrikotde.com\/hr\/wp-json\/wp\/v2\/comments?post=2009"}],"wp:featuredmedia":[{"embeddable":true,"href":"https:\/\/www.billigtrikotde.com\/hr\/wp-json\/wp\/v2\/media\/2042"}],"wp:attachment":[{"href":"https:\/\/www.billigtrikotde.com\/hr\/wp-json\/wp\/v2\/media?parent=2009"}],"wp:term":[{"taxonomy":"product_brand","embeddable":true,"href":"https:\/\/www.billigtrikotde.com\/hr\/wp-json\/wp\/v2\/product_brand?post=2009"},{"taxonomy":"product_cat","embeddable":true,"href":"https:\/\/www.billigtrikotde.com\/hr\/wp-json\/wp\/v2\/product_cat?post=2009"},{"taxonomy":"product_tag","embeddable":true,"href":"https:\/\/www.billigtrikotde.com\/hr\/wp-json\/wp\/v2\/product_tag?post=2009"}],"curies":[{"name":"wp","href":"https:\/\/api.w.org\/{rel}","templated":true}]}}