{"id":1977,"date":"2024-10-23T13:54:21","date_gmt":"2024-10-23T11:54:21","guid":{"rendered":"http:\/\/billigtrikots.com\/?post_type=product&#038;p=1977"},"modified":"2024-10-23T13:56:24","modified_gmt":"2024-10-23T11:56:24","slug":"chelsea-fc-2022-stadium-third-herren-fan-trikots-mit-aufdruck-havertz-29","status":"publish","type":"product","link":"https:\/\/www.billigtrikotde.com\/hr\/chelsea-fc-2022-stadium-third-herren-fan-trikots-mit-aufdruck-havertz-29\/","title":{"rendered":"Chelsea FC 2022 stadionski tre\u0107i mu\u0161ki navija\u010dki dres s natpisom Havertz 29"},"content":{"rendered":"<p>Najfiniji dres Chelsea FC Stadium Ausweichtrikot privla\u010di detaljima mom\u010dadi i svojom iznimno prozra\u010dnom materijalom pru\u017ea hladu, suh nositi na terenu ili tribini dok bodri\u0161 svoj klub.<br \/>\nProzra\u010dna Nike Dri-FIT tehnologija osigurava hladan, suh nositi.<br \/>\nAutohton dizajn temelji se na dresovima profesionalaca.<\/p>\n<p>Savjeti za ispis: Ako ime i broj na slici to\u010dno odgovaraju va\u0161im \u017eeljama, ne morate ih ponovno unositi. Ako ne, unesite \u017eeljeno ime i broj.<\/p>\n<p>Savjeti za pranje: Preporu\u010duje se ru\u010dno pranje nogometnih dresova. Ako \u017eelite koristiti perilicu, sjetite se okrenuti dresove naopako prije pranja. Napunite perilicu hladnom vodom i koristite program za osjetljive tkanine kako biste bolje za\u0161titili boje.<\/p>","protected":false},"excerpt":{"rendered":"<p>Das Paris Saint-Germain Stadium Ausweichtrikot besticht mit Teamdetails und sorgt mit h\u00f6chst atmungsaktivem Material f\u00fcr k\u00fchlen, trockenen Tragekomfort auf dem Spielfeld oder der Trib\u00fcne beim Anfeuern deines Teams. Die atmungsaktive Nike Dri-FIT-Technologie gew\u00e4hrleistet k\u00fchlen, trockenen Tragekomfort. Das authentische Design basiert auf den Spieltrikots der Profis. Tipps zum Drucken: Wenn der Name und die Nummer auf [\u2026]<\/p>","protected":false},"featured_media":2007,"comment_status":"open","ping_status":"closed","template":"","meta":[],"product_brand":[],"product_cat":[72],"product_tag":[20,74,73,21,22,23,24],"class_list":{"0":"post-1977","1":"product","2":"type-product","3":"status-publish","4":"has-post-thumbnail","6":"product_cat-chelsea","7":"product_tag-coole-fussballtrikots","8":"product_tag-chelsea-ausweichtrikot","9":"product_tag-chelsea-trikots","10":"product_tag-fussballtrikot-fuer-herren","11":"product_tag-fussballtrikot-guenstig-kaufen","12":"product_tag-fussballtrikot-kurzarm","13":"product_tag-guenstiges-fussballtrikot","15":"first","16":"instock","17":"shipping-taxable","18":"purchasable","19":"product-type-variable"},"_links":{"self":[{"href":"https:\/\/www.billigtrikotde.com\/hr\/wp-json\/wp\/v2\/product\/1977","targetHints":{"allow":["GET"]}}],"collection":[{"href":"https:\/\/www.billigtrikotde.com\/hr\/wp-json\/wp\/v2\/product"}],"about":[{"href":"https:\/\/www.billigtrikotde.com\/hr\/wp-json\/wp\/v2\/types\/product"}],"replies":[{"embeddable":true,"href":"https:\/\/www.billigtrikotde.com\/hr\/wp-json\/wp\/v2\/comments?post=1977"}],"wp:featuredmedia":[{"embeddable":true,"href":"https:\/\/www.billigtrikotde.com\/hr\/wp-json\/wp\/v2\/media\/2007"}],"wp:attachment":[{"href":"https:\/\/www.billigtrikotde.com\/hr\/wp-json\/wp\/v2\/media?parent=1977"}],"wp:term":[{"taxonomy":"product_brand","embeddable":true,"href":"https:\/\/www.billigtrikotde.com\/hr\/wp-json\/wp\/v2\/product_brand?post=1977"},{"taxonomy":"product_cat","embeddable":true,"href":"https:\/\/www.billigtrikotde.com\/hr\/wp-json\/wp\/v2\/product_cat?post=1977"},{"taxonomy":"product_tag","embeddable":true,"href":"https:\/\/www.billigtrikotde.com\/hr\/wp-json\/wp\/v2\/product_tag?post=1977"}],"curies":[{"name":"wp","href":"https:\/\/api.w.org\/{rel}","templated":true}]}}