{"id":1973,"date":"2024-10-23T13:54:18","date_gmt":"2024-10-23T11:54:18","guid":{"rendered":"http:\/\/billigtrikots.com\/?post_type=product&#038;p=1973"},"modified":"2024-10-23T13:55:52","modified_gmt":"2024-10-23T11:55:52","slug":"fc-chelsea-stadium-2022-herren-edouard-mendy-16-fussball-trikot","status":"publish","type":"product","link":"https:\/\/www.billigtrikotde.com\/hr\/fc-chelsea-stadium-2022-herren-edouard-mendy-16-fussball-trikot\/","title":{"rendered":"FC Chelsea stadion 2022 mu\u0161ki Edouard Mendy 16# fudbalski dres"},"content":{"rendered":"<p>Nova Chelsea ku\u0107na majica 2021\/22 kona\u010dno je dostupna! Chelsea ku\u0107na majica 2021\/22 \u0107e zasigurno zadovoljiti najve\u0107e navija\u010de londonskog kluba! Naravno, plava boja i dalje je glavna boja za Blues Chelsea! Za ovu sezonu Nike se ipak odlu\u010dio na ne\u0161to odva\u017enije, i to s novim dizajnom koji ni\u0161ta ne ostavlja neprimije\u0107eno.<\/p>\n<p>Od \u0161ahovnice do zigzaga \u2013 o\u010dito je da je Chelsea Football Club u ovu sezonu 21\/22 ulo\u017eio okladu. Primijetite, izgled ovog Chelsea Home 21\/22 dresa tako\u0111er uklju\u010duje \u017eutu boju, povijesnu boju kluba. Tako\u0111er treba naglasiti da je novi Chelsea 21\/22 dres napravljen od recikliranih materijala, lijepa gesta Bluesa!<\/p>\n<p>Poka\u017eite svoje povezivanje sa svojim klubom iz srca i bez oklijevanja nabavite novi Chelsea ku\u0107ni dres 2021\/22!<\/p>\n<p>Savjeti za ispis: Ako ime i broj na slici to\u010dno odgovaraju va\u0161im \u017eeljama, ne morate ih ponovno unositi. Ako ne, unesite \u017eeljeno ime i broj.<\/p>\n<p>Savjeti za pranje: Preporu\u010duje se ru\u010dno pranje nogometnih dresova. Ako \u017eelite koristiti perilicu, sjetite se okrenuti dresove naopako prije pranja. Napunite perilicu hladnom vodom i koristite program za osjetljive tkanine kako biste bolje za\u0161titili boje.<\/p>","protected":false},"excerpt":{"rendered":"<p>Nova Chelsea ku\u0107na majica 2021\/22 kona\u010dno je dostupna! Chelsea ku\u0107na majica 2021\/22 \u0107e zasigurno zadovoljiti najve\u0107e navija\u010de londonskog kluba! Naravno, plava boja i dalje je glavna boja za Blues Chelsea! Za ovu sezonu Nike se ipak odlu\u010dio na ne\u0161to odva\u017enije, i to s novim dizajnom koji ni\u0161ta ne ostavlja neprimije\u0107eno.<\/p>","protected":false},"featured_media":2005,"comment_status":"open","ping_status":"closed","template":"","meta":[],"product_brand":[],"product_cat":[72],"product_tag":[20,73,21,23,24],"class_list":{"0":"post-1973","1":"product","2":"type-product","3":"status-publish","4":"has-post-thumbnail","6":"product_cat-chelsea","7":"product_tag-coole-fussballtrikots","8":"product_tag-chelsea-trikots","9":"product_tag-fussballtrikot-fuer-herren","10":"product_tag-fussballtrikot-kurzarm","11":"product_tag-guenstiges-fussballtrikot","13":"first","14":"instock","15":"shipping-taxable","16":"purchasable","17":"product-type-variable"},"_links":{"self":[{"href":"https:\/\/www.billigtrikotde.com\/hr\/wp-json\/wp\/v2\/product\/1973","targetHints":{"allow":["GET"]}}],"collection":[{"href":"https:\/\/www.billigtrikotde.com\/hr\/wp-json\/wp\/v2\/product"}],"about":[{"href":"https:\/\/www.billigtrikotde.com\/hr\/wp-json\/wp\/v2\/types\/product"}],"replies":[{"embeddable":true,"href":"https:\/\/www.billigtrikotde.com\/hr\/wp-json\/wp\/v2\/comments?post=1973"}],"wp:featuredmedia":[{"embeddable":true,"href":"https:\/\/www.billigtrikotde.com\/hr\/wp-json\/wp\/v2\/media\/2005"}],"wp:attachment":[{"href":"https:\/\/www.billigtrikotde.com\/hr\/wp-json\/wp\/v2\/media?parent=1973"}],"wp:term":[{"taxonomy":"product_brand","embeddable":true,"href":"https:\/\/www.billigtrikotde.com\/hr\/wp-json\/wp\/v2\/product_brand?post=1973"},{"taxonomy":"product_cat","embeddable":true,"href":"https:\/\/www.billigtrikotde.com\/hr\/wp-json\/wp\/v2\/product_cat?post=1973"},{"taxonomy":"product_tag","embeddable":true,"href":"https:\/\/www.billigtrikotde.com\/hr\/wp-json\/wp\/v2\/product_tag?post=1973"}],"curies":[{"name":"wp","href":"https:\/\/api.w.org\/{rel}","templated":true}]}}