{"id":19571,"date":"2024-10-24T11:36:57","date_gmt":"2024-10-24T09:36:57","guid":{"rendered":"http:\/\/billigtrikots.com\/?post_type=product&#038;p=19571"},"modified":"2025-03-13T01:18:58","modified_gmt":"2025-03-13T00:18:58","slug":"herren-fussballtrikot-rb-leipzig-heim-trikotsatz-2024-25-mit-namen-openda-11","status":"publish","type":"product","link":"https:\/\/www.billigtrikotde.com\/hr\/herren-fussballtrikot-rb-leipzig-heim-trikotsatz-2024-25-mit-namen-openda-11\/","title":{"rendered":"Mu\u0161ki nogometni dres RB Leipzig doma\u0107i komplet dresova 2024-25 s imenom Openda 11"},"content":{"rendered":"<p>Dres RB Leipzig 2024-2025 ima moderan dizajn u klupskim bojama bijeloj i crvenoj. Ono \u0161to posebno isti\u010de dres RB Leipzig 2024-2025 je dizajn na prednjoj strani.44. Dres Leipzig 24-25 ima jedinstveni crveni grafi\u010dki dizajn. Uzorak je inspiriran Sveu\u010dili\u0161tem u Leipzigu. Istra\u017enice i man\u017eete na rukavima dresa Rasenballsport Leipzig [...]<\/p>\n<p>Savjeti za ispis: Ako ime i broj na slici to\u010dno odgovaraju va\u0161im \u017eeljama, ne morate ih ponovno unositi. Ako ne, unesite \u017eeljeno ime i broj.<\/p>\n<p>Savjeti za pranje: Preporu\u010duje se ru\u010dno pranje nogometnih dresova. Ako \u017eelite koristiti perilicu, sjetite se okrenuti dresove naopako prije pranja. Napunite perilicu hladnom vodom i koristite program za osjetljive tkanine kako biste bolje za\u0161titili boje.<\/p>","protected":false},"excerpt":{"rendered":"<p>Dres RB Leipzig 2024-2025 ima moderan dizajn u klupskim bojama bijeloj i crvenoj. Ono \u0161to posebno isti\u010de dres RB Leipzig 2024-2025 je dizajn na prednjoj strani.44. Dres Leipzig 24-25 ima jedinstveni crveni grafi\u010dki dizajn. Uzorak je inspiriran Sveu\u010dili\u0161tem u Leipzigu. Istra\u017enice i man\u017eete na rukavima dresa Rasenballsport Leipzig [...]<\/p>","protected":false},"featured_media":19613,"comment_status":"open","ping_status":"closed","template":"","meta":[],"product_brand":[],"product_cat":[185],"product_tag":[20,574,21,22,23,24,94,752,1331,1332,187],"class_list":{"0":"post-19571","1":"product","2":"type-product","3":"status-publish","4":"has-post-thumbnail","6":"product_cat-rb-leipzig","7":"product_tag-coole-fussballtrikots","8":"product_tag-fussballtrikot-deutschland","9":"product_tag-fussballtrikot-fuer-herren","10":"product_tag-fussballtrikot-guenstig-kaufen","11":"product_tag-fussballtrikot-kurzarm","12":"product_tag-guenstiges-fussballtrikot","13":"product_tag-kinder-fussball-trikotsatz","14":"product_tag-rb-leipzig-fussballtrikot","15":"product_tag-rb-leipzig-fussballtrikots-kinder","16":"product_tag-rb-leipzig-kinder-trikot-set","17":"product_tag-rb-leipzig-trikots","19":"first","20":"instock","21":"shipping-taxable","22":"purchasable","23":"product-type-variable"},"_links":{"self":[{"href":"https:\/\/www.billigtrikotde.com\/hr\/wp-json\/wp\/v2\/product\/19571","targetHints":{"allow":["GET"]}}],"collection":[{"href":"https:\/\/www.billigtrikotde.com\/hr\/wp-json\/wp\/v2\/product"}],"about":[{"href":"https:\/\/www.billigtrikotde.com\/hr\/wp-json\/wp\/v2\/types\/product"}],"replies":[{"embeddable":true,"href":"https:\/\/www.billigtrikotde.com\/hr\/wp-json\/wp\/v2\/comments?post=19571"}],"wp:featuredmedia":[{"embeddable":true,"href":"https:\/\/www.billigtrikotde.com\/hr\/wp-json\/wp\/v2\/media\/19613"}],"wp:attachment":[{"href":"https:\/\/www.billigtrikotde.com\/hr\/wp-json\/wp\/v2\/media?parent=19571"}],"wp:term":[{"taxonomy":"product_brand","embeddable":true,"href":"https:\/\/www.billigtrikotde.com\/hr\/wp-json\/wp\/v2\/product_brand?post=19571"},{"taxonomy":"product_cat","embeddable":true,"href":"https:\/\/www.billigtrikotde.com\/hr\/wp-json\/wp\/v2\/product_cat?post=19571"},{"taxonomy":"product_tag","embeddable":true,"href":"https:\/\/www.billigtrikotde.com\/hr\/wp-json\/wp\/v2\/product_tag?post=19571"}],"curies":[{"name":"wp","href":"https:\/\/api.w.org\/{rel}","templated":true}]}}