{"id":19551,"date":"2024-10-24T11:35:46","date_gmt":"2024-10-24T09:35:46","guid":{"rendered":"http:\/\/billigtrikots.com\/?post_type=product&#038;p=19551"},"modified":"2024-10-24T11:38:38","modified_gmt":"2024-10-24T09:38:38","slug":"billige-fussballtrikots-paris-saint-germain-psg-auswaertstrikot-2024-25-randal-kolo-muani-23","status":"publish","type":"product","link":"https:\/\/www.billigtrikotde.com\/hr\/billige-fussballtrikots-paris-saint-germain-psg-auswaertstrikot-2024-25-randal-kolo-muani-23\/","title":{"rendered":"Jeftini nogometni dresovi Paris Saint-Germain PSG gostuju\u0107i dres 2024-25 Randal Kolo Muani 23"},"content":{"rendered":"<p>PSG-ov gostuju\u0107i dres za razdoblje 2024-2026 je bijeli, plavi i crveni. Ono \u0161to je posebno u dresu je dizajn. PSG-ov gostuju\u0107i dres za razdoblje 2024-26 ima grafiku s Eiffelovim tornjem. To je referentni dres za Olimpijske igre 2024. u Parizu, ali nadahnut je i gostuju\u0107im dresom iz 1990-91.<\/p>\n<p>Savjeti za ispis: Ako ime i broj na slici to\u010dno odgovaraju va\u0161im \u017eeljama, ne morate ih ponovno unositi. Ako ne, unesite \u017eeljeno ime i broj.<\/p>\n<p>Savjeti za pranje: Preporu\u010duje se ru\u010dno pranje nogometnih dresova. Ako \u017eelite koristiti perilicu, sjetite se okrenuti dresove naopako prije pranja. Napunite perilicu hladnom vodom i koristite program za osjetljive tkanine kako biste bolje za\u0161titili boje.<\/p>","protected":false},"excerpt":{"rendered":"<p>PSG-ov gostuju\u0107i dres za 2024-2026. godinu je bijel, plav i\/crven. Posebnost dresa je njegov dizajn. Gostuju\u0107i dres PSG-a za 2024-26. godinu ima grafiku Eiffelovog tornja. To je referentni dres za Olimpijske igre 2024. godine u Parizu, ali je tako\u0111er nadahnut gostuju\u0107im dresom iz 1990-91. Savjeti za tiskanje: Kada je ime i broj na [\u2026]<\/p>","protected":false},"featured_media":19599,"comment_status":"open","ping_status":"closed","template":"","meta":[],"product_brand":[],"product_cat":[39],"product_tag":[20,535,577,1321,332,1272,1273,41,1274,1322,1323],"class_list":{"0":"post-19551","1":"product","2":"type-product","3":"status-publish","4":"has-post-thumbnail","6":"product_cat-paris-saint-germain","7":"product_tag-coole-fussballtrikots","8":"product_tag-deutschland-trikot","9":"product_tag-fussballtrikots-trikotsatz","10":"product_tag-guenstige-randal-kolo-muani-trikot","11":"product_tag-herren-fussball-trikotsatz","12":"product_tag-paris-saint-germain-psg-fussballtrikots-herren","13":"product_tag-paris-saint-germain-psg-trikot-fuer-herren","14":"product_tag-paris-saint-germain-trikots","15":"product_tag-psg-trikotsatz-fuer-herren","16":"product_tag-randal-kolo-muani-trikot-kaufen","17":"product_tag-randal-kolo-muani-trikots","19":"first","20":"instock","21":"shipping-taxable","22":"purchasable","23":"product-type-variable"},"_links":{"self":[{"href":"https:\/\/www.billigtrikotde.com\/hr\/wp-json\/wp\/v2\/product\/19551","targetHints":{"allow":["GET"]}}],"collection":[{"href":"https:\/\/www.billigtrikotde.com\/hr\/wp-json\/wp\/v2\/product"}],"about":[{"href":"https:\/\/www.billigtrikotde.com\/hr\/wp-json\/wp\/v2\/types\/product"}],"replies":[{"embeddable":true,"href":"https:\/\/www.billigtrikotde.com\/hr\/wp-json\/wp\/v2\/comments?post=19551"}],"wp:featuredmedia":[{"embeddable":true,"href":"https:\/\/www.billigtrikotde.com\/hr\/wp-json\/wp\/v2\/media\/19599"}],"wp:attachment":[{"href":"https:\/\/www.billigtrikotde.com\/hr\/wp-json\/wp\/v2\/media?parent=19551"}],"wp:term":[{"taxonomy":"product_brand","embeddable":true,"href":"https:\/\/www.billigtrikotde.com\/hr\/wp-json\/wp\/v2\/product_brand?post=19551"},{"taxonomy":"product_cat","embeddable":true,"href":"https:\/\/www.billigtrikotde.com\/hr\/wp-json\/wp\/v2\/product_cat?post=19551"},{"taxonomy":"product_tag","embeddable":true,"href":"https:\/\/www.billigtrikotde.com\/hr\/wp-json\/wp\/v2\/product_tag?post=19551"}],"curies":[{"name":"wp","href":"https:\/\/api.w.org\/{rel}","templated":true}]}}