{"id":19543,"date":"2024-10-24T11:35:14","date_gmt":"2024-10-24T09:35:14","guid":{"rendered":"http:\/\/billigtrikots.com\/?post_type=product&#038;p=19543"},"modified":"2024-10-24T11:38:04","modified_gmt":"2024-10-24T09:38:04","slug":"kinder-fussball-trikot-liverpool-2024-25-auswaerts-trikotsatz-personalisierbar","status":"publish","type":"product","link":"https:\/\/www.billigtrikotde.com\/hr\/kinder-fussball-trikot-liverpool-2024-25-auswaerts-trikotsatz-personalisierbar\/","title":{"rendered":"Dje\u010dji nogometni dres Liverpool 2024-25 gostuju\u0107i komplet dresova s mogu\u0107no\u0161\u0107u personalizacije"},"content":{"rendered":"<p>Liverpoolov gostuju\u0107i dres za sezonu 2024-2025 kombinira tamnu grafitnu osnovnu boju (gotovo crnu) s blijedo tirkiznim i svjetlijim grafitnim aplikacijama. Logos su kremaste boje. Slu\u017ebene su boje \u201eNight Forest\/Anthracite\/Washed Teal\/Sail\u201c. \u0160to se dizajna ti\u010de, Liverpool Football Club 24-25 gostuju\u0107i dres je vrlo jednostavan. Nema uzoraka ili grafi\u010dkog dizajna.<\/p>\n<p>Savjeti za ispis: Ako ime i broj na slici to\u010dno odgovaraju va\u0161im \u017eeljama, ne morate ih ponovno unositi. Ako ne, unesite \u017eeljeno ime i broj.<\/p>\n<p>Savjeti za pranje: Preporu\u010duje se ru\u010dno pranje nogometnih dresova. Ako \u017eelite koristiti perilicu, sjetite se okrenuti dresove naopako prije pranja. Napunite perilicu hladnom vodom i koristite program za osjetljive tkanine kako biste bolje za\u0161titili boje.<\/p>","protected":false},"excerpt":{"rendered":"<p>Liverpoolova gostuju\u0107a majica za sezonu 2024-2025 kombinira tamnu antracitnu osnovnu boju (gotovo crnu) s svijetlo turkiznim i svjetlijim antracitnim aplikacijama. Logotipi su kremaste boje. Slu\u017ebene boje su \u201eNight Forest\/Anthracite\/Washed Teal\/Sail\u201c. Po dizajnu, Liverpoolova gostuju\u0107a majica za sezonu 24-25 je vrlo jednostavna. Nema uzoraka ili grafi\u010dkog dizajna. Savjeti za tisak: Kada je ime i [\u2026]<\/p>","protected":false},"featured_media":19589,"comment_status":"open","ping_status":"closed","template":"","meta":[],"product_brand":[],"product_cat":[151],"product_tag":[20,574,24,94,865,277,866,153,154],"class_list":{"0":"post-19543","1":"product","2":"type-product","3":"status-publish","4":"has-post-thumbnail","6":"product_cat-liverpool-kindertrikot","7":"product_tag-coole-fussballtrikots","8":"product_tag-fussballtrikot-deutschland","9":"product_tag-guenstiges-fussballtrikot","10":"product_tag-kinder-fussball-trikotsatz","11":"product_tag-liverpool-fussballtrikots-kinder","12":"product_tag-liverpool-kinder-trikot-set","13":"product_tag-liverpool-trikot-fuer-kinder","14":"product_tag-liverpool-trikots","15":"product_tag-liverpool-trikotsatz-fuer-kinder","17":"first","18":"instock","19":"shipping-taxable","20":"purchasable","21":"product-type-variable"},"_links":{"self":[{"href":"https:\/\/www.billigtrikotde.com\/hr\/wp-json\/wp\/v2\/product\/19543","targetHints":{"allow":["GET"]}}],"collection":[{"href":"https:\/\/www.billigtrikotde.com\/hr\/wp-json\/wp\/v2\/product"}],"about":[{"href":"https:\/\/www.billigtrikotde.com\/hr\/wp-json\/wp\/v2\/types\/product"}],"replies":[{"embeddable":true,"href":"https:\/\/www.billigtrikotde.com\/hr\/wp-json\/wp\/v2\/comments?post=19543"}],"wp:featuredmedia":[{"embeddable":true,"href":"https:\/\/www.billigtrikotde.com\/hr\/wp-json\/wp\/v2\/media\/19589"}],"wp:attachment":[{"href":"https:\/\/www.billigtrikotde.com\/hr\/wp-json\/wp\/v2\/media?parent=19543"}],"wp:term":[{"taxonomy":"product_brand","embeddable":true,"href":"https:\/\/www.billigtrikotde.com\/hr\/wp-json\/wp\/v2\/product_brand?post=19543"},{"taxonomy":"product_cat","embeddable":true,"href":"https:\/\/www.billigtrikotde.com\/hr\/wp-json\/wp\/v2\/product_cat?post=19543"},{"taxonomy":"product_tag","embeddable":true,"href":"https:\/\/www.billigtrikotde.com\/hr\/wp-json\/wp\/v2\/product_tag?post=19543"}],"curies":[{"name":"wp","href":"https:\/\/api.w.org\/{rel}","templated":true}]}}