{"id":19539,"date":"2024-10-24T11:35:10","date_gmt":"2024-10-24T09:35:10","guid":{"rendered":"http:\/\/billigtrikots.com\/?post_type=product&#038;p=19539"},"modified":"2024-10-24T11:38:02","modified_gmt":"2024-10-24T09:38:02","slug":"kinder-fussball-trikot-liverpool-2024-25-auswaerts-trikotsatz-darwin-nunez-9","status":"publish","type":"product","link":"https:\/\/www.billigtrikotde.com\/hr\/kinder-fussball-trikot-liverpool-2024-25-auswaerts-trikotsatz-darwin-nunez-9\/","title":{"rendered":"Dje\u010dji nogometni dres Liverpool 2024-25 gostuju\u0107i komplet dresova Darwin Nunez 9"},"content":{"rendered":"<p>Das Liverpool 2024-2025 Ausw\u00e4rtstrikot kombiniert eine dunkle anthrazitfarbene Grundfarbe (fast schwarz) mit hellt\u00fcrkisen und helleren anthrazitfarbenen Applikationen. Die Logos sind cremefarben. Die offiziellen Farben sind \u201eNight Forest\/Anthrazit\/Washed Teal\/Sail\u201c.Vom Design her ist das Liverpool Football Club 24-25 Ausw\u00e4rtstrikot sehr einfach gehalten. Es hat keine Muster oder grafische Gestaltung.<\/p>\n<p>Savjeti za ispis: Ako ime i broj na slici to\u010dno odgovaraju va\u0161im \u017eeljama, ne morate ih ponovno unositi. Ako ne, unesite \u017eeljeno ime i broj.<\/p>\n<p>Savjeti za pranje: Preporu\u010duje se ru\u010dno pranje nogometnih dresova. Ako \u017eelite koristiti perilicu, sjetite se okrenuti dresove naopako prije pranja. Napunite perilicu hladnom vodom i koristite program za osjetljive tkanine kako biste bolje za\u0161titili boje.<\/p>","protected":false},"excerpt":{"rendered":"<p>Liverpoolova gostuju\u0107a majica za sezonu 2024-2025 kombinira tamnu antracitnu osnovnu boju (gotovo crnu) s svijetlo turkiznim i svjetlijim antracitnim aplikacijama. Logotipi su kremaste boje. Slu\u017ebene boje su \u201eNight Forest\/Anthracite\/Washed Teal\/Sail\u201c. Po dizajnu, Liverpoolova gostuju\u0107a majica za sezonu 24-25 je vrlo jednostavna. Nema uzoraka ili grafi\u010dkog dizajna. Savjeti za tisak: Kada je ime i [\u2026]<\/p>","protected":false},"featured_media":19581,"comment_status":"open","ping_status":"closed","template":"","meta":[],"product_brand":[],"product_cat":[151],"product_tag":[20,1319,574,24,94,865,277,866,153,154],"class_list":{"0":"post-19539","1":"product","2":"type-product","3":"status-publish","4":"has-post-thumbnail","6":"product_cat-liverpool-kindertrikot","7":"product_tag-coole-fussballtrikots","8":"product_tag-darwin-nunez-trikots","9":"product_tag-fussballtrikot-deutschland","10":"product_tag-guenstiges-fussballtrikot","11":"product_tag-kinder-fussball-trikotsatz","12":"product_tag-liverpool-fussballtrikots-kinder","13":"product_tag-liverpool-kinder-trikot-set","14":"product_tag-liverpool-trikot-fuer-kinder","15":"product_tag-liverpool-trikots","16":"product_tag-liverpool-trikotsatz-fuer-kinder","18":"first","19":"instock","20":"shipping-taxable","21":"purchasable","22":"product-type-variable"},"_links":{"self":[{"href":"https:\/\/www.billigtrikotde.com\/hr\/wp-json\/wp\/v2\/product\/19539","targetHints":{"allow":["GET"]}}],"collection":[{"href":"https:\/\/www.billigtrikotde.com\/hr\/wp-json\/wp\/v2\/product"}],"about":[{"href":"https:\/\/www.billigtrikotde.com\/hr\/wp-json\/wp\/v2\/types\/product"}],"replies":[{"embeddable":true,"href":"https:\/\/www.billigtrikotde.com\/hr\/wp-json\/wp\/v2\/comments?post=19539"}],"wp:featuredmedia":[{"embeddable":true,"href":"https:\/\/www.billigtrikotde.com\/hr\/wp-json\/wp\/v2\/media\/19581"}],"wp:attachment":[{"href":"https:\/\/www.billigtrikotde.com\/hr\/wp-json\/wp\/v2\/media?parent=19539"}],"wp:term":[{"taxonomy":"product_brand","embeddable":true,"href":"https:\/\/www.billigtrikotde.com\/hr\/wp-json\/wp\/v2\/product_brand?post=19539"},{"taxonomy":"product_cat","embeddable":true,"href":"https:\/\/www.billigtrikotde.com\/hr\/wp-json\/wp\/v2\/product_cat?post=19539"},{"taxonomy":"product_tag","embeddable":true,"href":"https:\/\/www.billigtrikotde.com\/hr\/wp-json\/wp\/v2\/product_tag?post=19539"}],"curies":[{"name":"wp","href":"https:\/\/api.w.org\/{rel}","templated":true}]}}