{"id":19522,"date":"2024-10-24T11:34:02","date_gmt":"2024-10-24T09:34:02","guid":{"rendered":"http:\/\/billigtrikots.com\/?post_type=product&#038;p=19522"},"modified":"2024-10-24T11:36:50","modified_gmt":"2024-10-24T09:36:50","slug":"guenstige-kindertrikots-liverpool-heimtrikotsatz-2024-25-mohamed-salah-11","status":"publish","type":"product","link":"https:\/\/www.billigtrikotde.com\/hr\/guenstige-kindertrikots-liverpool-heimtrikotsatz-2024-25-mohamed-salah-11\/","title":{"rendered":"Povoljni dje\u010dji dresovi Liverpool doma\u0107i komplet dresova 2024-25 Mohamed Salah 11"},"content":{"rendered":"<p>Liverpool Football Club majica za sezonu 24-25 je kombinacija Gym Red, bijele i chrom\u017eute boje. Tijelo je crveno, logotipi su \u017euti, a bijela se koristi za logotipe sponzora i detalje. Ono \u0161to isti\u010de Liverpool majicu 24-25 je dizajn na prednjoj strani. Ima \u017eute pruge koje tvore uzorak YNWA (You\u2019ll Never Walk Alone).<\/p>\n<p>Savjeti za ispis: Ako ime i broj na slici to\u010dno odgovaraju va\u0161im \u017eeljama, ne morate ih ponovno unositi. Ako ne, unesite \u017eeljeno ime i broj.<\/p>\n<p>Savjeti za pranje: Preporu\u010duje se ru\u010dno pranje nogometnih dresova. Ako \u017eelite koristiti perilicu, sjetite se okrenuti dresove naopako prije pranja. Napunite perilicu hladnom vodom i koristite program za osjetljive tkanine kako biste bolje za\u0161titili boje.<\/p>","protected":false},"excerpt":{"rendered":"<p>Liverpool Football Club majica za sezonu 24-25 je kombinacija Gym Red, bijele i chrom\u017eute boje. Tijelo je crveno, logotipi su \u017euti, a bijela se koristi za logotipe sponzora i detalje. Ono \u0161to isti\u010de Liverpool majicu 24-25 je dizajn na prednjoj strani. Ima \u017eute pruge koje tvore uzorak YNWA (You\u2019ll Never Walk Alone).<\/p>","protected":false},"featured_media":19567,"comment_status":"open","ping_status":"closed","template":"","meta":[],"product_brand":[],"product_cat":[151],"product_tag":[20,574,24,94,865,277,866,153,154,1318],"class_list":{"0":"post-19522","1":"product","2":"type-product","3":"status-publish","4":"has-post-thumbnail","6":"product_cat-liverpool-kindertrikot","7":"product_tag-coole-fussballtrikots","8":"product_tag-fussballtrikot-deutschland","9":"product_tag-guenstiges-fussballtrikot","10":"product_tag-kinder-fussball-trikotsatz","11":"product_tag-liverpool-fussballtrikots-kinder","12":"product_tag-liverpool-kinder-trikot-set","13":"product_tag-liverpool-trikot-fuer-kinder","14":"product_tag-liverpool-trikots","15":"product_tag-liverpool-trikotsatz-fuer-kinder","16":"product_tag-mohamed-salah-trikots","18":"first","19":"instock","20":"shipping-taxable","21":"purchasable","22":"product-type-variable"},"_links":{"self":[{"href":"https:\/\/www.billigtrikotde.com\/hr\/wp-json\/wp\/v2\/product\/19522","targetHints":{"allow":["GET"]}}],"collection":[{"href":"https:\/\/www.billigtrikotde.com\/hr\/wp-json\/wp\/v2\/product"}],"about":[{"href":"https:\/\/www.billigtrikotde.com\/hr\/wp-json\/wp\/v2\/types\/product"}],"replies":[{"embeddable":true,"href":"https:\/\/www.billigtrikotde.com\/hr\/wp-json\/wp\/v2\/comments?post=19522"}],"wp:featuredmedia":[{"embeddable":true,"href":"https:\/\/www.billigtrikotde.com\/hr\/wp-json\/wp\/v2\/media\/19567"}],"wp:attachment":[{"href":"https:\/\/www.billigtrikotde.com\/hr\/wp-json\/wp\/v2\/media?parent=19522"}],"wp:term":[{"taxonomy":"product_brand","embeddable":true,"href":"https:\/\/www.billigtrikotde.com\/hr\/wp-json\/wp\/v2\/product_brand?post=19522"},{"taxonomy":"product_cat","embeddable":true,"href":"https:\/\/www.billigtrikotde.com\/hr\/wp-json\/wp\/v2\/product_cat?post=19522"},{"taxonomy":"product_tag","embeddable":true,"href":"https:\/\/www.billigtrikotde.com\/hr\/wp-json\/wp\/v2\/product_tag?post=19522"}],"curies":[{"name":"wp","href":"https:\/\/api.w.org\/{rel}","templated":true}]}}