{"id":195,"date":"2024-10-23T12:09:04","date_gmt":"2024-10-23T10:09:04","guid":{"rendered":"http:\/\/billigtrikots.com\/?post_type=product&#038;p=195"},"modified":"2024-10-23T12:11:08","modified_gmt":"2024-10-23T10:11:08","slug":"fussball-trikotsatz-fc-barcelona-torwarttrikot-2021-2022-in-gruen","status":"publish","type":"product","link":"https:\/\/www.billigtrikotde.com\/hr\/fussball-trikotsatz-fc-barcelona-torwarttrikot-2021-2022-in-gruen\/","title":{"rendered":"Nogometni komplet FC Barcelona vratarski dres 2021\/2022 u zelenoj boji"},"content":{"rendered":"<p>Ovdje dolazi Nike majica u zelenoj boji koja ti poma\u017ee da podr\u017ei\u0161 svoj omiljeni klub u svakoj situaciji i poka\u017ee\u0161 za \u0161to ti srce br. Voli svoj tim \u2013 s majicom FC Barcelone pokazuje\u0161 za koga ti srce br. It is breathable, lightweight and moisture-wicking. Ovaj sportski top je oblikovan da podigne tvoje performanse na vi\u0161u razinu. Ovo je vratarski dres koji svojim grbom kluba na prsi\u0161tu jam\u010di that mo\u017ee\u0161 zablistati.<\/p>\n<p>Savjeti za ispis: Ako ime i broj na slici to\u010dno odgovaraju va\u0161im \u017eeljama, ne morate ih ponovno unositi. Ako ne, unesite \u017eeljeno ime i broj.<\/p>\n<p>Savjeti za pranje: Preporu\u010duje se ru\u010dno pranje nogometnih dresova. Ako \u017eelite koristiti perilicu, sjetite se okrenuti dresove naopako prije pranja. Napunite perilicu hladnom vodom i koristite program za osjetljive tkanine kako biste bolje za\u0161titili boje.<\/p>","protected":false},"excerpt":{"rendered":"<p>Hier kommt das Nike Shirt in Gr\u00fcn, das dir hilft, deinen Lieblingsverein in jeder Lage zu supporten und zu zeigen, wof\u00fcr dein Herz schl\u00e4gt. Liebe deine Mannschaft \u2013 mit dem Shirt des FC Barcelona zeigst du, f\u00fcr wen dein Herz schl\u00e4gt. Es ist atmungsaktiv, leicht und schwei\u00dfableitend. Dieses Sporttop wurde geschaffen, um deine Leistung um [&hellip;]<\/p>","protected":false},"featured_media":236,"comment_status":"open","ping_status":"closed","template":"","meta":[],"product_brand":[],"product_cat":[31],"product_tag":[20,34,35,21,23,24],"class_list":{"0":"post-195","1":"product","2":"type-product","3":"status-publish","4":"has-post-thumbnail","6":"product_cat-fc-barcelona","7":"product_tag-coole-fussballtrikots","8":"product_tag-fc-barcelona-torwarttrikot","9":"product_tag-fussball-torwarttrikots","10":"product_tag-fussballtrikot-fuer-herren","11":"product_tag-fussballtrikot-kurzarm","12":"product_tag-guenstiges-fussballtrikot","14":"first","15":"instock","16":"shipping-taxable","17":"purchasable","18":"product-type-variable"},"_links":{"self":[{"href":"https:\/\/www.billigtrikotde.com\/hr\/wp-json\/wp\/v2\/product\/195","targetHints":{"allow":["GET"]}}],"collection":[{"href":"https:\/\/www.billigtrikotde.com\/hr\/wp-json\/wp\/v2\/product"}],"about":[{"href":"https:\/\/www.billigtrikotde.com\/hr\/wp-json\/wp\/v2\/types\/product"}],"replies":[{"embeddable":true,"href":"https:\/\/www.billigtrikotde.com\/hr\/wp-json\/wp\/v2\/comments?post=195"}],"wp:featuredmedia":[{"embeddable":true,"href":"https:\/\/www.billigtrikotde.com\/hr\/wp-json\/wp\/v2\/media\/236"}],"wp:attachment":[{"href":"https:\/\/www.billigtrikotde.com\/hr\/wp-json\/wp\/v2\/media?parent=195"}],"wp:term":[{"taxonomy":"product_brand","embeddable":true,"href":"https:\/\/www.billigtrikotde.com\/hr\/wp-json\/wp\/v2\/product_brand?post=195"},{"taxonomy":"product_cat","embeddable":true,"href":"https:\/\/www.billigtrikotde.com\/hr\/wp-json\/wp\/v2\/product_cat?post=195"},{"taxonomy":"product_tag","embeddable":true,"href":"https:\/\/www.billigtrikotde.com\/hr\/wp-json\/wp\/v2\/product_tag?post=195"}],"curies":[{"name":"wp","href":"https:\/\/api.w.org\/{rel}","templated":true}]}}