{"id":19442,"date":"2024-10-24T11:29:10","date_gmt":"2024-10-24T09:29:10","guid":{"rendered":"http:\/\/billigtrikots.com\/?post_type=product&#038;p=19442"},"modified":"2025-06-09T04:41:39","modified_gmt":"2025-06-09T02:41:39","slug":"kaufe-herren-arsenal-2024-25-heimtrikot-rot-und-weiss-trikotsatz-kit","status":"publish","type":"product","link":"https:\/\/www.billigtrikotde.com\/hr\/kaufe-herren-arsenal-2024-25-heimtrikot-rot-und-weiss-trikotsatz-kit\/","title":{"rendered":"Kupite mu\u0161ki Arsenal 2024-25 doma\u0107i dres crveno-bijeli dres set"},"content":{"rendered":"<p>Arsenal 2024-2025 dres kombinira klasi\u010dnu crvenu glavnu boju kluba (Better Scarlet) s bijelim logotipima i tamnopl\u0430\u0432\u0438\u043c dizajnerskim elementima. Po dizajnu, dres Arsenal 2024-25 je prili\u010dno jednostavan. Nadogra\u0111uje na novom predlo\u0161ku iz 2024-25, koji ima izra\u017eene bo\u010dne etikete, koje su u ovom slu\u010daju plave.<\/p>\n<p>Savjeti za ispis: Ako ime i broj na slici to\u010dno odgovaraju va\u0161im \u017eeljama, ne morate ih ponovno unositi. Ako ne, unesite \u017eeljeno ime i broj.<\/p>\n<p>Savjeti za pranje: Preporu\u010duje se ru\u010dno pranje nogometnih dresova. Ako \u017eelite koristiti perilicu, sjetite se okrenuti dresove naopako prije pranja. Napunite perilicu hladnom vodom i koristite program za osjetljive tkanine kako biste bolje za\u0161titili boje.<\/p>","protected":false},"excerpt":{"rendered":"<p>Das Arsenal 2024-2025 Trikot kombiniert die klassische rote Hauptfarbe des Vereins (Better Scarlet) mit wei\u00dfen Logos und dunkelblauen Designelementen. Vom Design her ist das Arsenal 2024-25 Trikot eher schlicht gehalten. Es baut auf der neuen 2024-25 Template auf, die markante Seitenetiketten hat, die in diesem Fall blau sind. Tipps zum Drucken: Wenn der Name und [&hellip;]<\/p>","protected":false},"featured_media":19483,"comment_status":"open","ping_status":"closed","template":"","meta":[],"product_brand":[],"product_cat":[55],"product_tag":[609,610,1007,21,23,24],"class_list":{"0":"post-19442","1":"product","2":"type-product","3":"status-publish","4":"has-post-thumbnail","6":"product_cat-arsenal","7":"product_tag-arsenal-fussballtrikot","8":"product_tag-arsenal-trikot","9":"product_tag-arsenal-trikot-2024","10":"product_tag-fussballtrikot-fuer-herren","11":"product_tag-fussballtrikot-kurzarm","12":"product_tag-guenstiges-fussballtrikot","14":"first","15":"instock","16":"shipping-taxable","17":"purchasable","18":"product-type-variable"},"_links":{"self":[{"href":"https:\/\/www.billigtrikotde.com\/hr\/wp-json\/wp\/v2\/product\/19442","targetHints":{"allow":["GET"]}}],"collection":[{"href":"https:\/\/www.billigtrikotde.com\/hr\/wp-json\/wp\/v2\/product"}],"about":[{"href":"https:\/\/www.billigtrikotde.com\/hr\/wp-json\/wp\/v2\/types\/product"}],"replies":[{"embeddable":true,"href":"https:\/\/www.billigtrikotde.com\/hr\/wp-json\/wp\/v2\/comments?post=19442"}],"wp:featuredmedia":[{"embeddable":true,"href":"https:\/\/www.billigtrikotde.com\/hr\/wp-json\/wp\/v2\/media\/19483"}],"wp:attachment":[{"href":"https:\/\/www.billigtrikotde.com\/hr\/wp-json\/wp\/v2\/media?parent=19442"}],"wp:term":[{"taxonomy":"product_brand","embeddable":true,"href":"https:\/\/www.billigtrikotde.com\/hr\/wp-json\/wp\/v2\/product_brand?post=19442"},{"taxonomy":"product_cat","embeddable":true,"href":"https:\/\/www.billigtrikotde.com\/hr\/wp-json\/wp\/v2\/product_cat?post=19442"},{"taxonomy":"product_tag","embeddable":true,"href":"https:\/\/www.billigtrikotde.com\/hr\/wp-json\/wp\/v2\/product_tag?post=19442"}],"curies":[{"name":"wp","href":"https:\/\/api.w.org\/{rel}","templated":true}]}}