{"id":19437,"date":"2024-10-24T11:28:38","date_gmt":"2024-10-24T09:28:38","guid":{"rendered":"http:\/\/billigtrikots.com\/?post_type=product&#038;p=19437"},"modified":"2025-04-26T09:55:28","modified_gmt":"2025-04-26T07:55:28","slug":"billige-borussia-dortmund-bvb-2024-25-heimtrikot-fussballtrikots-set","status":"publish","type":"product","link":"https:\/\/www.billigtrikotde.com\/hr\/billige-borussia-dortmund-bvb-2024-25-heimtrikot-fussballtrikots-set\/","title":{"rendered":"Jeftini Borussia Dortmund BVB 2024-25 doma\u0107i dres nogometni dres set"},"content":{"rendered":"<p>To je <strong>Triko BVB 24-25<\/strong> ima \u017euto tijelo kombinirano s kontrastnim crnim rukavima. To su klasi\u010dne boje njema\u010dke mom\u010dadi. Ono \u0161to \u010dini triko BVB 24-25 jedinstvenim je uzorak prugast na prednjem dijelu, inspiriran trikom Nike iz 1996\/97 za prvaka Lige prvaka. Stra\u017enja strana dresa ima samo na donjem dijelu pruge i uglavnom je jednobojna \u017euto.<\/p>\n<p>Savjeti za ispis: Ako ime i broj na slici to\u010dno odgovaraju va\u0161im \u017eeljama, ne morate ih ponovno unositi. Ako ne, unesite \u017eeljeno ime i broj.<\/p>\n<p>Savjeti za pranje: Preporu\u010duje se ru\u010dno pranje nogometnih dresova. Ako \u017eelite koristiti perilicu, sjetite se okrenuti dresove naopako prije pranja. Napunite perilicu hladnom vodom i koristite program za osjetljive tkanine kako biste bolje za\u0161titili boje.<\/p>","protected":false},"excerpt":{"rendered":"<p>ima \u017euto tijelo kombinirano s kontrastnim crnim rukavima. To su klasi\u010dne boje njema\u010dke mom\u010dadi. Ono \u0161to \u010dini triko BVB 24-25 jedinstvenim je uzorak prugast na prednjem dijelu, inspiriran trikom Nike iz 1996\/97 za prvaka Lige prvaka. Stra\u017enja strana dresa ima samo na donjem dijelu pruge i uglavnom je jednobojna \u017euto.<\/p>","protected":false},"featured_media":19476,"comment_status":"open","ping_status":"closed","template":"","meta":[],"product_brand":[],"product_cat":[63],"product_tag":[20,65,649,650,66,574,21,23,24],"class_list":{"0":"post-19437","1":"product","2":"type-product","3":"status-publish","4":"has-post-thumbnail","6":"product_cat-borussia-dortmund","7":"product_tag-coole-fussballtrikots","8":"product_tag-borussia-dortmund-trikots","9":"product_tag-bvb-borussia-dortmund-fussballtrikot","10":"product_tag-bvb-borussia-dortmund-trikot","11":"product_tag-bvb-trikots","12":"product_tag-fussballtrikot-deutschland","13":"product_tag-fussballtrikot-fuer-herren","14":"product_tag-fussballtrikot-kurzarm","15":"product_tag-guenstiges-fussballtrikot","17":"first","18":"instock","19":"shipping-taxable","20":"purchasable","21":"product-type-variable"},"_links":{"self":[{"href":"https:\/\/www.billigtrikotde.com\/hr\/wp-json\/wp\/v2\/product\/19437","targetHints":{"allow":["GET"]}}],"collection":[{"href":"https:\/\/www.billigtrikotde.com\/hr\/wp-json\/wp\/v2\/product"}],"about":[{"href":"https:\/\/www.billigtrikotde.com\/hr\/wp-json\/wp\/v2\/types\/product"}],"replies":[{"embeddable":true,"href":"https:\/\/www.billigtrikotde.com\/hr\/wp-json\/wp\/v2\/comments?post=19437"}],"wp:featuredmedia":[{"embeddable":true,"href":"https:\/\/www.billigtrikotde.com\/hr\/wp-json\/wp\/v2\/media\/19476"}],"wp:attachment":[{"href":"https:\/\/www.billigtrikotde.com\/hr\/wp-json\/wp\/v2\/media?parent=19437"}],"wp:term":[{"taxonomy":"product_brand","embeddable":true,"href":"https:\/\/www.billigtrikotde.com\/hr\/wp-json\/wp\/v2\/product_brand?post=19437"},{"taxonomy":"product_cat","embeddable":true,"href":"https:\/\/www.billigtrikotde.com\/hr\/wp-json\/wp\/v2\/product_cat?post=19437"},{"taxonomy":"product_tag","embeddable":true,"href":"https:\/\/www.billigtrikotde.com\/hr\/wp-json\/wp\/v2\/product_tag?post=19437"}],"curies":[{"name":"wp","href":"https:\/\/api.w.org\/{rel}","templated":true}]}}