{"id":19435,"date":"2024-10-24T11:28:37","date_gmt":"2024-10-24T09:28:37","guid":{"rendered":"http:\/\/billigtrikots.com\/?post_type=product&#038;p=19435"},"modified":"2025-10-16T16:01:44","modified_gmt":"2025-10-16T14:01:44","slug":"personalisierbar-real-madrid-2024-25-drittes-trikot-kurzarm-kurze-hosen","status":"publish","type":"product","link":"https:\/\/www.billigtrikotde.com\/hr\/personalisierbar-real-madrid-2024-25-drittes-trikot-kurzarm-kurze-hosen\/","title":{"rendered":"Personalizirani Real Madrid 2024-25 tre\u0107i dres kratkih rukava + kratke hla\u010de"},"content":{"rendered":"<p>Tre\u0107i dres Real Madrida 2024-25 ima glavnu boju antracit sive (Charcoal), koja je kombinirana s tiskanjem \u201eRMCF\u201c na cijelom dresu i pru\u017ea jedinstven izgled. Tre\u0107i nogometni dres Madrida 24-25 ima polo ovratnik i man\u017eete s svijetlo ru\u017ei\u010dastom (Putty Mauve)\/tamnosivim obrubima.<\/p>\n<p>Savjeti za ispis: Ako ime i broj na slici to\u010dno odgovaraju va\u0161im \u017eeljama, ne morate ih ponovno unositi. Ako ne, unesite \u017eeljeno ime i broj.<\/p>\n<p>Savjeti za pranje: Preporu\u010duje se ru\u010dno pranje nogometnih dresova. Ako \u017eelite koristiti perilicu, sjetite se okrenuti dresove naopako prije pranja. Napunite perilicu hladnom vodom i koristite program za osjetljive tkanine kako biste bolje za\u0161titili boje.<\/p>","protected":false},"excerpt":{"rendered":"<p>Tre\u0107i dres Real Madrida 2024-25 ima glavnu tamno sivosivu boju (Charcoal), koja je kombinirana s utisnutim \u00bbRMCF\u00ab po cijelom dresu i stvara jedinstven izgled. Tre\u0107i dres Madrida 24-25 ima polo ovratnik i man\u017eetne rukava s blijedo ru\u017ei\u010dastim (Putty Mauve)\/tamnije sivim detaljima. Upute za tiskanje: Ako se ime i broj nalaze na [\u2026]<\/p>","protected":false},"featured_media":19475,"comment_status":"open","ping_status":"closed","template":"","meta":[],"product_brand":[],"product_cat":[45],"product_tag":[574,21,228,24,1191,489,490,979],"class_list":{"0":"post-19435","1":"product","2":"type-product","3":"status-publish","4":"has-post-thumbnail","6":"product_cat-real-madrid","7":"product_tag-fussballtrikot-deutschland","8":"product_tag-fussballtrikot-fuer-herren","9":"product_tag-guenstige-fussballtrikot","10":"product_tag-guenstiges-fussballtrikot","11":"product_tag-real-madrid-club-de-futbol-2024-25-trikot","12":"product_tag-real-madrid-fussballtrikot","13":"product_tag-real-madrid-trikot","14":"product_tag-real-madrid-trikot-2024","16":"first","17":"instock","18":"shipping-taxable","19":"purchasable","20":"product-type-variable"},"_links":{"self":[{"href":"https:\/\/www.billigtrikotde.com\/hr\/wp-json\/wp\/v2\/product\/19435","targetHints":{"allow":["GET"]}}],"collection":[{"href":"https:\/\/www.billigtrikotde.com\/hr\/wp-json\/wp\/v2\/product"}],"about":[{"href":"https:\/\/www.billigtrikotde.com\/hr\/wp-json\/wp\/v2\/types\/product"}],"replies":[{"embeddable":true,"href":"https:\/\/www.billigtrikotde.com\/hr\/wp-json\/wp\/v2\/comments?post=19435"}],"wp:featuredmedia":[{"embeddable":true,"href":"https:\/\/www.billigtrikotde.com\/hr\/wp-json\/wp\/v2\/media\/19475"}],"wp:attachment":[{"href":"https:\/\/www.billigtrikotde.com\/hr\/wp-json\/wp\/v2\/media?parent=19435"}],"wp:term":[{"taxonomy":"product_brand","embeddable":true,"href":"https:\/\/www.billigtrikotde.com\/hr\/wp-json\/wp\/v2\/product_brand?post=19435"},{"taxonomy":"product_cat","embeddable":true,"href":"https:\/\/www.billigtrikotde.com\/hr\/wp-json\/wp\/v2\/product_cat?post=19435"},{"taxonomy":"product_tag","embeddable":true,"href":"https:\/\/www.billigtrikotde.com\/hr\/wp-json\/wp\/v2\/product_tag?post=19435"}],"curies":[{"name":"wp","href":"https:\/\/api.w.org\/{rel}","templated":true}]}}