{"id":19326,"date":"2024-10-24T11:22:02","date_gmt":"2024-10-24T09:22:02","guid":{"rendered":"http:\/\/billigtrikots.com\/?post_type=product&#038;p=19326"},"modified":"2025-06-16T16:03:02","modified_gmt":"2025-06-16T14:03:02","slug":"juventus-heimtrikot-2024-25-schwarz-weiss-fussballtrikots-dusan-vlahovic-9","status":"publish","type":"product","link":"https:\/\/www.billigtrikotde.com\/hr\/juventus-heimtrikot-2024-25-schwarz-weiss-fussballtrikots-dusan-vlahovic-9\/","title":{"rendered":"Doma\u0107i dres Juventusa 2024-25 crno-bijeli nogometni dresovi Dusan Vlahovic 9"},"content":{"rendered":"<p>Nova Juventusova majica za sezonu 2024-25 tradicionalno je bijela i crna s dva velika crna vertikalna pruga koja prolaze preko logotipa i grba Juventusa. Logotip i grb Juvea bijeli su na pozadini crne pruge.<\/p>\n<p>Savjeti za ispis: Ako ime i broj na slici to\u010dno odgovaraju va\u0161im \u017eeljama, ne morate ih ponovno unositi. Ako ne, unesite \u017eeljeno ime i broj.<\/p>\n<p>Savjeti za pranje: Preporu\u010duje se ru\u010dno pranje nogometnih dresova. Ako \u017eelite koristiti perilicu, sjetite se okrenuti dresove naopako prije pranja. Napunite perilicu hladnom vodom i koristite program za osjetljive tkanine kako biste bolje za\u0161titili boje.<\/p>","protected":false},"excerpt":{"rendered":"<p>Novi Juventus 2024-25 dres tradicionalno je bijeli i crni s dva velika crna vertikalna pruga koje prolaze preko loga i grba Juventusa. Logo i Juve-ov grb bijeli su na crnom pozadini pruge. Savjeti za otisak: Ako ime i broj na slici to\u010dno odgovaraju va\u0161im \u017eeljama, ne morate ih [\u2026]<\/p>","protected":false},"featured_media":19374,"comment_status":"open","ping_status":"closed","template":"","meta":[],"product_brand":[],"product_cat":[59],"product_tag":[20,1301,574,21,23,24,617,618,61],"class_list":{"0":"post-19326","1":"product","2":"type-product","3":"status-publish","4":"has-post-thumbnail","6":"product_cat-juventus","7":"product_tag-coole-fussballtrikots","8":"product_tag-dusan-vlahovic-trikots","9":"product_tag-fussballtrikot-deutschland","10":"product_tag-fussballtrikot-fuer-herren","11":"product_tag-fussballtrikot-kurzarm","12":"product_tag-guenstiges-fussballtrikot","13":"product_tag-juventus-fussballtrikot","14":"product_tag-juventus-trikot","15":"product_tag-juventus-trikots","17":"first","18":"instock","19":"shipping-taxable","20":"purchasable","21":"product-type-variable"},"_links":{"self":[{"href":"https:\/\/www.billigtrikotde.com\/hr\/wp-json\/wp\/v2\/product\/19326","targetHints":{"allow":["GET"]}}],"collection":[{"href":"https:\/\/www.billigtrikotde.com\/hr\/wp-json\/wp\/v2\/product"}],"about":[{"href":"https:\/\/www.billigtrikotde.com\/hr\/wp-json\/wp\/v2\/types\/product"}],"replies":[{"embeddable":true,"href":"https:\/\/www.billigtrikotde.com\/hr\/wp-json\/wp\/v2\/comments?post=19326"}],"wp:featuredmedia":[{"embeddable":true,"href":"https:\/\/www.billigtrikotde.com\/hr\/wp-json\/wp\/v2\/media\/19374"}],"wp:attachment":[{"href":"https:\/\/www.billigtrikotde.com\/hr\/wp-json\/wp\/v2\/media?parent=19326"}],"wp:term":[{"taxonomy":"product_brand","embeddable":true,"href":"https:\/\/www.billigtrikotde.com\/hr\/wp-json\/wp\/v2\/product_brand?post=19326"},{"taxonomy":"product_cat","embeddable":true,"href":"https:\/\/www.billigtrikotde.com\/hr\/wp-json\/wp\/v2\/product_cat?post=19326"},{"taxonomy":"product_tag","embeddable":true,"href":"https:\/\/www.billigtrikotde.com\/hr\/wp-json\/wp\/v2\/product_tag?post=19326"}],"curies":[{"name":"wp","href":"https:\/\/api.w.org\/{rel}","templated":true}]}}