{"id":19312,"date":"2024-10-24T11:21:25","date_gmt":"2024-10-24T09:21:25","guid":{"rendered":"http:\/\/billigtrikots.com\/?post_type=product&#038;p=19312"},"modified":"2024-10-24T11:24:14","modified_gmt":"2024-10-24T09:24:14","slug":"billige-fussballtrikots-herren-benfica-heimtrikot-2024-25-rot-kurzarm","status":"publish","type":"product","link":"https:\/\/www.billigtrikotde.com\/hr\/billige-fussballtrikots-herren-benfica-heimtrikot-2024-25-rot-kurzarm\/","title":{"rendered":"Jeftini mu\u0161ki nogometni dresovi Benfica doma\u0107i dres 2024-25 crveni kratkih rukava"},"content":{"rendered":"<p>Nova dres je posveta bogatoj povijesti kluba i ima klasi\u010dan V-dekolte. Dizajn je inspiriran doma\u0107im dresom sezone 1974.\/75., kada je Benfica osvojila naslov u Primeira ligi, i izaziva osje\u0107aj nostalgije. SL Benfica se pozabavio korijenima povijesti kluba i razvio dres s izrazito bijelim V-dekolteom i grafikom koja cijeli V neprestano ponavlja.<\/p>\n<p>Dres prikazuje \u017eivopisni uzorak u crvenim nijansama, na prednjoj strani ukra\u0161en ton-na-ton motivima u V obliku. Novo je logotip u\u0161iven na desnu srnu, dok je ikoni\u010dni simbol SL Benfica, ukra\u0161en s tri zvjezdice koje predstavljaju svih deset naslova prvaka koje je klub osvojio, smje\u0161ten na lijevoj strani.<\/p>\n<p>Savjeti za ispis: Ako ime i broj na slici to\u010dno odgovaraju va\u0161im \u017eeljama, ne morate ih ponovno unositi. Ako ne, unesite \u017eeljeno ime i broj.<\/p>\n<p>Savjeti za pranje: Preporu\u010duje se ru\u010dno pranje nogometnih dresova. Ako \u017eelite koristiti perilicu, sjetite se okrenuti dresove naopako prije pranja. Napunite perilicu hladnom vodom i koristite program za osjetljive tkanine kako biste bolje za\u0161titili boje.<\/p>","protected":false},"excerpt":{"rendered":"<p>Das neue Trikot ist eine Hommage an die reiche Vereinsgeschichte und hat einen klassischen V-Ausschnitt. Das Design ist vom Heimtrikot der Saison 1974\/75 inspiriert, als Benfica einen Titel in der Primeira Liga gewann, und weckt ein Gef\u00fchl von Nostalgie. SL Benfica hat sich mit den Wurzeln der Vereinsgeschichte befasst und ein Trikot mit einem markanten [&hellip;]<\/p>","protected":false},"featured_media":19355,"comment_status":"open","ping_status":"closed","template":"","meta":[],"product_brand":[],"product_cat":[188],"product_tag":[729,730,190,20,574,21,22,23,24,191],"class_list":{"0":"post-19312","1":"product","2":"type-product","3":"status-publish","4":"has-post-thumbnail","6":"product_cat-sl-benfica","7":"product_tag-benfica-fussballtrikot","8":"product_tag-benfica-trikot","9":"product_tag-benfica-trikots","10":"product_tag-coole-fussballtrikots","11":"product_tag-fussballtrikot-deutschland","12":"product_tag-fussballtrikot-fuer-herren","13":"product_tag-fussballtrikot-guenstig-kaufen","14":"product_tag-fussballtrikot-kurzarm","15":"product_tag-guenstiges-fussballtrikot","16":"product_tag-heimtrikot-benfica","18":"first","19":"instock","20":"shipping-taxable","21":"purchasable","22":"product-type-variable"},"_links":{"self":[{"href":"https:\/\/www.billigtrikotde.com\/hr\/wp-json\/wp\/v2\/product\/19312","targetHints":{"allow":["GET"]}}],"collection":[{"href":"https:\/\/www.billigtrikotde.com\/hr\/wp-json\/wp\/v2\/product"}],"about":[{"href":"https:\/\/www.billigtrikotde.com\/hr\/wp-json\/wp\/v2\/types\/product"}],"replies":[{"embeddable":true,"href":"https:\/\/www.billigtrikotde.com\/hr\/wp-json\/wp\/v2\/comments?post=19312"}],"wp:featuredmedia":[{"embeddable":true,"href":"https:\/\/www.billigtrikotde.com\/hr\/wp-json\/wp\/v2\/media\/19355"}],"wp:attachment":[{"href":"https:\/\/www.billigtrikotde.com\/hr\/wp-json\/wp\/v2\/media?parent=19312"}],"wp:term":[{"taxonomy":"product_brand","embeddable":true,"href":"https:\/\/www.billigtrikotde.com\/hr\/wp-json\/wp\/v2\/product_brand?post=19312"},{"taxonomy":"product_cat","embeddable":true,"href":"https:\/\/www.billigtrikotde.com\/hr\/wp-json\/wp\/v2\/product_cat?post=19312"},{"taxonomy":"product_tag","embeddable":true,"href":"https:\/\/www.billigtrikotde.com\/hr\/wp-json\/wp\/v2\/product_tag?post=19312"}],"curies":[{"name":"wp","href":"https:\/\/api.w.org\/{rel}","templated":true}]}}