{"id":19301,"date":"2024-10-24T11:20:45","date_gmt":"2024-10-24T09:20:45","guid":{"rendered":"http:\/\/billigtrikots.com\/?post_type=product&#038;p=19301"},"modified":"2025-03-13T00:48:54","modified_gmt":"2025-03-12T23:48:54","slug":"kaufen-inter-miami-mls-2024-25-drittes-trikot-kurzarm-lionel-messi-10","status":"publish","type":"product","link":"https:\/\/www.billigtrikotde.com\/hr\/kaufen-inter-miami-mls-2024-25-drittes-trikot-kurzarm-lionel-messi-10\/","title":{"rendered":"Kupi Inter Miami MLS 2024-25 tre\u0107i dres kratkih rukava Lionel Messi 10"},"content":{"rendered":"<p>Nova tre\u0107a dres Inter Miamija 2024. boje su vodeno plava s naran\u010dastim i bijelim naglascima. Logo i grb Inter Miamija su bijeli. Man\u0161ete i ovratnik sa strane dresa su bijeli i naran\u010dasti. Istaknuti dio tre\u0107eg dresa Inter Miamija 2024. je to \u0161to rije\u010d Miami na prsi\u0161tu umjesto sponzorskog logotipa Royal Caribbeana iza\u0161ao.<\/p>\n<p>Savjeti za ispis: Ako ime i broj na slici to\u010dno odgovaraju va\u0161im \u017eeljama, ne morate ih ponovno unositi. Ako ne, unesite \u017eeljeno ime i broj.<\/p>\n<p>Savjeti za pranje: Preporu\u010duje se ru\u010dno pranje nogometnih dresova. Ako \u017eelite koristiti perilicu, sjetite se okrenuti dresove naopako prije pranja. Napunite perilicu hladnom vodom i koristite program za osjetljive tkanine kako biste bolje za\u0161titili boje.<\/p>","protected":false},"excerpt":{"rendered":"<p>Das neue dritte Trikot von Inter Miami 2024 ist aquat\u00fcrkis mit orangefarbenen und wei\u00dfen Akzenten. Das Logo und das Inter Miami-Wappen sind wei\u00df. Die Manschetten und der Kragen an der Seite des Trikots sind wei\u00df und orange. Das Highlight des dritten Trikots von Inter Miami 2024 ist, dass das Wort Miami in einer \u201eMiami Vice\u201c-Schriftart [&hellip;]<\/p>","protected":false},"featured_media":19344,"comment_status":"open","ping_status":"closed","template":"","meta":[],"product_brand":[],"product_cat":[557],"product_tag":[20,21,22,24,633,1299],"class_list":{"0":"post-19301","1":"product","2":"type-product","3":"status-publish","4":"has-post-thumbnail","6":"product_cat-inter-miami","7":"product_tag-coole-fussballtrikots","8":"product_tag-fussballtrikot-fuer-herren","9":"product_tag-fussballtrikot-guenstig-kaufen","10":"product_tag-guenstiges-fussballtrikot","11":"product_tag-inter-miami-fussballtrikot","12":"product_tag-lionel-messi-trikots","14":"first","15":"instock","16":"shipping-taxable","17":"purchasable","18":"product-type-variable"},"_links":{"self":[{"href":"https:\/\/www.billigtrikotde.com\/hr\/wp-json\/wp\/v2\/product\/19301","targetHints":{"allow":["GET"]}}],"collection":[{"href":"https:\/\/www.billigtrikotde.com\/hr\/wp-json\/wp\/v2\/product"}],"about":[{"href":"https:\/\/www.billigtrikotde.com\/hr\/wp-json\/wp\/v2\/types\/product"}],"replies":[{"embeddable":true,"href":"https:\/\/www.billigtrikotde.com\/hr\/wp-json\/wp\/v2\/comments?post=19301"}],"wp:featuredmedia":[{"embeddable":true,"href":"https:\/\/www.billigtrikotde.com\/hr\/wp-json\/wp\/v2\/media\/19344"}],"wp:attachment":[{"href":"https:\/\/www.billigtrikotde.com\/hr\/wp-json\/wp\/v2\/media?parent=19301"}],"wp:term":[{"taxonomy":"product_brand","embeddable":true,"href":"https:\/\/www.billigtrikotde.com\/hr\/wp-json\/wp\/v2\/product_brand?post=19301"},{"taxonomy":"product_cat","embeddable":true,"href":"https:\/\/www.billigtrikotde.com\/hr\/wp-json\/wp\/v2\/product_cat?post=19301"},{"taxonomy":"product_tag","embeddable":true,"href":"https:\/\/www.billigtrikotde.com\/hr\/wp-json\/wp\/v2\/product_tag?post=19301"}],"curies":[{"name":"wp","href":"https:\/\/api.w.org\/{rel}","templated":true}]}}